{"id":351,"date":"2025-07-25T15:31:00","date_gmt":"2025-07-25T13:31:00","guid":{"rendered":"https:\/\/lescigognesaugolf.fr\/?post_type=product&#038;p=351"},"modified":"2025-07-26T16:01:37","modified_gmt":"2025-07-26T14:01:37","slug":"adhesion-2026","status":"publish","type":"product","link":"https:\/\/lescigognesaugolf.fr\/?product=adhesion-2026","title":{"rendered":"Adh\u00e9sion 2026"},"content":{"rendered":"<p>Rejoignez l&rsquo;Aventure \u00ab\u00a0Les Cigognes au Golf\u00a0\u00bb !<\/p>\n<p>Pr\u00eat \u00e0 swinguer pour une bonne cause et partager des moments inoubliables ? L&rsquo;<b>adh\u00e9sion 2026<\/b> aux \u00ab\u00a0Cigognes au Golf\u00a0\u00bb est votre passeport pour une ann\u00e9e riche en passion, en solidarit\u00e9 et en convivialit\u00e9 !<\/p>\n<p>En devenant membre, vous apportez un <b>soutien essentiel \u00e0 notre association<\/b>. Votre adh\u00e9sion nous permet de concr\u00e9tiser nos projets, d&rsquo;organiser nos \u00e9v\u00e9nements caritatifs et de soutenir des initiatives cruciales, notamment dans la lutte contre les AVC.<\/p>\n<p>Mais ce n&rsquo;est pas tout ! Votre adh\u00e9sion vous ouvre les portes de notre communaut\u00e9 et vous donne un acc\u00e8s privil\u00e9gi\u00e9 \u00e0 :<\/p>\n<ul>\n<li><b>Toutes nos sorties et voyages golfiques<\/b> : Explorez de nouveaux parcours, en Gironde ou plus loin, et partagez des moments uniques avec d&rsquo;autres passionn\u00e9s.<\/li>\n<li><b>Nos comp\u00e9titions caritatives<\/b> : Participez \u00e0 des tournois amicaux sur des golfs prestigieux et contribuez directement \u00e0 notre cause.<\/li>\n<li><b>Des avantages exclusifs chez nos partenaires<\/b> : Profitez de remises et d&rsquo;offres sp\u00e9ciales.<\/li>\n<\/ul>\n<p>Rejoignez-nous et faites partie d&rsquo;une association o\u00f9 la passion du golf rime avec l&rsquo;engagement et le partage. Ensemble, faisons de 2026 une ann\u00e9e exceptionnelle !<\/p>\n","protected":false},"excerpt":{"rendered":"<p>Rejoignez l&rsquo;Aventure \u00ab\u00a0Les Cigognes au Golf\u00a0\u00bb ! Pr\u00eat \u00e0 swinguer pour une bonne cause et partager des moments inoubliables ? L&rsquo;adh\u00e9sion 2026 aux \u00ab\u00a0Cigognes au Golf\u00a0\u00bb est votre passeport pour une ann\u00e9e riche en passion, en solidarit\u00e9 et en convivialit\u00e9 ! En devenant membre, vous apportez un soutien essentiel \u00e0 notre association. Votre adh\u00e9sion nous [&hellip;]<\/p>\n","protected":false},"featured_media":96,"comment_status":"open","ping_status":"closed","template":"","meta":{"_et_pb_use_builder":"","_et_pb_old_content":"","_et_gb_content_width":""},"product_brand":[],"product_cat":[44],"product_tag":[],"class_list":{"0":"post-351","1":"product","2":"type-product","3":"status-publish","4":"has-post-thumbnail","6":"product_cat-soutenir","8":"first","9":"instock","10":"featured","11":"shipping-taxable","12":"purchasable","13":"product-type-simple"},"_links":{"self":[{"href":"https:\/\/lescigognesaugolf.fr\/index.php?rest_route=\/wp\/v2\/product\/351","targetHints":{"allow":["GET"]}}],"collection":[{"href":"https:\/\/lescigognesaugolf.fr\/index.php?rest_route=\/wp\/v2\/product"}],"about":[{"href":"https:\/\/lescigognesaugolf.fr\/index.php?rest_route=\/wp\/v2\/types\/product"}],"replies":[{"embeddable":true,"href":"https:\/\/lescigognesaugolf.fr\/index.php?rest_route=%2Fwp%2Fv2%2Fcomments&post=351"}],"wp:featuredmedia":[{"embeddable":true,"href":"https:\/\/lescigognesaugolf.fr\/index.php?rest_route=\/wp\/v2\/media\/96"}],"wp:attachment":[{"href":"https:\/\/lescigognesaugolf.fr\/index.php?rest_route=%2Fwp%2Fv2%2Fmedia&parent=351"}],"wp:term":[{"taxonomy":"product_brand","embeddable":true,"href":"https:\/\/lescigognesaugolf.fr\/index.php?rest_route=%2Fwp%2Fv2%2Fproduct_brand&post=351"},{"taxonomy":"product_cat","embeddable":true,"href":"https:\/\/lescigognesaugolf.fr\/index.php?rest_route=%2Fwp%2Fv2%2Fproduct_cat&post=351"},{"taxonomy":"product_tag","embeddable":true,"href":"https:\/\/lescigognesaugolf.fr\/index.php?rest_route=%2Fwp%2Fv2%2Fproduct_tag&post=351"}],"curies":[{"name":"wp","href":"https:\/\/api.w.org\/{rel}","templated":true}]}}