{"id":927,"date":"2025-08-25T20:22:17","date_gmt":"2025-08-25T18:22:17","guid":{"rendered":"https:\/\/lescigognesaugolf.fr\/?page_id=927"},"modified":"2025-08-25T22:00:02","modified_gmt":"2025-08-25T20:00:02","slug":"la-croizille","status":"publish","type":"page","link":"https:\/\/lescigognesaugolf.fr\/?page_id=927","title":{"rendered":"La Croizille"},"content":{"rendered":"<p>[et_pb_section fb_built=\u00a0\u00bb1&Prime; _builder_version=\u00a0\u00bb4.27.4&Prime; _module_preset=\u00a0\u00bbdefault\u00a0\u00bb custom_padding=\u00a0\u00bb12px|||||\u00a0\u00bb global_colors_info=\u00a0\u00bb{}\u00a0\u00bb][et_pb_row column_structure=\u00a0\u00bb1_4,3_4&Prime; _builder_version=\u00a0\u00bb4.27.4&Prime; _module_preset=\u00a0\u00bbdefault\u00a0\u00bb global_colors_info=\u00a0\u00bb{}\u00a0\u00bb][et_pb_column type=\u00a0\u00bb1_4&Prime; _builder_version=\u00a0\u00bb4.27.4&Prime; _module_preset=\u00a0\u00bbdefault\u00a0\u00bb global_colors_info=\u00a0\u00bb{}\u00a0\u00bb][et_pb_image src=\u00a0\u00bbhttps:\/\/lescigognesaugolf.fr\/wp-content\/uploads\/2025\/08\/zXNr238_400x400.jpg\u00a0\u00bb title_text=\u00a0\u00bb_zXNr238_400x400&Prime; align=\u00a0\u00bbcenter\u00a0\u00bb _builder_version=\u00a0\u00bb4.27.4&Prime; _module_preset=\u00a0\u00bbdefault\u00a0\u00bb width=\u00a0\u00bb100%\u00a0\u00bb custom_padding=\u00a0\u00bb0px||0px|||\u00a0\u00bb global_colors_info=\u00a0\u00bb{}\u00a0\u00bb][\/et_pb_image][\/et_pb_column][et_pb_column type=\u00a0\u00bb3_4&Prime; _builder_version=\u00a0\u00bb4.27.4&Prime; _module_preset=\u00a0\u00bbdefault\u00a0\u00bb global_colors_info=\u00a0\u00bb{}\u00a0\u00bb][et_pb_text _builder_version=\u00a0\u00bb4.27.4&Prime; _module_preset=\u00a0\u00bbdefault\u00a0\u00bb global_colors_info=\u00a0\u00bb{}\u00a0\u00bb custom_padding=\u00a0\u00bb39px|||||\u00a0\u00bb]<\/p>\n<h1 style=\"text-align: center;\">Ch\u00e2teau La Croizille<\/h1>\n<h3 style=\"text-align: center;\"><span style=\"color: #568400;\"><span style=\"color: #ed6600;\">Saint Emilion Grand Cru Class\u00e9<\/span><\/span><\/h3>\n<p>[\/et_pb_text][\/et_pb_column][\/et_pb_row][\/et_pb_section][et_pb_section fb_built=\u00a0\u00bb1&Prime; _builder_version=\u00a0\u00bb4.27.4&Prime; _module_preset=\u00a0\u00bbdefault\u00a0\u00bb background_color=\u00a0\u00bb#ed6600&Prime; global_colors_info=\u00a0\u00bb{}\u00a0\u00bb][et_pb_row column_structure=\u00a0\u00bb1_3,2_3&Prime; _builder_version=\u00a0\u00bb4.27.4&Prime; _module_preset=\u00a0\u00bbdefault\u00a0\u00bb global_colors_info=\u00a0\u00bb{}\u00a0\u00bb][et_pb_column type=\u00a0\u00bb1_3&Prime; _builder_version=\u00a0\u00bb4.27.4&Prime; _module_preset=\u00a0\u00bbdefault\u00a0\u00bb global_colors_info=\u00a0\u00bb{}\u00a0\u00bb][et_pb_image src=\u00a0\u00bbhttps:\/\/lescigognesaugolf.fr\/wp-content\/uploads\/2025\/08\/1560786360_28857577526.jpg\u00a0\u00bb title_text=\u00a0\u00bb1560786360_28857577526&Prime; _builder_version=\u00a0\u00bb4.27.4&Prime; _module_preset=\u00a0\u00bbdefault\u00a0\u00bb custom_padding=\u00a0\u00bb0px|||||\u00a0\u00bb border_radii=\u00a0\u00bbon|30px|30px|30px|30px\u00a0\u00bb global_colors_info=\u00a0\u00bb{}\u00a0\u00bb][\/et_pb_image][\/et_pb_column][et_pb_column type=\u00a0\u00bb2_3&Prime; _builder_version=\u00a0\u00bb4.27.4&Prime; _module_preset=\u00a0\u00bbdefault\u00a0\u00bb global_colors_info=\u00a0\u00bb{}\u00a0\u00bb][et_pb_text _builder_version=\u00a0\u00bb4.27.4&Prime; _module_preset=\u00a0\u00bbdefault\u00a0\u00bb background_color=\u00a0\u00bbrgba(255,255,255,0.77)\u00a0\u00bb custom_margin=\u00a0\u00bb17px|||||\u00a0\u00bb custom_padding=\u00a0\u00bb20px|20px|20px|20px|false|true\u00a0\u00bb border_radii=\u00a0\u00bbon|30px|30px|30px|30px\u00a0\u00bb global_colors_info=\u00a0\u00bb{}\u00a0\u00bb]<\/p>\n<h4>Ch\u00e2teau La Croizille, un Partenaire de Prestige<\/h4>\n<p style=\"text-align: justify;\">Nous sommes ravis de vous pr\u00e9senter notre partenaire, le <b>Ch\u00e2teau La Croizille<\/b>, un domaine viticole d&rsquo;exception situ\u00e9 \u00e0 <b>Saint-Laurent-des-Combes<\/b>, au c\u0153ur de la prestigieuse appellation Saint-\u00c9milion. Repr\u00e9sentant l&rsquo;alliance parfaite entre tradition et modernit\u00e9, ce ch\u00e2teau se distingue par son chai spectaculaire \u00e0 l&rsquo;architecture contemporaine.<\/p>\n<p>[\/et_pb_text][\/et_pb_column][\/et_pb_row][\/et_pb_section][et_pb_section fb_built=\u00a0\u00bb1&Prime; _builder_version=\u00a0\u00bb4.27.4&Prime; _module_preset=\u00a0\u00bbdefault\u00a0\u00bb background_color=\u00a0\u00bbRGBA(255,255,255,0)\u00a0\u00bb global_colors_info=\u00a0\u00bb{}\u00a0\u00bb][et_pb_row column_structure=\u00a0\u00bb1_4,1_2,1_4&Prime; _builder_version=\u00a0\u00bb4.27.4&Prime; _module_preset=\u00a0\u00bbdefault\u00a0\u00bb global_colors_info=\u00a0\u00bb{}\u00a0\u00bb][et_pb_column type=\u00a0\u00bb1_4&Prime; _builder_version=\u00a0\u00bb4.27.4&Prime; _module_preset=\u00a0\u00bbdefault\u00a0\u00bb global_colors_info=\u00a0\u00bb{}\u00a0\u00bb][et_pb_image src=\u00a0\u00bbhttps:\/\/lescigognesaugolf.fr\/wp-content\/uploads\/2025\/08\/La-croizille-2022-degustation.webp\u00a0\u00bb title_text=\u00a0\u00bbLa-croizille-2022-degustation\u00a0\u00bb _builder_version=\u00a0\u00bb4.27.4&Prime; _module_preset=\u00a0\u00bbdefault\u00a0\u00bb custom_padding=\u00a0\u00bb0px|||||\u00a0\u00bb border_radii=\u00a0\u00bbon|30px|30px|30px|30px\u00a0\u00bb global_colors_info=\u00a0\u00bb{}\u00a0\u00bb][\/et_pb_image][\/et_pb_column][et_pb_column type=\u00a0\u00bb1_2&Prime; _builder_version=\u00a0\u00bb4.27.4&Prime; _module_preset=\u00a0\u00bbdefault\u00a0\u00bb global_colors_info=\u00a0\u00bb{}\u00a0\u00bb][et_pb_text _builder_version=\u00a0\u00bb4.27.4&Prime; _module_preset=\u00a0\u00bbdefault\u00a0\u00bb min_height=\u00a0\u00bb308.4px\u00a0\u00bb custom_margin=\u00a0\u00bb-42px|||||\u00a0\u00bb global_colors_info=\u00a0\u00bb{}\u00a0\u00bb]<\/p>\n<h4>Excellence et \u0152notourisme<\/h4>\n<p style=\"text-align: justify;\">Le <b>Ch\u00e2teau La Croizille<\/b> se d\u00e9marque non seulement par la qualit\u00e9 de ses vins, mais aussi par une exp\u00e9rience d&rsquo;accueil hors du commun. Le domaine propose un grand nombre de services pour tous les amateurs de vin. Vous pouvez y d\u00e9couvrir un <b>chai ultramoderne<\/b> en contraste avec le chai plus traditionnel de leur propri\u00e9t\u00e9 voisine, le Ch\u00e2teau Tour Baladoz. Au-del\u00e0 de la <b>vente directe<\/b>, le ch\u00e2teau offre la possibilit\u00e9 de participer \u00e0 des <b>visites guid\u00e9es<\/b> de leurs installations et du vignoble, suivies de <b>d\u00e9gustations<\/b> qui mettent en lumi\u00e8re la richesse de leur savoir-faire.<\/p>\n<p>[\/et_pb_text][\/et_pb_column][et_pb_column type=\u00a0\u00bb1_4&Prime; _builder_version=\u00a0\u00bb4.27.4&Prime; _module_preset=\u00a0\u00bbdefault\u00a0\u00bb global_colors_info=\u00a0\u00bb{}\u00a0\u00bb][et_pb_image src=\u00a0\u00bbhttps:\/\/lescigognesaugolf.fr\/wp-content\/uploads\/2025\/08\/savoir-faire.jpg\u00a0\u00bb title_text=\u00a0\u00bbsavoir-faire\u00a0\u00bb _builder_version=\u00a0\u00bb4.27.4&Prime; _module_preset=\u00a0\u00bbdefault\u00a0\u00bb custom_padding=\u00a0\u00bb0px|||||\u00a0\u00bb border_radii=\u00a0\u00bbon|30px|30px|30px|30px\u00a0\u00bb global_colors_info=\u00a0\u00bb{}\u00a0\u00bb][\/et_pb_image][\/et_pb_column][\/et_pb_row][\/et_pb_section][et_pb_section fb_built=\u00a0\u00bb1&Prime; _builder_version=\u00a0\u00bb4.27.4&Prime; _module_preset=\u00a0\u00bbdefault\u00a0\u00bb background_color=\u00a0\u00bb#ed6600&Prime; global_colors_info=\u00a0\u00bb{}\u00a0\u00bb][et_pb_row column_structure=\u00a0\u00bb1_3,2_3&Prime; _builder_version=\u00a0\u00bb4.27.4&Prime; _module_preset=\u00a0\u00bbdefault\u00a0\u00bb global_colors_info=\u00a0\u00bb{}\u00a0\u00bb][et_pb_column type=\u00a0\u00bb1_3&Prime; _builder_version=\u00a0\u00bb4.27.4&Prime; _module_preset=\u00a0\u00bbdefault\u00a0\u00bb global_colors_info=\u00a0\u00bb{}\u00a0\u00bb][et_pb_image src=\u00a0\u00bbhttps:\/\/lescigognesaugolf.fr\/wp-content\/uploads\/2025\/08\/levinlacroizille.jpg\u00a0\u00bb title_text=\u00a0\u00bblevinlacroizille\u00a0\u00bb _builder_version=\u00a0\u00bb4.27.4&Prime; _module_preset=\u00a0\u00bbdefault\u00a0\u00bb custom_padding=\u00a0\u00bb0px|||||\u00a0\u00bb border_radii=\u00a0\u00bbon|30px|30px|30px|30px\u00a0\u00bb global_colors_info=\u00a0\u00bb{}\u00a0\u00bb][\/et_pb_image][\/et_pb_column][et_pb_column type=\u00a0\u00bb2_3&Prime; _builder_version=\u00a0\u00bb4.27.4&Prime; _module_preset=\u00a0\u00bbdefault\u00a0\u00bb global_colors_info=\u00a0\u00bb{}\u00a0\u00bb][et_pb_text _builder_version=\u00a0\u00bb4.27.4&Prime; _module_preset=\u00a0\u00bbdefault\u00a0\u00bb background_color=\u00a0\u00bbrgba(255,255,255,0.77)\u00a0\u00bb custom_margin=\u00a0\u00bb17px|||||\u00a0\u00bb custom_padding=\u00a0\u00bb20px|20px|20px|20px|false|true\u00a0\u00bb border_radii=\u00a0\u00bbon|30px|30px|30px|30px\u00a0\u00bb global_colors_info=\u00a0\u00bb{}\u00a0\u00bb]<\/p>\n<h4>Une G\u00e9n\u00e9reuse Dotation pour Nos Comp\u00e9titions<\/h4>\n<p>L&rsquo;implication de notre partenaire est pr\u00e9cieuse pour notre association. Le <b>Ch\u00e2teau La Croizille<\/b> contribue g\u00e9n\u00e9reusement \u00e0 nos \u00e9v\u00e9nements en proposant de <b>nombreuses bouteilles<\/b> de leur propri\u00e9t\u00e9 en dotation lors de nos <b>comp\u00e9titions caritatives<\/b>. Ces lots d&rsquo;exception sont des r\u00e9compenses de choix pour nos participants.<\/p>\n<p>[\/et_pb_text][\/et_pb_column][\/et_pb_row][\/et_pb_section][et_pb_section fb_built=\u00a0\u00bb1&Prime; _builder_version=\u00a0\u00bb4.27.4&Prime; _module_preset=\u00a0\u00bbdefault\u00a0\u00bb background_color=\u00a0\u00bbRGBA(255,255,255,0)\u00a0\u00bb global_colors_info=\u00a0\u00bb{}\u00a0\u00bb][et_pb_row column_structure=\u00a0\u00bb1_3,2_3&Prime; _builder_version=\u00a0\u00bb4.27.4&Prime; _module_preset=\u00a0\u00bbdefault\u00a0\u00bb global_colors_info=\u00a0\u00bb{}\u00a0\u00bb][et_pb_column type=\u00a0\u00bb1_3&Prime; _builder_version=\u00a0\u00bb4.27.4&Prime; _module_preset=\u00a0\u00bbdefault\u00a0\u00bb global_colors_info=\u00a0\u00bb{}\u00a0\u00bb][et_pb_image src=\u00a0\u00bbhttps:\/\/lescigognesaugolf.fr\/wp-content\/uploads\/2025\/08\/Boutique-La-Croizille.jpg\u00a0\u00bb title_text=\u00a0\u00bbBoutique-La-Croizille\u00a0\u00bb _builder_version=\u00a0\u00bb4.27.4&Prime; _module_preset=\u00a0\u00bbdefault\u00a0\u00bb custom_padding=\u00a0\u00bb0px|||||\u00a0\u00bb border_radii=\u00a0\u00bbon|30px|30px|30px|30px\u00a0\u00bb global_colors_info=\u00a0\u00bb{}\u00a0\u00bb][\/et_pb_image][\/et_pb_column][et_pb_column type=\u00a0\u00bb2_3&Prime; _builder_version=\u00a0\u00bb4.27.4&Prime; _module_preset=\u00a0\u00bbdefault\u00a0\u00bb global_colors_info=\u00a0\u00bb{}\u00a0\u00bb][et_pb_text _builder_version=\u00a0\u00bb4.27.4&Prime; _module_preset=\u00a0\u00bbdefault\u00a0\u00bb background_color=\u00a0\u00bbrgba(255,255,255,0.77)\u00a0\u00bb custom_margin=\u00a0\u00bb17px|||||\u00a0\u00bb custom_padding=\u00a0\u00bb20px|20px|20px|20px|false|true\u00a0\u00bb border_radii=\u00a0\u00bbon|30px|30px|30px|30px\u00a0\u00bb global_colors_info=\u00a0\u00bb{}\u00a0\u00bb]<\/p>\n<h4>Des Avantages Exclusifs pour les Joueurs<\/h4>\n<p>Lors de nos comp\u00e9titions, un <b>flyer<\/b> vous sera distribu\u00e9 au d\u00e9part. Ce bon vous permettra de vous inscrire gratuitement \u00e0 une <b>tombola<\/b> pour tenter de gagner de superbes bouteilles de la propri\u00e9t\u00e9. Mieux encore, en le conservant, ce flyer vous donnera droit \u00e0 une <b>remise de 10 %<\/b> dans la boutique du domaine !<\/p>\n<p>[\/et_pb_text][\/et_pb_column][\/et_pb_row][et_pb_row _builder_version=\u00a0\u00bb4.27.4&Prime; _module_preset=\u00a0\u00bbdefault\u00a0\u00bb global_colors_info=\u00a0\u00bb{}\u00a0\u00bb][et_pb_column type=\u00a0\u00bb4_4&Prime; _builder_version=\u00a0\u00bb4.27.4&Prime; _module_preset=\u00a0\u00bbdefault\u00a0\u00bb global_colors_info=\u00a0\u00bb{}\u00a0\u00bb][et_pb_button button_url=\u00a0\u00bbhttps:\/\/www.chateaulacroizille.com\/\u00a0\u00bb url_new_window=\u00a0\u00bbon\u00a0\u00bb button_text=\u00a0\u00bbD\u00e9couvrez leur domaine et leurs vins sur le site du Ch\u00e2teau La Croizille.\u00a0\u00bb button_alignment=\u00a0\u00bbcenter\u00a0\u00bb _builder_version=\u00a0\u00bb4.27.4&Prime; _module_preset=\u00a0\u00bbdefault\u00a0\u00bb global_colors_info=\u00a0\u00bb{}\u00a0\u00bb][\/et_pb_button][\/et_pb_column][\/et_pb_row][\/et_pb_section]<\/p>\n","protected":false},"excerpt":{"rendered":"<p>Ch\u00e2teau La Croizille Saint Emilion Grand Cru Class\u00e9Ch\u00e2teau La Croizille, un Partenaire de Prestige Nous sommes ravis de vous pr\u00e9senter notre partenaire, le Ch\u00e2teau La Croizille, un domaine viticole d&rsquo;exception situ\u00e9 \u00e0 Saint-Laurent-des-Combes, au c\u0153ur de la prestigieuse appellation Saint-\u00c9milion. Repr\u00e9sentant l&rsquo;alliance parfaite entre tradition et modernit\u00e9, ce ch\u00e2teau se distingue par son chai spectaculaire [&hellip;]<\/p>\n","protected":false},"author":2,"featured_media":0,"parent":0,"menu_order":0,"comment_status":"closed","ping_status":"closed","template":"","meta":{"_et_pb_use_builder":"on","_et_pb_old_content":"","_et_gb_content_width":"","footnotes":""},"class_list":["post-927","page","type-page","status-publish","hentry"],"_links":{"self":[{"href":"https:\/\/lescigognesaugolf.fr\/index.php?rest_route=\/wp\/v2\/pages\/927","targetHints":{"allow":["GET"]}}],"collection":[{"href":"https:\/\/lescigognesaugolf.fr\/index.php?rest_route=\/wp\/v2\/pages"}],"about":[{"href":"https:\/\/lescigognesaugolf.fr\/index.php?rest_route=\/wp\/v2\/types\/page"}],"author":[{"embeddable":true,"href":"https:\/\/lescigognesaugolf.fr\/index.php?rest_route=\/wp\/v2\/users\/2"}],"replies":[{"embeddable":true,"href":"https:\/\/lescigognesaugolf.fr\/index.php?rest_route=%2Fwp%2Fv2%2Fcomments&post=927"}],"version-history":[{"count":5,"href":"https:\/\/lescigognesaugolf.fr\/index.php?rest_route=\/wp\/v2\/pages\/927\/revisions"}],"predecessor-version":[{"id":956,"href":"https:\/\/lescigognesaugolf.fr\/index.php?rest_route=\/wp\/v2\/pages\/927\/revisions\/956"}],"wp:attachment":[{"href":"https:\/\/lescigognesaugolf.fr\/index.php?rest_route=%2Fwp%2Fv2%2Fmedia&parent=927"}],"curies":[{"name":"wp","href":"https:\/\/api.w.org\/{rel}","templated":true}]}}