{"id":554,"date":"2025-07-27T18:32:35","date_gmt":"2025-07-27T16:32:35","guid":{"rendered":"http:\/\/lescigognesaugolf.fr\/?page_id=554"},"modified":"2025-07-27T18:33:23","modified_gmt":"2025-07-27T16:33:23","slug":"554-2","status":"publish","type":"page","link":"https:\/\/lescigognesaugolf.fr\/?page_id=554","title":{"rendered":"Politique de confidentialit\u00e9"},"content":{"rendered":"\n[et_pb_section fb_built=\u00a0\u00bb1&Prime; _builder_version=\u00a0\u00bb4.27.4&Prime; _module_preset=\u00a0\u00bbdefault\u00a0\u00bb global_colors_info=\u00a0\u00bb{}\u00a0\u00bb][et_pb_row _builder_version=\u00a0\u00bb4.27.4&Prime; _module_preset=\u00a0\u00bbdefault\u00a0\u00bb global_colors_info=\u00a0\u00bb{}\u00a0\u00bb][et_pb_column type=\u00a0\u00bb4_4&Prime; _builder_version=\u00a0\u00bb4.27.4&Prime; _module_preset=\u00a0\u00bbdefault\u00a0\u00bb global_colors_info=\u00a0\u00bb{}\u00a0\u00bb][et_pb_text _builder_version=\u00a0\u00bb4.27.4&Prime; _module_preset=\u00a0\u00bbdefault\u00a0\u00bb global_colors_info=\u00a0\u00bb{}\u00a0\u00bb]<h2>Politique de Confidentialit\u00e9 \/ Politique de Protection des Donn\u00e9es Personnelles (RGPD)<\/h2>\n<p>&nbsp;<\/p>\n<p>L&rsquo;association \u00ab\u00a0Les Cigognes au Golf\u00a0\u00bb (ci-apr\u00e8s \u00ab\u00a0l&rsquo;Association\u00a0\u00bb), dont le si\u00e8ge social est situ\u00e9 au 2 avenue de la Vigne, 33370 Artigues-pr\u00e8s-Bordeaux, attache une grande importance \u00e0 la protection de votre vie priv\u00e9e et de vos donn\u00e9es personnelles. La pr\u00e9sente Politique de Confidentialit\u00e9 a pour objectif de vous <span class=\"citation-315 citation-end-315\">informer de mani\u00e8re claire et transparente sur la mani\u00e8re dont nous collectons, utilisons, stockons et prot\u00e9geons vos donn\u00e9es personnelles, conform\u00e9ment au R\u00e8glement G\u00e9n\u00e9ral sur la Protection des Donn<source-footnote ng-version=\"0.0.0-PLACEHOLDER\" _nghost-ng-c321789109=\"\"><sup _ngcontent-ng-c321789109=\"\" class=\"superscript\" data-turn-source-index=\"1\"><\/sup><\/source-footnote><\/span>\u00e9es (RGPD) et \u00e0 la loi Informatique et Libert\u00e9s.<sources-carousel-inline ng-version=\"0.0.0-PLACEHOLDER\" _nghost-ng-c2469526208=\"\"><source-inline-chips _ngcontent-ng-c2469526208=\"\" _nghost-ng-c786323692=\"\" class=\"ng-star-inserted\"><source-inline-chip _ngcontent-ng-c786323692=\"\" _nghost-ng-c186228287=\"\" class=\"ng-star-inserted\"><\/source-inline-chip><\/source-inline-chips><\/sources-carousel-inline><\/p>\n<div _ngcontent-ng-c186228287=\"\" class=\"source-inline-chip-container ng-star-inserted\"><\/div>\n<p>&nbsp;<\/p>\n<h4>1. Responsable du traitement des donn\u00e9es<\/h4>\n<p>&nbsp;<\/p>\n<p>Le responsable du traitement de vos donn\u00e9es personnelles est l&rsquo;association \u00ab\u00a0Les Cigognes au Golf\u00a0\u00bb. Pour toute question relative \u00e0 cette Politique de Confidentialit\u00e9 ou \u00e0 l&rsquo;exercice de vos droits, vous pouvez nous contacter via le formulaire de contact disponible sur notre site internet.<\/p>\n<p>&nbsp;<\/p>\n<h4>2. Donn\u00e9es personnelles collect\u00e9es<\/h4>\n<p>&nbsp;<\/p>\n<p>Nous collectons des donn\u00e9es personnelles vous concernant lorsque vous :<\/p>\n<ul>\n<li>\n<p>Naviguez sur notre site internet.<\/p>\n<\/li>\n<li>\n<p>Effectuez un achat via notre boutique en ligne.<\/p>\n<\/li>\n<li>\n<p>Adh\u00e9rez \u00e0 l&rsquo;association.<\/p>\n<\/li>\n<li>\n<p>Faites un don.<\/p>\n<\/li>\n<li>\n<p>Nous contactez via le formulaire de contact.<\/p>\n<\/li>\n<li>\n<p>Vous inscrivez \u00e0 notre newsletter.<\/p>\n<\/li>\n<\/ul>\n<p>Les cat\u00e9gories de donn\u00e9es personnelles que nous sommes susceptibles de collecter incluent, sans s&rsquo;y limiter :<\/p>\n<ul>\n<li>\n<p><b>Donn\u00e9es d&rsquo;identification :<\/b> nom, pr\u00e9nom, adresse postale, adresse e-mail.<\/p>\n<\/li>\n<li>\n<p><b>Donn\u00e9es de contact :<\/b> num\u00e9ro de t\u00e9l\u00e9phone (si fourni volontairement).<\/p>\n<\/li>\n<li>\n<p><b>Donn\u00e9es financi\u00e8res :<\/b> informations relatives aux paiements (pour les achats, adh\u00e9sions, dons) \u2013 nous ne stockons pas vos donn\u00e9es bancaires compl\u00e8tes, celles-ci \u00e9tant trait\u00e9es directement par nos prestataires de paiement s\u00e9curis\u00e9s.<\/p>\n<\/li>\n<li>\n<p><b>Donn\u00e9es d&rsquo;adh\u00e9sion :<\/b> statut de membre, historique d&rsquo;adh\u00e9sion.<\/p>\n<\/li>\n<li>\n<p><b>Donn\u00e9es de transaction :<\/b> d\u00e9tails des achats effectu\u00e9s, de l&rsquo;historique des dons.<\/p>\n<\/li>\n<li>\n<p><b>Donn\u00e9es de connexion\/navigation :<\/b> adresse IP, type de navigateur, pages consult\u00e9es, dur\u00e9e de la visite (collect\u00e9es via les cookies, voir notre Politique de Cookies).<\/p>\n<\/li>\n<li>\n<p><b>Autres informations que vous choisissez de nous communiquer.<\/b><\/p>\n<\/li>\n<\/ul>\n<p>&nbsp;<\/p>\n<h4>3. Finalit\u00e9s de la collecte et du traitement des donn\u00e9es<\/h4>\n<p>&nbsp;<\/p>\n<p>Nous collectons et traitons vos donn\u00e9es personnelles pour les finalit\u00e9s suivantes, bas\u00e9es sur les fondements juridiques pr\u00e9vus par le RGPD :<\/p>\n<ul>\n<li>\n<p><b>Ex\u00e9cution d&rsquo;un contrat ou de mesures pr\u00e9contractuelles :<\/b><\/p>\n<ul>\n<li>\n<p>Gestion de vos commandes de produits (traitement des paiements, exp\u00e9dition, retours).<\/p>\n<\/li>\n<li>\n<p>Gestion de votre adh\u00e9sion \u00e0 l&rsquo;association (suivi de votre statut, envoi d&rsquo;informations sp\u00e9cifiques aux membres).<\/p>\n<\/li>\n<li>\n<p>Gestion de vos dons (traitement, envoi d&rsquo;attestations fiscales).<\/p>\n<\/li>\n<li>\n<p>R\u00e9ponse \u00e0 vos demandes via le formulaire de contact.<\/p>\n<\/li>\n<\/ul>\n<\/li>\n<li>\n<p><b>Respect d&rsquo;une obligation l\u00e9gale :<\/b><\/p>\n<ul>\n<li>\n<p>\u00c9tablissement des attestations fiscales pour les adh\u00e9sions et les dons.<\/p>\n<\/li>\n<li>\n<p>Gestion de la facturation et tenue de notre comptabilit\u00e9.<\/p>\n<\/li>\n<li>\n<p>Respect des obligations l\u00e9gales en mati\u00e8re de lutte contre le blanchiment d&rsquo;argent et le financement du terrorisme.<\/p>\n<\/li>\n<\/ul>\n<\/li>\n<li>\n<p><b>Int\u00e9r\u00eat l\u00e9gitime de l&rsquo;Association :<\/b><\/p>\n<ul>\n<li>\n<p>Am\u00e9lioration de nos services et de l&rsquo;exp\u00e9rience utilisateur sur notre site.<\/p>\n<\/li>\n<li>\n<p>Pr\u00e9vention de la fraude.<\/p>\n<\/li>\n<li>\n<p>R\u00e9alisation de statistiques et d&rsquo;analyses pour comprendre l&rsquo;utilisation de notre site et de nos services.<\/p>\n<\/li>\n<li>\n<p>Envoi de communications non commerciales li\u00e9es \u00e0 la vie de l&rsquo;association, \u00e0 ses actions et \u00e9v\u00e9nements.<\/p>\n<\/li>\n<\/ul>\n<\/li>\n<li>\n<p><b>Votre consentement :<\/b><\/p>\n<ul>\n<li>\n<p>Envoi de notre newsletter ou de communications marketing si vous avez express\u00e9ment donn\u00e9 votre accord (Opt-in). Vous pouvez retirer votre consentement \u00e0 tout moment.<\/p>\n<\/li>\n<li>\n<p>D\u00e9p\u00f4t de certains cookies sur votre terminal (voir notre Politique de Cookies).<\/p>\n<\/li>\n<\/ul>\n<\/li>\n<\/ul>\n<p>&nbsp;<\/p>\n<h3>4. Destinataires des donn\u00e9es<\/h3>\n<p>&nbsp;<\/p>\n<p>Vos donn\u00e9es personnelles sont destin\u00e9es \u00e0 l&rsquo;usage interne de l&rsquo;association \u00ab\u00a0Les Cigognes au Golf\u00a0\u00bb. Nous ne partageons vos donn\u00e9es avec des tiers que dans les cas suivants :<\/p>\n<ul>\n<li>\n<p><b>Prestataires de services :<\/b> Pour l&rsquo;ex\u00e9cution de certaines t\u00e2ches (ex : services de paiement s\u00e9curis\u00e9s, h\u00e9bergeur du site, transporteurs pour les livraisons, outils d&rsquo;envoi de newsletters). Ces prestataires agissent uniquement sur nos instructions et s&rsquo;engagent \u00e0 respecter la confidentialit\u00e9 et la s\u00e9curit\u00e9 de vos donn\u00e9es.<\/p>\n<\/li>\n<li>\n<p><b>Autorit\u00e9s l\u00e9gales et administratives :<\/b> Si la loi l&rsquo;exige ou si cela est n\u00e9cessaire pour prot\u00e9ger nos droits, notre propri\u00e9t\u00e9 ou notre s\u00e9curit\u00e9.<\/p>\n<\/li>\n<li>\n<p><b>B\u00e9n\u00e9ficiaires de dons :<\/b> Conform\u00e9ment \u00e0 l&rsquo;objet de l&rsquo;association, les fonds collect\u00e9s via les droits de jeu sont revers\u00e9s \u00e0 des organismes d&rsquo;int\u00e9r\u00eat g\u00e9n\u00e9ral \u0153uvrant dans le domaine m\u00e9dical. Aucune donn\u00e9e personnelle de nos adh\u00e9rents ou donateurs n&rsquo;est directement transmise \u00e0 ces organismes, sauf obligation l\u00e9gale sp\u00e9cifique.<\/p>\n<\/li>\n<\/ul>\n<p>&nbsp;<\/p>\n<h3>5. Dur\u00e9e de conservation des donn\u00e9es<\/h3>\n<p>&nbsp;<\/p>\n<p>Vos donn\u00e9es personnelles sont conserv\u00e9es pendant une dur\u00e9e limit\u00e9e et n\u00e9cessaire aux finalit\u00e9s pour lesquelles elles ont \u00e9t\u00e9 collect\u00e9es, conform\u00e9ment aux exigences l\u00e9gales et r\u00e9glementaires.<\/p>\n<ul>\n<li>\n<p><b>Donn\u00e9es des clients\/adh\u00e9rents\/donateurs :<\/b> Conserv\u00e9es pendant la dur\u00e9e de la relation contractuelle ou d&rsquo;adh\u00e9sion, augment\u00e9e des d\u00e9lais de prescription l\u00e9gale (par exemple, 5 ans pour les donn\u00e9es comptables et commerciales) \u00e0 des fins de preuve et de respect des obligations l\u00e9gales.<\/p>\n<\/li>\n<li>\n<p><b>Donn\u00e9es des prospects (non-adh\u00e9rents, non-clients) :<\/b> Conserv\u00e9es pendant 3 ans \u00e0 compter du dernier contact avec l&rsquo;Association.<\/p>\n<\/li>\n<li>\n<p><b>Donn\u00e9es relatives aux cookies :<\/b> Voir notre Politique de Cookies.<\/p>\n<\/li>\n<li>\n<p><b>Attestations fiscales :<\/b> Conserv\u00e9es conform\u00e9ment aux dur\u00e9es l\u00e9gales requises par l&rsquo;administration fiscale.<\/p>\n<\/li>\n<\/ul>\n<p>&nbsp;<\/p>\n<h3>6. S\u00e9curit\u00e9 des donn\u00e9es<\/h3>\n<p>&nbsp;<\/p>\n<p>Nous mettons en \u0153uvre des mesures techniques et organisationnelles appropri\u00e9es pour prot\u00e9ger vos donn\u00e9es personnelles contre l&rsquo;acc\u00e8s non autoris\u00e9, la divulgation, l&rsquo;alt\u00e9ration ou la destruction. Cela inclut des mesures de s\u00e9curit\u00e9 physiques, des syst\u00e8mes informatiques s\u00e9curis\u00e9s, des proc\u00e9dures internes et la sensibilisation de notre personnel \u00e0 la protection des donn\u00e9es.<\/p>\n<p>&nbsp;<\/p>\n<h3>7. Vos droits<\/h3>\n<p>&nbsp;<\/p>\n<p>Conform\u00e9ment au RGPD, vous disposez des droits suivants concernant vos donn\u00e9es personnelles :<\/p>\n<ul>\n<li>\n<p><b>Droit d&rsquo;acc\u00e8s :<\/b> Obtenir la confirmation que vos donn\u00e9es sont trait\u00e9es et, le cas \u00e9ch\u00e9ant, y acc\u00e9der.<\/p>\n<\/li>\n<li>\n<p><b>Droit de rectification :<\/b> Demander la correction de donn\u00e9es inexactes ou incompl\u00e8tes vous concernant.<\/p>\n<\/li>\n<li>\n<p><b>Droit \u00e0 l&rsquo;effacement (\u00ab\u00a0droit \u00e0 l&rsquo;oubli\u00a0\u00bb) :<\/b> Demander la suppression de vos donn\u00e9es, sous certaines conditions.<\/p>\n<\/li>\n<li>\n<p><b>Droit \u00e0 la limitation du traitement :<\/b> Demander la suspension du traitement de vos donn\u00e9es, sous certaines conditions.<\/p>\n<\/li>\n<li>\n<p><b>Droit \u00e0 la portabilit\u00e9 des donn\u00e9es :<\/b> Recevoir les donn\u00e9es que vous nous avez fournies dans un format structur\u00e9, couramment utilis\u00e9 et lisible par machine, et les transmettre \u00e0 un autre responsable de traitement.<\/p>\n<\/li>\n<li>\n<p><b>Droit d&rsquo;opposition :<\/b> Vous opposer au traitement de vos donn\u00e9es pour des raisons tenant \u00e0 votre situation particuli\u00e8re, notamment pour la prospection commerciale.<\/p>\n<\/li>\n<li>\n<p><b>Droit de retirer votre consentement :<\/b> Retirer \u00e0 tout moment votre consentement pour les traitements bas\u00e9s sur celui-ci, sans affecter la lic\u00e9it\u00e9 du traitement effectu\u00e9 avant ce retrait<\/p>\n<\/li>\n<\/ul>\n<p>&nbsp;<\/p>\n<h3>8. Exercice de vos droits<\/h3>\n<p>&nbsp;<\/p>\n<p>Pour exercer l&rsquo;un de ces droits, vous pouvez nous contacter via le formulaire de contact disponible sur notre site internet. Pour des raisons de s\u00e9curit\u00e9 et afin de pr\u00e9venir toute fraude, nous pourrions \u00eatre amen\u00e9s \u00e0 vous demander une preuve de votre identit\u00e9 (copie de pi\u00e8ce d&rsquo;identit\u00e9) pour traiter votre demande.<\/p>\n<p>&nbsp;<\/p>\n<h3>9. Modifications de la Politique de Confidentialit\u00e9<\/h3>\n<p>&nbsp;<\/p>\n<p>L&rsquo;Association se r\u00e9serve le droit de modifier la pr\u00e9sente Politique de Confidentialit\u00e9 \u00e0 tout moment, notamment pour s&rsquo;adapter aux \u00e9volutions l\u00e9gales, r\u00e9glementaires ou jurisprudentielles. Nous vous invitons \u00e0 consulter r\u00e9guli\u00e8rement cette page pour prendre connaissance des \u00e9ventuelles mises \u00e0 jour.<\/p>[\/et_pb_text][\/et_pb_column][\/et_pb_row][\/et_pb_section]\n","protected":false},"excerpt":{"rendered":"<p>Politique de Confidentialit\u00e9 \/ Politique de Protection des Donn\u00e9es Personnelles (RGPD) &nbsp; L&rsquo;association \u00ab\u00a0Les Cigognes au Golf\u00a0\u00bb (ci-apr\u00e8s \u00ab\u00a0l&rsquo;Association\u00a0\u00bb), dont le si\u00e8ge social est situ\u00e9 au 2 avenue de la Vigne, 33370 Artigues-pr\u00e8s-Bordeaux, attache une grande importance \u00e0 la protection de votre vie priv\u00e9e et de vos donn\u00e9es personnelles. La pr\u00e9sente Politique de Confidentialit\u00e9 a [&hellip;]<\/p>\n","protected":false},"author":2,"featured_media":0,"parent":0,"menu_order":0,"comment_status":"closed","ping_status":"closed","template":"","meta":{"_et_pb_use_builder":"on","_et_pb_old_content":"","_et_gb_content_width":"","footnotes":""},"class_list":["post-554","page","type-page","status-publish","hentry"],"_links":{"self":[{"href":"https:\/\/lescigognesaugolf.fr\/index.php?rest_route=\/wp\/v2\/pages\/554","targetHints":{"allow":["GET"]}}],"collection":[{"href":"https:\/\/lescigognesaugolf.fr\/index.php?rest_route=\/wp\/v2\/pages"}],"about":[{"href":"https:\/\/lescigognesaugolf.fr\/index.php?rest_route=\/wp\/v2\/types\/page"}],"author":[{"embeddable":true,"href":"https:\/\/lescigognesaugolf.fr\/index.php?rest_route=\/wp\/v2\/users\/2"}],"replies":[{"embeddable":true,"href":"https:\/\/lescigognesaugolf.fr\/index.php?rest_route=%2Fwp%2Fv2%2Fcomments&post=554"}],"version-history":[{"count":4,"href":"https:\/\/lescigognesaugolf.fr\/index.php?rest_route=\/wp\/v2\/pages\/554\/revisions"}],"predecessor-version":[{"id":559,"href":"https:\/\/lescigognesaugolf.fr\/index.php?rest_route=\/wp\/v2\/pages\/554\/revisions\/559"}],"wp:attachment":[{"href":"https:\/\/lescigognesaugolf.fr\/index.php?rest_route=%2Fwp%2Fv2%2Fmedia&parent=554"}],"curies":[{"name":"wp","href":"https:\/\/api.w.org\/{rel}","templated":true}]}}