{"id":353,"date":"2025-07-25T16:08:51","date_gmt":"2025-07-25T14:08:51","guid":{"rendered":"https:\/\/lescigognesaugolf.fr\/?page_id=353"},"modified":"2025-07-26T18:08:44","modified_gmt":"2025-07-26T16:08:44","slug":"pourquoi-et-comment-soutenir-les-cigognes-au-golf","status":"publish","type":"page","link":"https:\/\/lescigognesaugolf.fr\/?page_id=353","title":{"rendered":"Pourquoi et Comment Soutenir \u00ab\u00a0Les Cigognes au Golf\u00a0\u00bb"},"content":{"rendered":"<p>[et_pb_section fb_built=\u00a0\u00bb1&Prime; _builder_version=\u00a0\u00bb4.27.4&Prime; _module_preset=\u00a0\u00bbdefault\u00a0\u00bb custom_padding=\u00a0\u00bb24px||24px|||\u00a0\u00bb global_colors_info=\u00a0\u00bb{}\u00a0\u00bb][et_pb_row _builder_version=\u00a0\u00bb4.27.4&Prime; _module_preset=\u00a0\u00bbdefault\u00a0\u00bb global_colors_info=\u00a0\u00bb{}\u00a0\u00bb][et_pb_column type=\u00a0\u00bb4_4&Prime; _builder_version=\u00a0\u00bb4.27.4&Prime; _module_preset=\u00a0\u00bbdefault\u00a0\u00bb global_colors_info=\u00a0\u00bb{}\u00a0\u00bb][et_pb_text _builder_version=\u00a0\u00bb4.27.4&Prime; _module_preset=\u00a0\u00bbdefault\u00a0\u00bb global_colors_info=\u00a0\u00bb{}\u00a0\u00bb]<\/p>\n<h1 style=\"text-align: center;\">Pourquoi et Comment Soutenir <br \/>\u00ab\u00a0Les Cigognes au Golf\u00a0\u00bb<\/h1>\n<p>[\/et_pb_text][\/et_pb_column][\/et_pb_row][\/et_pb_section][et_pb_section fb_built=\u00a0\u00bb1&Prime; admin_label=\u00a0\u00bbVideo\u00a0\u00bb _builder_version=\u00a0\u00bb4.27.4&Prime; _module_preset=\u00a0\u00bbdefault\u00a0\u00bb background_color=\u00a0\u00bb#f2f0eb\u00a0\u00bb custom_padding=\u00a0\u00bb34px||13px|||\u00a0\u00bb collapsed=\u00a0\u00bbon\u00a0\u00bb][et_pb_row column_structure=\u00a0\u00bb1_3,2_3&Prime; _builder_version=\u00a0\u00bb4.24.0&Prime; _module_preset=\u00a0\u00bbdefault\u00a0\u00bb custom_padding=\u00a0\u00bb23px|||||\u00a0\u00bb locked=\u00a0\u00bboff\u00a0\u00bb global_colors_info=\u00a0\u00bb{}\u00a0\u00bb][et_pb_column type=\u00a0\u00bb1_3&Prime; _builder_version=\u00a0\u00bb4.22.0&Prime; _module_preset=\u00a0\u00bbdefault\u00a0\u00bb global_colors_info=\u00a0\u00bb{}\u00a0\u00bb][et_pb_text _builder_version=\u00a0\u00bb4.27.4&Prime; _module_preset=\u00a0\u00bbdefault\u00a0\u00bb custom_margin=\u00a0\u00bb||8px|||\u00a0\u00bb global_colors_info=\u00a0\u00bb{}\u00a0\u00bb]<\/p>\n<h2>Pourquoi Nous Soutenir ?<\/h2>\n<p>[\/et_pb_text][et_pb_image src=\u00a0\u00bbhttps:\/\/lescigognesaugolf.fr\/wp-content\/uploads\/2025\/07\/513912333_122113242644904992_706380156374291859_n.jpg\u00a0\u00bb title_text=\u00a0\u00bb513912333_122113242644904992_706380156374291859_n\u00a0\u00bb _builder_version=\u00a0\u00bb4.27.4&Prime; _module_preset=\u00a0\u00bbdefault\u00a0\u00bb border_radii=\u00a0\u00bbon|30px|30px|30px|30px\u00a0\u00bb global_colors_info=\u00a0\u00bb{}\u00a0\u00bb][\/et_pb_image][\/et_pb_column][et_pb_column type=\u00a0\u00bb2_3&Prime; _builder_version=\u00a0\u00bb4.22.0&Prime; _module_preset=\u00a0\u00bbdefault\u00a0\u00bb global_colors_info=\u00a0\u00bb{}\u00a0\u00bb][et_pb_text _builder_version=\u00a0\u00bb4.27.4&Prime; _module_preset=\u00a0\u00bb63c65a39-cd73-47c1-8fae-3feab7b7eb9e\u00a0\u00bb custom_margin=\u00a0\u00bb-2px|||||\u00a0\u00bb global_colors_info=\u00a0\u00bb{}\u00a0\u00bb]<\/p>\n<h3>Un Engagement Double : <br \/>Pour la prise en charge de l&rsquo;AVC et pour la Communaut\u00e9 Golfique<\/h3>\n<p><span style=\"font-size: 16px;\">Soutenir <b>\u00ab\u00a0Les Cigognes au Golf\u00a0\u00bb<\/b>, c&rsquo;est s&rsquo;engager sur deux fronts essentiels. <br \/><\/span><span style=\"font-size: 16px;\">D&rsquo;une part, vous participez activement \u00e0 la <b>prise en charge des Accidents Vasculaires C\u00e9r\u00e9braux (AVC)<\/b>, une cause m\u00e9dicale majeure qui touche des milliers de vies chaque ann\u00e9e. Gr\u00e2ce \u00e0 vos contributions, nous finan\u00e7ons directement des projets cruciaux pour l&rsquo;am\u00e9lioration de la prise en charge, la recherche et l&rsquo;accompagnement des patients. <br \/>D&rsquo;autre part, vous rejoignez une <b>communaut\u00e9 golfique solidaire et conviviale<\/b>. Nous sommes convaincus que la passion partag\u00e9e pour le golf peut devenir un formidable levier d&rsquo;entraide et de soutien mutuel, cr\u00e9ant du lien tout en \u0153uvrant pour une cause qui nous tient \u00e0 c\u0153ur. Votre soutien est la pierre angulaire qui nous permet de transformer chaque swing en un acte de g\u00e9n\u00e9rosit\u00e9.<\/span><\/p>\n<p>[\/et_pb_text][\/et_pb_column][\/et_pb_row][\/et_pb_section][et_pb_section fb_built=\u00a0\u00bb1&Prime; admin_label=\u00a0\u00bbVideo\u00a0\u00bb _builder_version=\u00a0\u00bb4.22.0&Prime; _module_preset=\u00a0\u00bbdefault\u00a0\u00bb custom_padding=\u00a0\u00bb36px|||||\u00a0\u00bb collapsed=\u00a0\u00bbon\u00a0\u00bb][et_pb_row column_structure=\u00a0\u00bb1_3,2_3&Prime; _builder_version=\u00a0\u00bb4.24.0&Prime; _module_preset=\u00a0\u00bbdefault\u00a0\u00bb custom_padding=\u00a0\u00bb23px|||||\u00a0\u00bb locked=\u00a0\u00bboff\u00a0\u00bb global_colors_info=\u00a0\u00bb{}\u00a0\u00bb][et_pb_column type=\u00a0\u00bb1_3&Prime; _builder_version=\u00a0\u00bb4.22.0&Prime; _module_preset=\u00a0\u00bbdefault\u00a0\u00bb global_colors_info=\u00a0\u00bb{}\u00a0\u00bb][et_pb_heading title=\u00a0\u00bbL&rsquo;adh\u00e9sion\u00a0\u00bb _builder_version=\u00a0\u00bb4.27.0&Prime; _module_preset=\u00a0\u00bb638468c8-11bf-42a7-b5f3-3146cfd429da\u00a0\u00bb custom_margin=\u00a0\u00bb||10px||false|false\u00a0\u00bb locked=\u00a0\u00bboff\u00a0\u00bb global_colors_info=\u00a0\u00bb{}\u00a0\u00bb][\/et_pb_heading][et_pb_image src=\u00a0\u00bbhttps:\/\/lescigognesaugolf.fr\/wp-content\/uploads\/2025\/07\/c5137df8-2bf2-4f34-9b77-629042c0e95c.jpg\u00a0\u00bb title_text=\u00a0\u00bbc5137df8-2bf2-4f34-9b77-629042c0e95c\u00a0\u00bb _builder_version=\u00a0\u00bb4.27.4&Prime; _module_preset=\u00a0\u00bbdefault\u00a0\u00bb border_radii=\u00a0\u00bbon|30px|30px|30px|30px\u00a0\u00bb global_colors_info=\u00a0\u00bb{}\u00a0\u00bb][\/et_pb_image][\/et_pb_column][et_pb_column type=\u00a0\u00bb2_3&Prime; _builder_version=\u00a0\u00bb4.22.0&Prime; _module_preset=\u00a0\u00bbdefault\u00a0\u00bb global_colors_info=\u00a0\u00bb{}\u00a0\u00bb][et_pb_text _builder_version=\u00a0\u00bb4.27.4&Prime; _module_preset=\u00a0\u00bb63c65a39-cd73-47c1-8fae-3feab7b7eb9e\u00a0\u00bb custom_margin=\u00a0\u00bb||13px|||\u00a0\u00bb global_colors_info=\u00a0\u00bb{}\u00a0\u00bb]<\/p>\n<h3>Adh\u00e9rer \u00e0 \u00ab\u00a0Les Cigognes au Golf\u00a0\u00bb<\/h3>\n<p>Devenir adh\u00e9rent des \u00ab\u00a0Cigognes au Golf\u00a0\u00bb, c&rsquo;est choisir de faire partie de notre famille et de b\u00e9n\u00e9ficier d&rsquo;avantages exclusifs ! Votre <b>adh\u00e9sion<\/b> est une marque forte de votre soutien et nous permet de p\u00e9renniser nos actions. En retour, vous acc\u00e9dez \u00e0 :<\/p>\n<ul>\n<li><b>Toutes nos sorties et voyages golfiques<\/b> : D\u00e9couvrez des parcours d&rsquo;exception en Gironde et ailleurs, et partagez des moments uniques avec des passionn\u00e9s.<\/li>\n<li>L&rsquo;acc\u00e8s \u00e0 nos <b>comp\u00e9titions caritatives<\/b> : Participez \u00e0 des tournois conviviaux qui allient d\u00e9fi sportif et g\u00e9n\u00e9rosit\u00e9.<\/li>\n<li>Des <b>avantages exclusifs chez <a href=\"https:\/\/lescigognesaugolf.fr\/?page_id=21\" target=\"_blank\" rel=\"noopener\">nos partenaires<\/a><\/b> : Profitez de remises et d&rsquo;offres sp\u00e9cifiques obtroy\u00e9es par nos partenaires.<\/li>\n<\/ul>\n<p>Rejoignez-nous et vivez votre passion du golf de mani\u00e8re solidaire !<\/p>\n<p>[\/et_pb_text][et_pb_button button_url=\u00a0\u00bbhttps:\/\/lescigognesaugolf.fr\/?product=adhesion-2026&Prime; url_new_window=\u00a0\u00bbon\u00a0\u00bb button_text=\u00a0\u00bbAdh\u00e9rer \u00e0 %22Les Cigognes Au Golf%22&Prime; _builder_version=\u00a0\u00bb4.27.4&Prime; _module_preset=\u00a0\u00bbeface43c-e8c6-49b5-a352-7de4ef52964b\u00a0\u00bb button_text_size=\u00a0\u00bb14px\u00a0\u00bb button_border_radius=\u00a0\u00bb100px\u00a0\u00bb button_font=\u00a0\u00bbInter|700|||||||\u00a0\u00bb custom_margin=\u00a0\u00bb||-8px|||\u00a0\u00bb global_colors_info=\u00a0\u00bb{}\u00a0\u00bb][\/et_pb_button][\/et_pb_column][\/et_pb_row][\/et_pb_section][et_pb_section fb_built=\u00a0\u00bb1&Prime; admin_label=\u00a0\u00bbVideo\u00a0\u00bb _builder_version=\u00a0\u00bb4.27.4&Prime; _module_preset=\u00a0\u00bbdefault\u00a0\u00bb background_color=\u00a0\u00bb#f2f0eb\u00a0\u00bb custom_padding=\u00a0\u00bb36px||13px|||\u00a0\u00bb collapsed=\u00a0\u00bbon\u00a0\u00bb][et_pb_row column_structure=\u00a0\u00bb1_3,2_3&Prime; _builder_version=\u00a0\u00bb4.24.0&Prime; _module_preset=\u00a0\u00bbdefault\u00a0\u00bb custom_padding=\u00a0\u00bb23px|||||\u00a0\u00bb locked=\u00a0\u00bboff\u00a0\u00bb global_colors_info=\u00a0\u00bb{}\u00a0\u00bb][et_pb_column type=\u00a0\u00bb1_3&Prime; _builder_version=\u00a0\u00bb4.22.0&Prime; _module_preset=\u00a0\u00bbdefault\u00a0\u00bb global_colors_info=\u00a0\u00bb{}\u00a0\u00bb][et_pb_image src=\u00a0\u00bbhttps:\/\/lescigognesaugolf.fr\/wp-content\/uploads\/2025\/07\/pexels-kindelmedia-6572955-Small.jpg\u00a0\u00bb title_text=\u00a0\u00bbpexels-kindelmedia-6572955 (Small)\u00a0\u00bb _builder_version=\u00a0\u00bb4.27.4&Prime; _module_preset=\u00a0\u00bbdefault\u00a0\u00bb border_radii=\u00a0\u00bbon|30px|30px|30px|30px\u00a0\u00bb global_colors_info=\u00a0\u00bb{}\u00a0\u00bb][\/et_pb_image][\/et_pb_column][et_pb_column type=\u00a0\u00bb2_3&Prime; _builder_version=\u00a0\u00bb4.22.0&Prime; _module_preset=\u00a0\u00bbdefault\u00a0\u00bb global_colors_info=\u00a0\u00bb{}\u00a0\u00bb][et_pb_text _builder_version=\u00a0\u00bb4.27.4&Prime; _module_preset=\u00a0\u00bb63c65a39-cd73-47c1-8fae-3feab7b7eb9e\u00a0\u00bb global_colors_info=\u00a0\u00bb{}\u00a0\u00bb]<\/p>\n<h2>Restez Inform\u00e9:<\/h2>\n<h3>Ne Manquez Aucune de Nos Comp\u00e9titions!<\/h3>\n<p>Vous souhaitez \u00eatre s\u00fbr de ne rater aucune de nos prochaines <b>comp\u00e9titions caritatives<\/b> ? Nous vous proposons de recevoir toutes les informations directement par mail ! Inscrivez-vous pour \u00eatre inform\u00e9 des dates, des parcours et des ouvertures des inscriptions.<\/p>\n<p>[\/et_pb_text][et_pb_button button_url=\u00a0\u00bbhttps:\/\/drive.google.com\/file\/d\/1yboJ8l8NgHONKD9bn8-My0Lis0EKKUfM\/view\u00a0\u00bb url_new_window=\u00a0\u00bbon\u00a0\u00bb button_text=\u00a0\u00bbremplir le bulletin pour rester inform\u00e9\u00a0\u00bb _builder_version=\u00a0\u00bb4.27.4&Prime; _module_preset=\u00a0\u00bbeface43c-e8c6-49b5-a352-7de4ef52964b\u00a0\u00bb button_text_size=\u00a0\u00bb14px\u00a0\u00bb button_border_radius=\u00a0\u00bb100px\u00a0\u00bb button_font=\u00a0\u00bbInter|700|||||||\u00a0\u00bb global_colors_info=\u00a0\u00bb{}\u00a0\u00bb][\/et_pb_button][\/et_pb_column][\/et_pb_row][\/et_pb_section][et_pb_section fb_built=\u00a0\u00bb1&Prime; admin_label=\u00a0\u00bbVideo\u00a0\u00bb _builder_version=\u00a0\u00bb4.27.4&Prime; _module_preset=\u00a0\u00bbdefault\u00a0\u00bb background_enable_color=\u00a0\u00bboff\u00a0\u00bb custom_padding=\u00a0\u00bb36px||13px|||\u00a0\u00bb collapsed=\u00a0\u00bbon\u00a0\u00bb][et_pb_row column_structure=\u00a0\u00bb1_3,2_3&Prime; _builder_version=\u00a0\u00bb4.24.0&Prime; _module_preset=\u00a0\u00bbdefault\u00a0\u00bb custom_padding=\u00a0\u00bb23px|||||\u00a0\u00bb locked=\u00a0\u00bboff\u00a0\u00bb global_colors_info=\u00a0\u00bb{}\u00a0\u00bb][et_pb_column type=\u00a0\u00bb1_3&Prime; _builder_version=\u00a0\u00bb4.22.0&Prime; _module_preset=\u00a0\u00bbdefault\u00a0\u00bb global_colors_info=\u00a0\u00bb{}\u00a0\u00bb][et_pb_image src=\u00a0\u00bbhttps:\/\/lescigognesaugolf.fr\/wp-content\/uploads\/2025\/07\/cropped-logo.jpg\u00a0\u00bb title_text=\u00a0\u00bbcropped-logo.jpg\u00a0\u00bb _builder_version=\u00a0\u00bb4.27.4&Prime; _module_preset=\u00a0\u00bbdefault\u00a0\u00bb width=\u00a0\u00bb74%\u00a0\u00bb module_alignment=\u00a0\u00bbcenter\u00a0\u00bb border_radii=\u00a0\u00bbon|30px|30px|30px|30px\u00a0\u00bb global_colors_info=\u00a0\u00bb{}\u00a0\u00bb][\/et_pb_image][\/et_pb_column][et_pb_column type=\u00a0\u00bb2_3&Prime; _builder_version=\u00a0\u00bb4.22.0&Prime; _module_preset=\u00a0\u00bbdefault\u00a0\u00bb global_colors_info=\u00a0\u00bb{}\u00a0\u00bb][et_pb_text _builder_version=\u00a0\u00bb4.27.4&Prime; _module_preset=\u00a0\u00bb63c65a39-cd73-47c1-8fae-3feab7b7eb9e\u00a0\u00bb global_colors_info=\u00a0\u00bb{}\u00a0\u00bb]<\/p>\n<h2><\/h2>\n<h2>Faire un Don<\/h2>\n<h3>Chaque Geste Compte<\/h3>\n<p>Votre g\u00e9n\u00e9rosit\u00e9 a un impact direct ! <br \/>Si vous souhaitez soutenir nos actions et projets, <b>m\u00eame sans \u00eatre adh\u00e9rent<\/b>, vous pouvez faire un don. Chaque contribution, petite ou grande, est pr\u00e9cieuse et nous aide \u00e0 concr\u00e9tiser nos engagements.<\/p>\n<p>[\/et_pb_text][et_pb_button button_url=\u00a0\u00bbhttps:\/\/lescigognesaugolf.fr\/?product=faire-un-don\u00a0\u00bb url_new_window=\u00a0\u00bbon\u00a0\u00bb button_text=\u00a0\u00bbFaire un don\u00a0\u00bb _builder_version=\u00a0\u00bb4.27.4&Prime; _module_preset=\u00a0\u00bbeface43c-e8c6-49b5-a352-7de4ef52964b\u00a0\u00bb button_text_size=\u00a0\u00bb14px\u00a0\u00bb button_border_radius=\u00a0\u00bb100px\u00a0\u00bb button_font=\u00a0\u00bbInter|700|||||||\u00a0\u00bb global_colors_info=\u00a0\u00bb{}\u00a0\u00bb][\/et_pb_button][\/et_pb_column][\/et_pb_row][\/et_pb_section][et_pb_section fb_built=\u00a0\u00bb1&Prime; admin_label=\u00a0\u00bbVideo\u00a0\u00bb _builder_version=\u00a0\u00bb4.27.4&Prime; _module_preset=\u00a0\u00bbdefault\u00a0\u00bb background_color=\u00a0\u00bb#f2f0eb\u00a0\u00bb custom_padding=\u00a0\u00bb36px||13px|||\u00a0\u00bb collapsed=\u00a0\u00bbon\u00a0\u00bb][et_pb_row column_structure=\u00a0\u00bb1_3,2_3&Prime; _builder_version=\u00a0\u00bb4.24.0&Prime; _module_preset=\u00a0\u00bbdefault\u00a0\u00bb custom_padding=\u00a0\u00bb23px|||||\u00a0\u00bb locked=\u00a0\u00bboff\u00a0\u00bb global_colors_info=\u00a0\u00bb{}\u00a0\u00bb][et_pb_column type=\u00a0\u00bb1_3&Prime; _builder_version=\u00a0\u00bb4.22.0&Prime; _module_preset=\u00a0\u00bbdefault\u00a0\u00bb global_colors_info=\u00a0\u00bb{}\u00a0\u00bb][et_pb_image src=\u00a0\u00bbhttps:\/\/lescigognesaugolf.fr\/wp-content\/uploads\/2025\/07\/serrer-maintravail_590464-97957-Small.jpg\u00a0\u00bb title_text=\u00a0\u00bbserrer-maintravail_590464-97957 (Small)\u00a0\u00bb _builder_version=\u00a0\u00bb4.27.4&Prime; _module_preset=\u00a0\u00bbdefault\u00a0\u00bb border_radii=\u00a0\u00bbon|30px|30px|30px|30px\u00a0\u00bb global_colors_info=\u00a0\u00bb{}\u00a0\u00bb][\/et_pb_image][\/et_pb_column][et_pb_column type=\u00a0\u00bb2_3&Prime; _builder_version=\u00a0\u00bb4.22.0&Prime; _module_preset=\u00a0\u00bbdefault\u00a0\u00bb global_colors_info=\u00a0\u00bb{}\u00a0\u00bb][et_pb_text _builder_version=\u00a0\u00bb4.27.4&Prime; _module_preset=\u00a0\u00bb63c65a39-cd73-47c1-8fae-3feab7b7eb9e\u00a0\u00bb global_colors_info=\u00a0\u00bb{}\u00a0\u00bb]<\/p>\n<h2>Partenaires Professionnels:<\/h2>\n<h3>\u0152uvrons Ensemble !<\/h3>\n<p>Vous \u00eates un <b>professionnel<\/b> et vous souhaitez associer l&rsquo;image de votre entreprise \u00e0 nos valeurs de solidarit\u00e9 et de passion pour le golf ? Nous serions ravis d&rsquo;\u00e9tudier toute opportunit\u00e9 de partenariat. Que ce soit par le biais de dotations, de parrainage d&rsquo;\u00e9v\u00e9nements ou de toute autre forme de collaboration, votre soutien est essentiel pour amplifier notre impact.<\/p>\n<p>N&rsquo;h\u00e9sitez pas \u00e0 nous contacter pour discuter des modalit\u00e9s d&rsquo;un partenariat mutuellement b\u00e9n\u00e9fique.<\/p>\n<p>[\/et_pb_text][\/et_pb_column][\/et_pb_row][\/et_pb_section][et_pb_section fb_built=\u00a0\u00bb1&Prime; admin_label=\u00a0\u00bbVideo\u00a0\u00bb _builder_version=\u00a0\u00bb4.27.4&Prime; _module_preset=\u00a0\u00bbdefault\u00a0\u00bb background_enable_color=\u00a0\u00bboff\u00a0\u00bb custom_padding=\u00a0\u00bb36px||13px|||\u00a0\u00bb collapsed=\u00a0\u00bbon\u00a0\u00bb][et_pb_row column_structure=\u00a0\u00bb1_3,2_3&Prime; _builder_version=\u00a0\u00bb4.24.0&Prime; _module_preset=\u00a0\u00bbdefault\u00a0\u00bb custom_padding=\u00a0\u00bb23px|||||\u00a0\u00bb locked=\u00a0\u00bboff\u00a0\u00bb global_colors_info=\u00a0\u00bb{}\u00a0\u00bb][et_pb_column type=\u00a0\u00bb1_3&Prime; _builder_version=\u00a0\u00bb4.22.0&Prime; _module_preset=\u00a0\u00bbdefault\u00a0\u00bb global_colors_info=\u00a0\u00bb{}\u00a0\u00bb][et_pb_image src=\u00a0\u00bbhttps:\/\/lescigognesaugolf.fr\/wp-content\/uploads\/2025\/07\/parcours-de-golf-en-france-1024&#215;683-Small.jpg\u00a0\u00bb title_text=\u00a0\u00bbparcours-de-golf-en-france-1024&#215;683 (Small)\u00a0\u00bb _builder_version=\u00a0\u00bb4.27.4&Prime; _module_preset=\u00a0\u00bbdefault\u00a0\u00bb border_radii=\u00a0\u00bbon|30px|30px|30px|30px\u00a0\u00bb global_colors_info=\u00a0\u00bb{}\u00a0\u00bb][\/et_pb_image][\/et_pb_column][et_pb_column type=\u00a0\u00bb2_3&Prime; _builder_version=\u00a0\u00bb4.22.0&Prime; _module_preset=\u00a0\u00bbdefault\u00a0\u00bb global_colors_info=\u00a0\u00bb{}\u00a0\u00bb][et_pb_text _builder_version=\u00a0\u00bb4.27.4&Prime; _module_preset=\u00a0\u00bb63c65a39-cd73-47c1-8fae-3feab7b7eb9e\u00a0\u00bb global_colors_info=\u00a0\u00bb{}\u00a0\u00bb]<\/p>\n<h2>Golfs:<\/h2>\n<h3>Accueillez \u00ab\u00a0Les Cigognes au Golf\u00a0\u00bb !<\/h3>\n<p>Vous \u00eates un <b>golf en Gironde<\/b> ou une structure proposant des parcours, et vous souhaitez vous associer \u00e0 notre d\u00e9marche ? Nous invitons les golfs qui le d\u00e9sirent \u00e0 proposer des <b>avantages ou des dates de sorties<\/b> pour nos adh\u00e9rents. Nous sommes \u00e9galement ouverts \u00e0 l&rsquo;organisation de <b>comp\u00e9titions caritatives<\/b> sur vos parcours. C&rsquo;est une excellente occasion de mettre en lumi\u00e8re votre site tout en soutenant une noble cause.<\/p>\n<p>Contactez-nous pour explorer les possibilit\u00e9s de collaboration !<\/p>\n<p>[\/et_pb_text][\/et_pb_column][\/et_pb_row][\/et_pb_section]<\/p>\n","protected":false},"excerpt":{"rendered":"<p>Pourquoi et Comment Soutenir \u00ab\u00a0Les Cigognes au Golf\u00a0\u00bbPourquoi Nous Soutenir ?Un Engagement Double : Pour la prise en charge de l&rsquo;AVC et pour la Communaut\u00e9 Golfique Soutenir \u00ab\u00a0Les Cigognes au Golf\u00a0\u00bb, c&rsquo;est s&rsquo;engager sur deux fronts essentiels. D&rsquo;une part, vous participez activement \u00e0 la prise en charge des Accidents Vasculaires C\u00e9r\u00e9braux (AVC), une cause m\u00e9dicale [&hellip;]<\/p>\n","protected":false},"author":2,"featured_media":0,"parent":0,"menu_order":0,"comment_status":"closed","ping_status":"closed","template":"","meta":{"_et_pb_use_builder":"on","_et_pb_old_content":"","_et_gb_content_width":"","footnotes":""},"class_list":["post-353","page","type-page","status-publish","hentry"],"_links":{"self":[{"href":"https:\/\/lescigognesaugolf.fr\/index.php?rest_route=\/wp\/v2\/pages\/353","targetHints":{"allow":["GET"]}}],"collection":[{"href":"https:\/\/lescigognesaugolf.fr\/index.php?rest_route=\/wp\/v2\/pages"}],"about":[{"href":"https:\/\/lescigognesaugolf.fr\/index.php?rest_route=\/wp\/v2\/types\/page"}],"author":[{"embeddable":true,"href":"https:\/\/lescigognesaugolf.fr\/index.php?rest_route=\/wp\/v2\/users\/2"}],"replies":[{"embeddable":true,"href":"https:\/\/lescigognesaugolf.fr\/index.php?rest_route=%2Fwp%2Fv2%2Fcomments&post=353"}],"version-history":[{"count":7,"href":"https:\/\/lescigognesaugolf.fr\/index.php?rest_route=\/wp\/v2\/pages\/353\/revisions"}],"predecessor-version":[{"id":539,"href":"https:\/\/lescigognesaugolf.fr\/index.php?rest_route=\/wp\/v2\/pages\/353\/revisions\/539"}],"wp:attachment":[{"href":"https:\/\/lescigognesaugolf.fr\/index.php?rest_route=%2Fwp%2Fv2%2Fmedia&parent=353"}],"curies":[{"name":"wp","href":"https:\/\/api.w.org\/{rel}","templated":true}]}}