{"id":318,"date":"2025-07-24T15:33:01","date_gmt":"2025-07-24T13:33:01","guid":{"rendered":"http:\/\/lescigognesaugolf.fr\/?page_id=318"},"modified":"2026-03-22T19:31:26","modified_gmt":"2026-03-22T17:31:26","slug":"sorties-2026","status":"publish","type":"page","link":"https:\/\/lescigognesaugolf.fr\/?page_id=318","title":{"rendered":"Sorties 2026"},"content":{"rendered":"<p>[et_pb_section fb_built=\u00a0\u00bb1&Prime; _builder_version=\u00a0\u00bb4.27.4&Prime; _module_preset=\u00a0\u00bbdefault\u00a0\u00bb custom_padding=\u00a0\u00bb29px||28px|||\u00a0\u00bb global_colors_info=\u00a0\u00bb{}\u00a0\u00bb][et_pb_row _builder_version=\u00a0\u00bb4.27.4&Prime; _module_preset=\u00a0\u00bbdefault\u00a0\u00bb global_colors_info=\u00a0\u00bb{}\u00a0\u00bb][et_pb_column type=\u00a0\u00bb4_4&Prime; _builder_version=\u00a0\u00bb4.27.4&Prime; _module_preset=\u00a0\u00bbdefault\u00a0\u00bb global_colors_info=\u00a0\u00bb{}\u00a0\u00bb][et_pb_text _builder_version=\u00a0\u00bb4.27.4&Prime; _module_preset=\u00a0\u00bbdefault\u00a0\u00bb global_colors_info=\u00a0\u00bb{}\u00a0\u00bb]<\/p>\n<h1 style=\"text-align: center;\">Nos sorties 2026<\/h1>\n<h3 style=\"text-align: center;\">Partager l&rsquo;Amour du Golf<\/h3>\n<p>[\/et_pb_text][\/et_pb_column][\/et_pb_row][\/et_pb_section][et_pb_section fb_built=\u00a0\u00bb1&Prime; admin_label=\u00a0\u00bbVideo\u00a0\u00bb _builder_version=\u00a0\u00bb4.27.4&Prime; _module_preset=\u00a0\u00bbdefault\u00a0\u00bb background_color=\u00a0\u00bb#f2f0eb\u00a0\u00bb custom_padding=\u00a0\u00bb36px||24px|||\u00a0\u00bb hover_enabled=\u00a0\u00bb0&Prime; collapsed=\u00a0\u00bbon\u00a0\u00bb sticky_enabled=\u00a0\u00bb0&Prime;][et_pb_row column_structure=\u00a0\u00bb1_3,2_3&Prime; _builder_version=\u00a0\u00bb4.24.0&Prime; _module_preset=\u00a0\u00bbdefault\u00a0\u00bb custom_padding=\u00a0\u00bb23px|||||\u00a0\u00bb locked=\u00a0\u00bboff\u00a0\u00bb global_colors_info=\u00a0\u00bb{}\u00a0\u00bb][et_pb_column type=\u00a0\u00bb1_3&Prime; _builder_version=\u00a0\u00bb4.22.0&Prime; _module_preset=\u00a0\u00bbdefault\u00a0\u00bb global_colors_info=\u00a0\u00bb{}\u00a0\u00bb][et_pb_image src=\u00a0\u00bbhttps:\/\/lescigognesaugolf.fr\/wp-content\/uploads\/2025\/07\/pexels-kindelmedia-6572955-Small.jpg\u00a0\u00bb title_text=\u00a0\u00bbpexels-kindelmedia-6572955 (Small)\u00a0\u00bb _builder_version=\u00a0\u00bb4.27.4&Prime; _module_preset=\u00a0\u00bbdefault\u00a0\u00bb border_radii=\u00a0\u00bbon|30px|30px|30px|30px\u00a0\u00bb global_colors_info=\u00a0\u00bb{}\u00a0\u00bb][\/et_pb_image][\/et_pb_column][et_pb_column type=\u00a0\u00bb2_3&Prime; _builder_version=\u00a0\u00bb4.22.0&Prime; _module_preset=\u00a0\u00bbdefault\u00a0\u00bb global_colors_info=\u00a0\u00bb{}\u00a0\u00bb][et_pb_text _builder_version=\u00a0\u00bb4.27.4&Prime; _module_preset=\u00a0\u00bb63c65a39-cd73-47c1-8fae-3feab7b7eb9e\u00a0\u00bb global_colors_info=\u00a0\u00bb{}\u00a0\u00bb]<\/p>\n<h3>Des Moments Inoubliables entre Passionn\u00e9s<\/h3>\n<p style=\"text-align: justify;\">Au-del\u00e0 des comp\u00e9titions, les <b>Cigognes au Golf<\/b> vous proposent des <b>sorties<\/b> exclusives, pens\u00e9es pour nos <b>adh\u00e9rents<\/b> ! Ces rendez-vous sont l&rsquo;occasion parfaite de se retrouver, de partager des <b>bons moments golfiques<\/b> et, surtout, de cr\u00e9er des <b>souvenirs m\u00e9morables ensemble<\/b>. Que ce soit pour une journ\u00e9e ou un week-end prolong\u00e9, nos sorties sont synonymes de <b>convivialit\u00e9<\/b>, de plaisir de jeu et de d\u00e9couverte de nouveaux parcours, toujours dans une ambiance chaleureuse et amicale<\/p>\n<p>[\/et_pb_text][\/et_pb_column][\/et_pb_row][\/et_pb_section][et_pb_section fb_built=\u00a0\u00bb1&Prime; admin_label=\u00a0\u00bbVideo\u00a0\u00bb _builder_version=\u00a0\u00bb4.27.4&Prime; _module_preset=\u00a0\u00bbdefault\u00a0\u00bb background_color=\u00a0\u00bb#FFFFFF\u00a0\u00bb custom_padding=\u00a0\u00bb36px||24px|||\u00a0\u00bb hover_enabled=\u00a0\u00bb0&Prime; collapsed=\u00a0\u00bbon\u00a0\u00bb sticky_enabled=\u00a0\u00bb0&Prime;][et_pb_row column_structure=\u00a0\u00bb1_3,2_3&Prime; _builder_version=\u00a0\u00bb4.24.0&Prime; _module_preset=\u00a0\u00bbdefault\u00a0\u00bb custom_padding=\u00a0\u00bb23px|||||\u00a0\u00bb locked=\u00a0\u00bboff\u00a0\u00bb global_colors_info=\u00a0\u00bb{}\u00a0\u00bb][et_pb_column type=\u00a0\u00bb1_3&Prime; _builder_version=\u00a0\u00bb4.22.0&Prime; _module_preset=\u00a0\u00bbdefault\u00a0\u00bb global_colors_info=\u00a0\u00bb{}\u00a0\u00bb][et_pb_image src=\u00a0\u00bbhttps:\/\/lescigognesaugolf.fr\/wp-content\/uploads\/2025\/07\/souillac-golf-country-club-vallee-de-la-dordogne.jpg\u00a0\u00bb title_text=\u00a0\u00bbsouillac-golf-country-club-vallee-de-la-dordogne\u00a0\u00bb _builder_version=\u00a0\u00bb4.27.4&Prime; _module_preset=\u00a0\u00bbdefault\u00a0\u00bb border_radii=\u00a0\u00bbon|30px|30px|30px|30px\u00a0\u00bb global_colors_info=\u00a0\u00bb{}\u00a0\u00bb][\/et_pb_image][et_pb_button button_url=\u00a0\u00bbhttps:\/\/lescigognesaugolf.fr\/?page_id=1084&Prime; url_new_window=\u00a0\u00bbon\u00a0\u00bb button_text=\u00a0\u00bbEn savoir plus sur la sortie au Golf de Souillac\u00a0\u00bb button_alignment=\u00a0\u00bbcenter\u00a0\u00bb _builder_version=\u00a0\u00bb4.27.4&Prime; _module_preset=\u00a0\u00bbdefault\u00a0\u00bb global_colors_info=\u00a0\u00bb{}\u00a0\u00bb][\/et_pb_button][\/et_pb_column][et_pb_column type=\u00a0\u00bb2_3&Prime; _builder_version=\u00a0\u00bb4.27.4&Prime; _module_preset=\u00a0\u00bbdefault\u00a0\u00bb global_colors_info=\u00a0\u00bb{}\u00a0\u00bb][et_pb_text _builder_version=\u00a0\u00bb4.27.4&Prime; _module_preset=\u00a0\u00bb63c65a39-cd73-47c1-8fae-3feab7b7eb9e\u00a0\u00bb global_colors_info=\u00a0\u00bb{}\u00a0\u00bb]<\/p>\n<h3>Week-end de P\u00e2ques au Charme du Golf de Souillac<\/h3>\n<p style=\"text-align: justify;\">Pour le week-end de P\u00e2ques, du <b>4 au 6 avril 2026<\/b>, les <b>Cigognes au Golf<\/b> vous invitent \u00e0 une escapade ressour\u00e7ante au <b>Golf de Souillac<\/b> ! Nich\u00e9 au c\u0153ur de la Dordogne, \u00e0 proximit\u00e9 de Rocamadour et du Gouffre de Padirac, ce <b>golf<\/b> offre un cadre exceptionnel avec son <b>parcours 18 trous<\/b> qui serpente entre ch\u00eanes centenaires et plans d&rsquo;eau, le tout sur un terrain vallonn\u00e9 qui promet de beaux d\u00e9fis techniques et des panoramas sublimes. Mais ce n&rsquo;est pas tout ! Pour profiter pleinement de ce lieu magique, nous avons pr\u00e9vu au moins <b>deux parcours<\/b> de <b>golf<\/b> et une <b>nuit\u00e9e<\/b> dans les charmants bungalows ou cottages pr\u00e9sents sur place. Imaginez : se lever avec une vue sur les <b>greens<\/b>, passer la journ\u00e9e \u00e0 jouer et \u00e0 partager des rires, puis se d\u00e9tendre dans un cadre paisible. Un week-end id\u00e9al pour allier votre passion du <b>golf<\/b> \u00e0 la d\u00e9couverte d&rsquo;une magnifique r\u00e9gion, le tout dans l&rsquo;excellente compagnie des Cigognes !<\/p>\n<p>[\/et_pb_text][\/et_pb_column][\/et_pb_row][\/et_pb_section][et_pb_section fb_built=\u00a0\u00bb1&Prime; admin_label=\u00a0\u00bbVideo\u00a0\u00bb _builder_version=\u00a0\u00bb4.27.4&Prime; _module_preset=\u00a0\u00bbdefault\u00a0\u00bb background_color=\u00a0\u00bb#f2f0eb\u00a0\u00bb custom_padding=\u00a0\u00bb36px||24px|||\u00a0\u00bb collapsed=\u00a0\u00bbon\u00a0\u00bb][et_pb_row column_structure=\u00a0\u00bb1_3,2_3&Prime; _builder_version=\u00a0\u00bb4.24.0&Prime; _module_preset=\u00a0\u00bbdefault\u00a0\u00bb custom_padding=\u00a0\u00bb23px|||||\u00a0\u00bb locked=\u00a0\u00bboff\u00a0\u00bb global_colors_info=\u00a0\u00bb{}\u00a0\u00bb][et_pb_column type=\u00a0\u00bb1_3&Prime; _builder_version=\u00a0\u00bb4.22.0&Prime; _module_preset=\u00a0\u00bbdefault\u00a0\u00bb global_colors_info=\u00a0\u00bb{}\u00a0\u00bb][et_pb_image src=\u00a0\u00bbhttps:\/\/lescigognesaugolf.fr\/wp-content\/uploads\/2025\/07\/101289597.jpg\u00a0\u00bb title_text=\u00a0\u00bb101289597&Prime; _builder_version=\u00a0\u00bb4.27.4&Prime; _module_preset=\u00a0\u00bbdefault\u00a0\u00bb border_radii=\u00a0\u00bbon|30px|30px|30px|30px\u00a0\u00bb global_colors_info=\u00a0\u00bb{}\u00a0\u00bb][\/et_pb_image][et_pb_button button_url=\u00a0\u00bbhttps:\/\/lescigognesaugolf.fr\/?page_id=843&Prime; url_new_window=\u00a0\u00bbon\u00a0\u00bb button_text=\u00a0\u00bbEn savoir plus sur le Riad Ksar de F\u00e8s\u00a0\u00bb button_alignment=\u00a0\u00bbcenter\u00a0\u00bb _builder_version=\u00a0\u00bb4.27.4&Prime; _module_preset=\u00a0\u00bbdefault\u00a0\u00bb global_colors_info=\u00a0\u00bb{}\u00a0\u00bb][\/et_pb_button][\/et_pb_column][et_pb_column type=\u00a0\u00bb2_3&Prime; _builder_version=\u00a0\u00bb4.27.4&Prime; _module_preset=\u00a0\u00bbdefault\u00a0\u00bb global_colors_info=\u00a0\u00bb{}\u00a0\u00bb][et_pb_text _builder_version=\u00a0\u00bb4.27.4&Prime; _module_preset=\u00a0\u00bb63c65a39-cd73-47c1-8fae-3feab7b7eb9e\u00a0\u00bb global_colors_info=\u00a0\u00bb{}\u00a0\u00bb]<\/p>\n<h3>Voyage de R\u00eave \u00e0 F\u00e8s : Golf et D\u00e9couverte au Maroc<\/h3>\n<p style=\"text-align: justify;\">Pr\u00e9parez-vous pour l&rsquo;apog\u00e9e de nos <b>sorties<\/b> 2026 : un voyage exceptionnel d&rsquo;une <b>semaine \u00e0 F\u00e8s<\/b>, au <b>Maroc<\/b>, pr\u00e9vu pour le mois de <b>mai<\/b> ! Ce s\u00e9jour est une invitation \u00e0 combiner votre passion du <b>golf<\/b> avec la d\u00e9couverte d&rsquo;une r\u00e9gion fascinante. Nous aurons l&rsquo;opportunit\u00e9 de fouler les fairways de <b>golfs<\/b> embl\u00e9matiques tels que le <b>Golf Oued F\u00e8s<\/b>, le <b>Golf Royal de F\u00e8s<\/b>, le <b>Golf de Michlifen<\/b>, et le <b>Royal Golf de Mekn\u00e8s<\/b>, offrant une diversit\u00e9 de parcours et de panoramas. Mais l&rsquo;aventure ne s&rsquo;arr\u00eate pas l\u00e0 ! Des <b>sorties<\/b> seront organis\u00e9es pour explorer la richesse culturelle et les paysages magnifiques de la r\u00e9gion, promettant des souvenirs inoubliables. Pour que l&rsquo;exp\u00e9rience soit compl\u00e8te, nous serons log\u00e9s <b>ensemble<\/b> dans un cadre idyllique : le <b>Riad Le Ksar de F\u00e8s<\/b>, l&rsquo;un de nos pr\u00e9cieux partenaires. Nich\u00e9 au c\u0153ur d&rsquo;un jardin de 3 hectares, ce magnifique riad est un v\u00e9ritable havre de paix aux portes de F\u00e8s, offrant un accueil chaleureux, un service personnalis\u00e9, et des h\u00e9bergements d\u00e9cor\u00e9s dans la pure tradition orientale. Avec son restaurant traditionnel en pleine palmeraie et sa piscine rafra\u00eechissante, le <b>Riad Le Ksar de F\u00e8s<\/b> sera le point de d\u00e9part id\u00e9al pour nos aventures <b>golfiques<\/b> et culturelles. Pr\u00e9parez-vous \u00e0 une immersion totale dans l&rsquo;art de vivre marocain et \u00e0 des moments de partage intenses !<\/p>\n<p>[\/et_pb_text][\/et_pb_column][\/et_pb_row][\/et_pb_section][et_pb_section fb_built=\u00a0\u00bb1&Prime; admin_label=\u00a0\u00bbVideo\u00a0\u00bb _builder_version=\u00a0\u00bb4.27.4&Prime; _module_preset=\u00a0\u00bbdefault\u00a0\u00bb background_enable_color=\u00a0\u00bboff\u00a0\u00bb custom_padding=\u00a0\u00bb36px||24px|||\u00a0\u00bb collapsed=\u00a0\u00bbon\u00a0\u00bb][et_pb_row column_structure=\u00a0\u00bb1_3,2_3&Prime; _builder_version=\u00a0\u00bb4.24.0&Prime; _module_preset=\u00a0\u00bbdefault\u00a0\u00bb custom_padding=\u00a0\u00bb23px|||||\u00a0\u00bb locked=\u00a0\u00bboff\u00a0\u00bb global_colors_info=\u00a0\u00bb{}\u00a0\u00bb][et_pb_column type=\u00a0\u00bb1_3&Prime; _builder_version=\u00a0\u00bb4.22.0&Prime; _module_preset=\u00a0\u00bbdefault\u00a0\u00bb global_colors_info=\u00a0\u00bb{}\u00a0\u00bb][et_pb_image src=\u00a0\u00bbhttps:\/\/lescigognesaugolf.fr\/wp-content\/uploads\/2025\/10\/mont-de-marsan.jpg\u00a0\u00bb title_text=\u00a0\u00bbmont de marsan\u00a0\u00bb _builder_version=\u00a0\u00bb4.27.4&Prime; _module_preset=\u00a0\u00bbdefault\u00a0\u00bb border_radii=\u00a0\u00bbon|30px|30px|30px|30px\u00a0\u00bb global_colors_info=\u00a0\u00bb{}\u00a0\u00bb][\/et_pb_image][et_pb_image src=\u00a0\u00bbhttps:\/\/lescigognesaugolf.fr\/wp-content\/uploads\/2025\/08\/Green-Golf-Helios-de-Salies-de-Bearn-Parcours-de-golf.jpg\u00a0\u00bb title_text=\u00a0\u00bbGreen-Golf-H\u00e9lios-de-Salies-de-B\u00e9arn-Parcours-de-golf\u00a0\u00bb _builder_version=\u00a0\u00bb4.27.4&Prime; _module_preset=\u00a0\u00bbdefault\u00a0\u00bb border_radii=\u00a0\u00bbon|30px|30px|30px|30px\u00a0\u00bb global_colors_info=\u00a0\u00bb{}\u00a0\u00bb][\/et_pb_image][et_pb_button button_url=\u00a0\u00bbhttps:\/\/lescigognesaugolf.fr\/?page_id=1098&Prime; url_new_window=\u00a0\u00bbon\u00a0\u00bb button_text=\u00a0\u00bbEn savoir plus sur notre sortie Mont de Marsan et Golf de Salies de B\u00e9arn\u00a0\u00bb button_alignment=\u00a0\u00bbcenter\u00a0\u00bb _builder_version=\u00a0\u00bb4.27.4&Prime; _module_preset=\u00a0\u00bbdefault\u00a0\u00bb global_colors_info=\u00a0\u00bb{}\u00a0\u00bb][\/et_pb_button][\/et_pb_column][et_pb_column type=\u00a0\u00bb2_3&Prime; _builder_version=\u00a0\u00bb4.27.4&Prime; _module_preset=\u00a0\u00bbdefault\u00a0\u00bb global_colors_info=\u00a0\u00bb{}\u00a0\u00bb][et_pb_text _builder_version=\u00a0\u00bb4.27.4&Prime; _module_preset=\u00a0\u00bb63c65a39-cd73-47c1-8fae-3feab7b7eb9e\u00a0\u00bb global_colors_info=\u00a0\u00bb{}\u00a0\u00bb]<\/p>\n<h3>Week-end Golfique &lsquo;Landes &amp; B\u00e9arn&rsquo; : Du Pin \u00e0 la Cit\u00e9 du Sel (15 &amp; 16 Ao\u00fbt 2026)<\/h3>\n<p>Pr\u00e9parez-vous pour une escapade golfique inoubliable sur deux jours !<\/p>\n<p>Le <b>samedi 15 ao\u00fbt 2026<\/b>, nous vous donnons rendez-vous au <b>Golf de Mont-de-Marsan<\/b>. Ce parcours de <b>18 trous<\/b> technique et vari\u00e9, dessin\u00e9 par Jean Gara\u00efalde, est nich\u00e9 dans la magnifique for\u00eat landaise, agr\u00e9ment\u00e9 de pins maritimes, de ch\u00eanes et de pi\u00e8ces d\u2019eau.<\/p>\n<p>Apr\u00e8s cette premi\u00e8re journ\u00e9e de jeu, profitez d&rsquo;une nuit\u00e9e au <b>Golf Club H\u00e9lios de Salies-de-B\u00e9arn<\/b>. Ce golf vous accueille dans un cadre verdoyant et calme, \u00e0 proximit\u00e9 du centre de la cit\u00e9 thermale.<\/p>\n<p>Le <b>dimanche 16 ao\u00fbt 2026<\/b>, une comp\u00e9tition amicale vous attend sur le parcours du Golf Club H\u00e9lios, un <b>9 trous (PAR 33) technique<\/b> et arbor\u00e9. C&rsquo;est l&rsquo;occasion parfaite de vous d\u00e9tendre, de peaufiner votre swing et de partager des moments de convivialit\u00e9 dans l&rsquo;esprit solidaire qui nous anime, au c\u0153ur du B\u00e9arn !<\/p>\n<p>[\/et_pb_text][\/et_pb_column][\/et_pb_row][\/et_pb_section][et_pb_section fb_built=\u00a0\u00bb1&Prime; admin_label=\u00a0\u00bbVideo\u00a0\u00bb _builder_version=\u00a0\u00bb4.27.4&Prime; _module_preset=\u00a0\u00bbdefault\u00a0\u00bb custom_padding=\u00a0\u00bb36px||24px|||\u00a0\u00bb hover_enabled=\u00a0\u00bb0&Prime; collapsed=\u00a0\u00bbon\u00a0\u00bb background_color=\u00a0\u00bb#f2f0eb\u00a0\u00bb sticky_enabled=\u00a0\u00bb0&Prime;][et_pb_row column_structure=\u00a0\u00bb1_3,2_3&Prime; _builder_version=\u00a0\u00bb4.24.0&Prime; _module_preset=\u00a0\u00bbdefault\u00a0\u00bb custom_padding=\u00a0\u00bb23px|||||\u00a0\u00bb locked=\u00a0\u00bboff\u00a0\u00bb global_colors_info=\u00a0\u00bb{}\u00a0\u00bb][et_pb_column type=\u00a0\u00bb1_3&Prime; _builder_version=\u00a0\u00bb4.22.0&Prime; _module_preset=\u00a0\u00bbdefault\u00a0\u00bb global_colors_info=\u00a0\u00bb{}\u00a0\u00bb][et_pb_image src=\u00a0\u00bbhttps:\/\/lescigognesaugolf.fr\/wp-content\/uploads\/2025\/07\/golfsauternais-scaled-e1698411792956.jpg\u00a0\u00bb title_text=\u00a0\u00bbDesign sans titre &#8211; 1&Prime; _builder_version=\u00a0\u00bb4.27.4&Prime; _module_preset=\u00a0\u00bbdefault\u00a0\u00bb border_radii=\u00a0\u00bbon|30px|30px|30px|30px\u00a0\u00bb global_colors_info=\u00a0\u00bb{}\u00a0\u00bb][\/et_pb_image][et_pb_button button_url=\u00a0\u00bbhttps:\/\/www.golfdusauternais.com\/\u00a0\u00bb url_new_window=\u00a0\u00bbon\u00a0\u00bb button_text=\u00a0\u00bbGolf du Sauternais\u00a0\u00bb button_alignment=\u00a0\u00bbcenter\u00a0\u00bb _builder_version=\u00a0\u00bb4.27.4&Prime; _module_preset=\u00a0\u00bbdefault\u00a0\u00bb global_colors_info=\u00a0\u00bb{}\u00a0\u00bb][\/et_pb_button][\/et_pb_column][et_pb_column type=\u00a0\u00bb2_3&Prime; _builder_version=\u00a0\u00bb4.22.0&Prime; _module_preset=\u00a0\u00bbdefault\u00a0\u00bb global_colors_info=\u00a0\u00bb{}\u00a0\u00bb][et_pb_text _builder_version=\u00a0\u00bb4.27.4&Prime; _module_preset=\u00a0\u00bb63c65a39-cd73-47c1-8fae-3feab7b7eb9e\u00a0\u00bb global_colors_info=\u00a0\u00bb{}\u00a0\u00bb]<\/p>\n<h3>Escapade Matinale et Gourmande avec l&rsquo;AS Golf du Sauternais<\/h3>\n<p>Pr\u00e9parez vos clubs pour une journ\u00e9e de d\u00e9tente et de plaisir au <b>Golf du Sauternais<\/b> \u00e0 Langon ! Cette <b>sortie<\/b> promet d&rsquo;\u00eatre particuli\u00e8rement conviviale, puisque nous d\u00e9buterons la matin\u00e9e avec en <b>shotgun<\/b>, permettant \u00e0 tous les participants de d\u00e9marrer en m\u00eame temps pour un maximum de partage sur le parcours. Le <b>Golf du Sauternais<\/b>, situ\u00e9 dans le Sud Gironde, est un magnifique <b>parcours de 18 trous<\/b>, plat et bois\u00e9, parsem\u00e9 de pi\u00e8ces d&rsquo;eau qui ajoutent au d\u00e9fi et \u00e0 la beaut\u00e9 du lieu. Apr\u00e8s l&rsquo;effort, le r\u00e9confort ! La journ\u00e9e se prolongera autour d&rsquo;un <b>bon repas<\/b> au restaurant du golf, offrant une cuisine gourmande de saison dans un cadre agr\u00e9able, avec la possibilit\u00e9 de manger en terrasse au bord du lac. Une journ\u00e9e compl\u00e8te pour les amoureux du <b>golf<\/b> et de la bonne ch\u00e8re !<\/p>\n<p>[\/et_pb_text][\/et_pb_column][\/et_pb_row][\/et_pb_section][et_pb_section fb_built=\u00a0\u00bb1&Prime; admin_label=\u00a0\u00bbVideo\u00a0\u00bb _builder_version=\u00a0\u00bb4.27.4&Prime; _module_preset=\u00a0\u00bbdefault\u00a0\u00bb background_enable_color=\u00a0\u00bboff\u00a0\u00bb custom_padding=\u00a0\u00bb36px||24px|||\u00a0\u00bb collapsed=\u00a0\u00bbon\u00a0\u00bb][et_pb_row column_structure=\u00a0\u00bb1_3,2_3&Prime; _builder_version=\u00a0\u00bb4.24.0&Prime; _module_preset=\u00a0\u00bbdefault\u00a0\u00bb custom_padding=\u00a0\u00bb23px|||||\u00a0\u00bb locked=\u00a0\u00bboff\u00a0\u00bb global_colors_info=\u00a0\u00bb{}\u00a0\u00bb][et_pb_column type=\u00a0\u00bb1_3&Prime; _builder_version=\u00a0\u00bb4.22.0&Prime; _module_preset=\u00a0\u00bbdefault\u00a0\u00bb global_colors_info=\u00a0\u00bb{}\u00a0\u00bb][et_pb_image src=\u00a0\u00bbhttps:\/\/lescigognesaugolf.fr\/wp-content\/uploads\/2025\/07\/c5137df8-2bf2-4f34-9b77-629042c0e95c.jpg\u00a0\u00bb title_text=\u00a0\u00bbc5137df8-2bf2-4f34-9b77-629042c0e95c\u00a0\u00bb _builder_version=\u00a0\u00bb4.27.4&Prime; _module_preset=\u00a0\u00bbdefault\u00a0\u00bb border_radii=\u00a0\u00bbon|30px|30px|30px|30px\u00a0\u00bb global_colors_info=\u00a0\u00bb{}\u00a0\u00bb][\/et_pb_image][\/et_pb_column][et_pb_column type=\u00a0\u00bb2_3&Prime; _builder_version=\u00a0\u00bb4.22.0&Prime; _module_preset=\u00a0\u00bbdefault\u00a0\u00bb global_colors_info=\u00a0\u00bb{}\u00a0\u00bb][et_pb_text _builder_version=\u00a0\u00bb4.27.4&Prime; _module_preset=\u00a0\u00bb63c65a39-cd73-47c1-8fae-3feab7b7eb9e\u00a0\u00bb global_colors_info=\u00a0\u00bb{}\u00a0\u00bb]<\/p>\n<h3>Rejoignez l&rsquo;Aventure des Cigognes au Golf!<\/h3>\n<p style=\"text-align: justify;\">Vous l&rsquo;aurez compris, les <b>Cigognes au Golf<\/b> sont bien plus qu&rsquo;un simple groupe de joueurs : c&rsquo;est une communaut\u00e9 o\u00f9 la passion du <b>golf<\/b> se vit <b>ensemble<\/b>, o\u00f9 chaque swing a du sens, et o\u00f9 la <b>convivialit\u00e9<\/b> est reine. Que vous souhaitiez aff\u00fbter votre jeu lors de nos <b>comp\u00e9titions caritatives<\/b>, d\u00e9couvrir de nouveaux parcours lors de nos <b>sorties<\/b> entre <b>adh\u00e9rents<\/b>, ou vivre une exp\u00e9rience inoubliable lors de nos <b>voyages<\/b> d&rsquo;exception, il y a une place pour vous parmi nous. En nous rejoignant ou en nous soutenant, vous contribuez non seulement \u00e0 des moments <b>golfiques<\/b> m\u00e9morables, mais aussi \u00e0 une cause qui nous est ch\u00e8re. N&rsquo;attendez plus : venez partager rires, d\u00e9fis et amiti\u00e9 sur les <b>greens<\/b> !<\/p>\n<p>[\/et_pb_text][\/et_pb_column][\/et_pb_row][\/et_pb_section][et_pb_section fb_built=\u00a0\u00bb1&Prime; _builder_version=\u00a0\u00bb4.27.4&Prime; _module_preset=\u00a0\u00bbdefault\u00a0\u00bb custom_padding=\u00a0\u00bb16px|||||\u00a0\u00bb][et_pb_row _builder_version=\u00a0\u00bb4.27.4&Prime; _module_preset=\u00a0\u00bbdefault\u00a0\u00bb global_colors_info=\u00a0\u00bb{}\u00a0\u00bb][et_pb_column type=\u00a0\u00bb4_4&Prime; _builder_version=\u00a0\u00bb4.27.4&Prime; _module_preset=\u00a0\u00bbdefault\u00a0\u00bb global_colors_info=\u00a0\u00bb{}\u00a0\u00bb][et_pb_text _builder_version=\u00a0\u00bb4.27.4&Prime; _module_preset=\u00a0\u00bbdefault\u00a0\u00bb custom_margin=\u00a0\u00bb||10px|||\u00a0\u00bb global_colors_info=\u00a0\u00bb{}\u00a0\u00bb]<\/p>\n<h2>Actualit\u00e9 sur nos sorties r\u00e9serv\u00e9es aux adh\u00e9rents<\/h2>\n<p>[\/et_pb_text][et_pb_blog include_categories=\u00a0\u00bb67,68&Prime; show_author=\u00a0\u00bboff\u00a0\u00bb show_categories=\u00a0\u00bboff\u00a0\u00bb _builder_version=\u00a0\u00bb4.27.4&Prime; _module_preset=\u00a0\u00bbdefault\u00a0\u00bb global_colors_info=\u00a0\u00bb{}\u00a0\u00bb][\/et_pb_blog][\/et_pb_column][\/et_pb_row][\/et_pb_section]<\/p>\n","protected":false},"excerpt":{"rendered":"<p>Nos sorties 2026 Partager l&rsquo;Amour du GolfDes Moments Inoubliables entre Passionn\u00e9s Au-del\u00e0 des comp\u00e9titions, les Cigognes au Golf vous proposent des sorties exclusives, pens\u00e9es pour nos adh\u00e9rents ! Ces rendez-vous sont l&rsquo;occasion parfaite de se retrouver, de partager des bons moments golfiques et, surtout, de cr\u00e9er des souvenirs m\u00e9morables ensemble. Que ce soit pour une [&hellip;]<\/p>\n","protected":false},"author":2,"featured_media":0,"parent":0,"menu_order":0,"comment_status":"closed","ping_status":"closed","template":"","meta":{"_et_pb_use_builder":"on","_et_pb_old_content":"","_et_gb_content_width":"","footnotes":""},"class_list":["post-318","page","type-page","status-publish","hentry"],"_links":{"self":[{"href":"https:\/\/lescigognesaugolf.fr\/index.php?rest_route=\/wp\/v2\/pages\/318","targetHints":{"allow":["GET"]}}],"collection":[{"href":"https:\/\/lescigognesaugolf.fr\/index.php?rest_route=\/wp\/v2\/pages"}],"about":[{"href":"https:\/\/lescigognesaugolf.fr\/index.php?rest_route=\/wp\/v2\/types\/page"}],"author":[{"embeddable":true,"href":"https:\/\/lescigognesaugolf.fr\/index.php?rest_route=\/wp\/v2\/users\/2"}],"replies":[{"embeddable":true,"href":"https:\/\/lescigognesaugolf.fr\/index.php?rest_route=%2Fwp%2Fv2%2Fcomments&post=318"}],"version-history":[{"count":12,"href":"https:\/\/lescigognesaugolf.fr\/index.php?rest_route=\/wp\/v2\/pages\/318\/revisions"}],"predecessor-version":[{"id":1254,"href":"https:\/\/lescigognesaugolf.fr\/index.php?rest_route=\/wp\/v2\/pages\/318\/revisions\/1254"}],"wp:attachment":[{"href":"https:\/\/lescigognesaugolf.fr\/index.php?rest_route=%2Fwp%2Fv2%2Fmedia&parent=318"}],"curies":[{"name":"wp","href":"https:\/\/api.w.org\/{rel}","templated":true}]}}