{"id":298,"date":"2025-07-24T14:39:49","date_gmt":"2025-07-24T12:39:49","guid":{"rendered":"http:\/\/lescigognesaugolf.fr\/?page_id=298"},"modified":"2026-04-07T15:42:39","modified_gmt":"2026-04-07T13:42:39","slug":"competitions-2026","status":"publish","type":"page","link":"https:\/\/lescigognesaugolf.fr\/?page_id=298","title":{"rendered":"Comp\u00e9titions 2026"},"content":{"rendered":"<p>[et_pb_section fb_built=\u00a0\u00bb1&Prime; _builder_version=\u00a0\u00bb4.27.4&Prime; _module_preset=\u00a0\u00bbdefault\u00a0\u00bb custom_padding=\u00a0\u00bb29px||28px|||\u00a0\u00bb global_colors_info=\u00a0\u00bb{}\u00a0\u00bb][et_pb_row _builder_version=\u00a0\u00bb4.27.4&Prime; _module_preset=\u00a0\u00bbdefault\u00a0\u00bb global_colors_info=\u00a0\u00bb{}\u00a0\u00bb][et_pb_column type=\u00a0\u00bb4_4&Prime; _builder_version=\u00a0\u00bb4.27.4&Prime; _module_preset=\u00a0\u00bbdefault\u00a0\u00bb global_colors_info=\u00a0\u00bb{}\u00a0\u00bb][et_pb_text _builder_version=\u00a0\u00bb4.27.4&Prime; _module_preset=\u00a0\u00bbdefault\u00a0\u00bb global_colors_info=\u00a0\u00bb{}\u00a0\u00bb]<\/p>\n<h1 style=\"text-align: center;\">Nos Comp\u00e9titions 2026<\/h1>\n<h3 style=\"text-align: center;\">Jouer, Partager, Soutenir<\/h3>\n<p>[\/et_pb_text][\/et_pb_column][\/et_pb_row][\/et_pb_section][et_pb_section fb_built=\u00a0\u00bb1&Prime; admin_label=\u00a0\u00bbVideo\u00a0\u00bb _builder_version=\u00a0\u00bb4.27.4&Prime; _module_preset=\u00a0\u00bbdefault\u00a0\u00bb background_color=\u00a0\u00bb#f2f0eb\u00a0\u00bb custom_padding=\u00a0\u00bb36px||24px|||\u00a0\u00bb collapsed=\u00a0\u00bbon\u00a0\u00bb][et_pb_row column_structure=\u00a0\u00bb1_3,2_3&Prime; _builder_version=\u00a0\u00bb4.24.0&Prime; _module_preset=\u00a0\u00bbdefault\u00a0\u00bb custom_padding=\u00a0\u00bb23px|||||\u00a0\u00bb locked=\u00a0\u00bboff\u00a0\u00bb global_colors_info=\u00a0\u00bb{}\u00a0\u00bb][et_pb_column type=\u00a0\u00bb1_3&Prime; _builder_version=\u00a0\u00bb4.22.0&Prime; _module_preset=\u00a0\u00bbdefault\u00a0\u00bb global_colors_info=\u00a0\u00bb{}\u00a0\u00bb][et_pb_image src=\u00a0\u00bbhttps:\/\/lescigognesaugolf.fr\/wp-content\/uploads\/2025\/07\/pexels-kindelmedia-6572955-Small.jpg\u00a0\u00bb title_text=\u00a0\u00bbpexels-kindelmedia-6572955 (Small)\u00a0\u00bb _builder_version=\u00a0\u00bb4.27.4&Prime; _module_preset=\u00a0\u00bbdefault\u00a0\u00bb border_radii=\u00a0\u00bbon|30px|30px|30px|30px\u00a0\u00bb global_colors_info=\u00a0\u00bb{}\u00a0\u00bb][\/et_pb_image][\/et_pb_column][et_pb_column type=\u00a0\u00bb2_3&Prime; _builder_version=\u00a0\u00bb4.22.0&Prime; _module_preset=\u00a0\u00bbdefault\u00a0\u00bb global_colors_info=\u00a0\u00bb{}\u00a0\u00bb][et_pb_text _builder_version=\u00a0\u00bb4.27.4&Prime; _module_preset=\u00a0\u00bb63c65a39-cd73-47c1-8fae-3feab7b7eb9e\u00a0\u00bb global_colors_info=\u00a0\u00bb{}\u00a0\u00bb]<\/p>\n<h3>Le Golf Convivial au Service d&rsquo;une Belle Cause<\/h3>\n<p style=\"text-align: justify;\">En 2026, les <b>Cigognes au Golf<\/b> vous invitent \u00e0 vivre des moments <b>golfiques<\/b> exceptionnels \u00e0 travers nos <b>comp\u00e9titions<\/b> ! Fid\u00e8les \u00e0 notre esprit de <b>convivialit\u00e9<\/b>, toutes nos <b>comp\u00e9titions<\/b> se d\u00e9rouleront en formule <b>scramble<\/b>, parfaite pour le plaisir de jeu et le partage entre <b>golfeurs<\/b>. Mais au-del\u00e0 du plaisir, nous continuons \u00e0 donner du sens \u00e0 chaque swing : l&rsquo;int\u00e9gralit\u00e9 des droits de jeu et des dons sera revers\u00e9e pour soutenir la prise en charge de l&rsquo;<b>AVC<\/b>, une cause qui nous tient particuli\u00e8rement \u00e0 c\u0153ur. Que vous soyez un <b>golfeur<\/b> aguerri ou amateur, nos <b>comp\u00e9titions<\/b> sont <b>ouvertes \u00e0 tous<\/b> et promettent des d\u00e9fis amusants et des rencontres enrichissantes.<\/p>\n<p>[\/et_pb_text][\/et_pb_column][\/et_pb_row][et_pb_row _builder_version=\u00a0\u00bb4.27.4&Prime; _module_preset=\u00a0\u00bbdefault\u00a0\u00bb column_structure=\u00a0\u00bb1_4,1_4,1_4,1_4&Prime;][et_pb_column _builder_version=\u00a0\u00bb4.27.4&Prime; _module_preset=\u00a0\u00bbdefault\u00a0\u00bb type=\u00a0\u00bb1_4&Prime;][et_pb_image src=\u00a0\u00bbhttps:\/\/lescigognesaugolf.fr\/wp-content\/uploads\/2026\/04\/Tombola-Tournante-ticket-20E-Souillac-Golf-2026-Small.jpg\u00a0\u00bb _builder_version=\u00a0\u00bb4.27.4&Prime; _module_preset=\u00a0\u00bbdefault\u00a0\u00bb title_text=\u00a0\u00bbTombola-Tournante-ticket-20\u20ac-Souillac-Golf-2026 (Small)\u00a0\u00bb hover_enabled=\u00a0\u00bb0&Prime; sticky_enabled=\u00a0\u00bb0&Prime; border_radii=\u00a0\u00bbon|30px|30px|30px|30px\u00a0\u00bb module_alignment=\u00a0\u00bbcenter\u00a0\u00bb][\/et_pb_image][\/et_pb_column][et_pb_column _builder_version=\u00a0\u00bb4.27.4&Prime; _module_preset=\u00a0\u00bbdefault\u00a0\u00bb type=\u00a0\u00bb1_4&Prime;][et_pb_text _builder_version=\u00a0\u00bb4.27.4&Prime; _module_preset=\u00a0\u00bbdefault\u00a0\u00bb hover_enabled=\u00a0\u00bb0&Prime; sticky_enabled=\u00a0\u00bb0&Prime;]<\/p>\n<p style=\"text-align: justify;\">L&rsquo;engagement du <strong>Golf Country Club de Souillac<\/strong> se manifeste \u00e9galement par une dotation g\u00e9n\u00e9reuse pour nos <b data-path-to-node=\"7\" data-index-in-node=\"92\">comp\u00e9titions caritatives<\/b>. Le Souillac Golf &amp; Country Club met en jeu un <b data-path-to-node=\"7\" data-index-in-node=\"164\">s\u00e9jour golfique pour 2 personnes<\/b> comprenant <b data-path-to-node=\"7\" data-index-in-node=\"208\">2 nuit\u00e9es<\/b>, <b data-path-to-node=\"7\" data-index-in-node=\"219\">2 petits-d\u00e9jeuners<\/b> et l&rsquo;acc\u00e8s aux <b data-path-to-node=\"7\" data-index-in-node=\"253\">green-fees en illimit\u00e9<\/b>. Ce lot exceptionnel fera l&rsquo;objet d&rsquo;une <b data-path-to-node=\"7\" data-index-in-node=\"316\">tombola tournante<\/b> tout au long de la saison, avec un <b data-path-to-node=\"7\" data-index-in-node=\"369\">tirage au sort final<\/b> qui aura lieu lors de notre grande finale au <b data-path-to-node=\"7\" data-index-in-node=\"435\">golf de Teynac<\/b>.<\/p>\n<p>[\/et_pb_text][\/et_pb_column][et_pb_column _builder_version=\u00a0\u00bb4.27.4&Prime; _module_preset=\u00a0\u00bbdefault\u00a0\u00bb type=\u00a0\u00bb1_4&Prime;][\/et_pb_column][et_pb_column _builder_version=\u00a0\u00bb4.27.4&Prime; _module_preset=\u00a0\u00bbdefault\u00a0\u00bb type=\u00a0\u00bb1_4&Prime;][\/et_pb_column][\/et_pb_row][\/et_pb_section][et_pb_section fb_built=\u00a0\u00bb1&Prime; admin_label=\u00a0\u00bbVideo\u00a0\u00bb _builder_version=\u00a0\u00bb4.27.4&Prime; _module_preset=\u00a0\u00bbdefault\u00a0\u00bb background_enable_color=\u00a0\u00bboff\u00a0\u00bb custom_padding=\u00a0\u00bb36px||24px|||\u00a0\u00bb collapsed=\u00a0\u00bbon\u00a0\u00bb][et_pb_row column_structure=\u00a0\u00bb1_3,2_3&Prime; _builder_version=\u00a0\u00bb4.24.0&Prime; _module_preset=\u00a0\u00bbdefault\u00a0\u00bb custom_padding=\u00a0\u00bb23px|||||\u00a0\u00bb locked=\u00a0\u00bboff\u00a0\u00bb global_colors_info=\u00a0\u00bb{}\u00a0\u00bb][et_pb_column type=\u00a0\u00bb1_3&Prime; _builder_version=\u00a0\u00bb4.22.0&Prime; _module_preset=\u00a0\u00bbdefault\u00a0\u00bb global_colors_info=\u00a0\u00bb{}\u00a0\u00bb][et_pb_image src=\u00a0\u00bbhttps:\/\/lescigognesaugolf.fr\/wp-content\/uploads\/2025\/07\/golfsauternais-scaled-e1698411792956.jpg\u00a0\u00bb title_text=\u00a0\u00bbDesign sans titre &#8211; 1&Prime; _builder_version=\u00a0\u00bb4.27.4&Prime; _module_preset=\u00a0\u00bbdefault\u00a0\u00bb border_radii=\u00a0\u00bbon|30px|30px|30px|30px\u00a0\u00bb global_colors_info=\u00a0\u00bb{}\u00a0\u00bb][\/et_pb_image][et_pb_button button_url=\u00a0\u00bbhttps:\/\/lescigognesaugolf.fr\/?page_id=1007&Prime; url_new_window=\u00a0\u00bbon\u00a0\u00bb button_text=\u00a0\u00bbEn savoir plus sur la comp\u00e9tition au Golf du Sauternais\u00a0\u00bb button_alignment=\u00a0\u00bbcenter\u00a0\u00bb _builder_version=\u00a0\u00bb4.27.4&Prime; _module_preset=\u00a0\u00bbdefault\u00a0\u00bb global_colors_info=\u00a0\u00bb{}\u00a0\u00bb][\/et_pb_button][\/et_pb_column][et_pb_column type=\u00a0\u00bb2_3&Prime; _builder_version=\u00a0\u00bb4.22.0&Prime; _module_preset=\u00a0\u00bbdefault\u00a0\u00bb global_colors_info=\u00a0\u00bb{}\u00a0\u00bb][et_pb_text _builder_version=\u00a0\u00bb4.27.4&Prime; _module_preset=\u00a0\u00bb63c65a39-cd73-47c1-8fae-3feab7b7eb9e\u00a0\u00bb global_colors_info=\u00a0\u00bb{}\u00a0\u00bb]<\/p>\n<h3>Le Golf du Sauternais : <br \/>dimanche 7 juin 2026<\/h3>\n<p style=\"text-align: justify;\">Notez bien la premi\u00e8re date de notre calendrier <b>2026<\/b> ! Nous vous donnons rendez-vous le <b>dimanche 7 juin 2026<\/b> au magnifique <b>Golf du Sauternais<\/b>, situ\u00e9 pr\u00e8s de Langon, \u00e0 environ 40 minutes de Bordeaux. Ce <b>parcours de 18 trous<\/b>, plat et bois\u00e9, est agr\u00e9ment\u00e9 de pi\u00e8ces d&rsquo;eau, offrant un cadre paisible et stimulant pour tous les <b>golfeurs<\/b>. Au-del\u00e0 du <b>golf<\/b>, le domaine est un v\u00e9ritable havre de paix, \u00e9quip\u00e9 d&rsquo;\u00e9colodges haut de gamme, d&rsquo;un restaurant et d&rsquo;un bar avec terrasse au bord du lac, id\u00e9al pour prolonger les bons moments apr\u00e8s la comp\u00e9tition. Venez d\u00e9couvrir ce lieu unique et partager avec nous une journ\u00e9e m\u00e9morable sur les <b>greens<\/b> !<\/p>\n<p>[\/et_pb_text][\/et_pb_column][\/et_pb_row][\/et_pb_section][et_pb_section fb_built=\u00a0\u00bb1&Prime; admin_label=\u00a0\u00bbVideo\u00a0\u00bb _builder_version=\u00a0\u00bb4.27.4&Prime; _module_preset=\u00a0\u00bbdefault\u00a0\u00bb background_color=\u00a0\u00bb#f2f0eb\u00a0\u00bb custom_padding=\u00a0\u00bb36px||24px|||\u00a0\u00bb collapsed=\u00a0\u00bbon\u00a0\u00bb][et_pb_row column_structure=\u00a0\u00bb1_3,2_3&Prime; _builder_version=\u00a0\u00bb4.24.0&Prime; _module_preset=\u00a0\u00bbdefault\u00a0\u00bb custom_padding=\u00a0\u00bb23px|||||\u00a0\u00bb locked=\u00a0\u00bboff\u00a0\u00bb global_colors_info=\u00a0\u00bb{}\u00a0\u00bb][et_pb_column type=\u00a0\u00bb1_3&Prime; _builder_version=\u00a0\u00bb4.22.0&Prime; _module_preset=\u00a0\u00bbdefault\u00a0\u00bb global_colors_info=\u00a0\u00bb{}\u00a0\u00bb][et_pb_image src=\u00a0\u00bbhttps:\/\/lescigognesaugolf.fr\/wp-content\/uploads\/2025\/08\/golf-relais-margaux-2.jpg\u00a0\u00bb title_text=\u00a0\u00bbgolf-relais-margaux-2&Prime; _builder_version=\u00a0\u00bb4.27.4&Prime; _module_preset=\u00a0\u00bbdefault\u00a0\u00bb border_radii=\u00a0\u00bbon|30px|30px|30px|30px\u00a0\u00bb global_colors_info=\u00a0\u00bb{}\u00a0\u00bb][\/et_pb_image][et_pb_button button_url=\u00a0\u00bbhttps:\/\/lescigognesaugolf.fr\/?page_id=1044&Prime; url_new_window=\u00a0\u00bbon\u00a0\u00bb button_text=\u00a0\u00bbEn savoir plus sur la comp\u00e9tition au Golf de Margaux\u00a0\u00bb button_alignment=\u00a0\u00bbcenter\u00a0\u00bb _builder_version=\u00a0\u00bb4.27.4&Prime; _module_preset=\u00a0\u00bbdefault\u00a0\u00bb global_colors_info=\u00a0\u00bb{}\u00a0\u00bb][\/et_pb_button][\/et_pb_column][et_pb_column type=\u00a0\u00bb2_3&Prime; _builder_version=\u00a0\u00bb4.22.0&Prime; _module_preset=\u00a0\u00bbdefault\u00a0\u00bb global_colors_info=\u00a0\u00bb{}\u00a0\u00bb][et_pb_text _builder_version=\u00a0\u00bb4.27.4&Prime; _module_preset=\u00a0\u00bb63c65a39-cd73-47c1-8fae-3feab7b7eb9e\u00a0\u00bb global_colors_info=\u00a0\u00bb{}\u00a0\u00bb]<\/p>\n<h3>Le Golf de Margaux : <br \/>dimanche 28 juin 2026<\/h3>\n<p>Nous vous donnons rendez-vous au magnifique <b>Golf de Margaux<\/b>, situ\u00e9 au c\u0153ur du c\u00e9l\u00e8bre vignoble. Ce <b>parcours de 18 trous<\/b>, dessin\u00e9 par Olivier Dongradi, est un v\u00e9ritable d\u00e9fi avec ses nombreuses pi\u00e8ces d\u2019eau et ses fairways \u00e9troits, offrant un cadre stimulant pour tous les golfeurs.<\/p>\n<p>Plus qu&rsquo;une comp\u00e9tition, c&rsquo;est un \u00e9v\u00e9nement solidaire ! La comp\u00e9tition se jouera en <b>Scramble \u00e0 deux<\/b>, l&rsquo;occasion parfaite pour allier passion du golf et engagement en faveur de la prise en charge des AVC. La journ\u00e9e se terminera par une remise des prix conviviale avec de nombreux lots offerts par des partenaires, l&rsquo;occasion id\u00e9ale pour prolonger les bons moments apr\u00e8s le jeu sur les greens !<\/p>\n<p>[\/et_pb_text][\/et_pb_column][\/et_pb_row][\/et_pb_section][et_pb_section fb_built=\u00a0\u00bb1&Prime; admin_label=\u00a0\u00bbVideo\u00a0\u00bb _builder_version=\u00a0\u00bb4.27.4&Prime; _module_preset=\u00a0\u00bbdefault\u00a0\u00bb background_enable_color=\u00a0\u00bboff\u00a0\u00bb custom_padding=\u00a0\u00bb36px||24px|||\u00a0\u00bb collapsed=\u00a0\u00bbon\u00a0\u00bb][et_pb_row column_structure=\u00a0\u00bb1_3,2_3&Prime; _builder_version=\u00a0\u00bb4.24.0&Prime; _module_preset=\u00a0\u00bbdefault\u00a0\u00bb custom_padding=\u00a0\u00bb23px|||||\u00a0\u00bb locked=\u00a0\u00bboff\u00a0\u00bb global_colors_info=\u00a0\u00bb{}\u00a0\u00bb][et_pb_column type=\u00a0\u00bb1_3&Prime; _builder_version=\u00a0\u00bb4.22.0&Prime; _module_preset=\u00a0\u00bbdefault\u00a0\u00bb global_colors_info=\u00a0\u00bb{}\u00a0\u00bb][et_pb_image src=\u00a0\u00bbhttps:\/\/lescigognesaugolf.fr\/wp-content\/uploads\/2025\/08\/golf-de-gujan-mestras-cover-watermarked-1.jpg\u00a0\u00bb title_text=\u00a0\u00bbgolf-de-gujan-mestras-cover-watermarked\u00a0\u00bb _builder_version=\u00a0\u00bb4.27.4&Prime; _module_preset=\u00a0\u00bbdefault\u00a0\u00bb border_radii=\u00a0\u00bbon|30px|30px|30px|30px\u00a0\u00bb global_colors_info=\u00a0\u00bb{}\u00a0\u00bb][\/et_pb_image][et_pb_button button_url=\u00a0\u00bbhttps:\/\/lescigognesaugolf.fr\/?page_id=1037&Prime; url_new_window=\u00a0\u00bbon\u00a0\u00bb button_text=\u00a0\u00bbEn savoir plus sur la comp\u00e9tition au Golf Bluegreen Gujan-Mestras\u00a0\u00bb button_alignment=\u00a0\u00bbcenter\u00a0\u00bb _builder_version=\u00a0\u00bb4.27.4&Prime; _module_preset=\u00a0\u00bbdefault\u00a0\u00bb global_colors_info=\u00a0\u00bb{}\u00a0\u00bb][\/et_pb_button][\/et_pb_column][et_pb_column type=\u00a0\u00bb2_3&Prime; _builder_version=\u00a0\u00bb4.22.0&Prime; _module_preset=\u00a0\u00bbdefault\u00a0\u00bb global_colors_info=\u00a0\u00bb{}\u00a0\u00bb][et_pb_text _builder_version=\u00a0\u00bb4.27.4&Prime; _module_preset=\u00a0\u00bb63c65a39-cd73-47c1-8fae-3feab7b7eb9e\u00a0\u00bb global_colors_info=\u00a0\u00bb{}\u00a0\u00bb]<\/p>\n<h3>Le Golf Bluegreen Gujan-Mestras: <br \/>dimanche 5 juillet 2026<\/h3>\n<p>Rendez-vous au magnifique <b>UGOLF de Bordeaux Villenave d\u2019Ornon<\/b>, un \u00e9crin de verdure aux portes de Bordeaux, pour une journ\u00e9e alliant passion du golf et solidarit\u00e9.<\/p>\n<p>Plus qu&rsquo;une comp\u00e9tition, c&rsquo;est un engagement pour la vie ! La comp\u00e9tition se jouera en formule conviviale <b>Scramble \u00e0 deux<\/b>, l&rsquo;occasion id\u00e9ale de soutenir la <b>lutte contre les AVC<\/b>. La journ\u00e9e se terminera par une <b>remise des prix<\/b> pleine de surprises et de nombreux lots offerts par nos partenaires, pour prolonger la convivialit\u00e9 apr\u00e8s le jeu sur les greens ! L&rsquo;int\u00e9gralit\u00e9 des droits de jeu sera revers\u00e9e pour l&rsquo;achat de mat\u00e9riel m\u00e9dical crucial au CHU de Bordeaux.<\/p>\n<p>[\/et_pb_text][\/et_pb_column][\/et_pb_row][\/et_pb_section][et_pb_section fb_built=\u00a0\u00bb1&Prime; admin_label=\u00a0\u00bbVideo\u00a0\u00bb _builder_version=\u00a0\u00bb4.27.4&Prime; _module_preset=\u00a0\u00bbdefault\u00a0\u00bb background_color=\u00a0\u00bb#f2f0eb\u00a0\u00bb custom_padding=\u00a0\u00bb36px||24px|||\u00a0\u00bb collapsed=\u00a0\u00bbon\u00a0\u00bb][et_pb_row column_structure=\u00a0\u00bb1_3,2_3&Prime; _builder_version=\u00a0\u00bb4.24.0&Prime; _module_preset=\u00a0\u00bbdefault\u00a0\u00bb custom_padding=\u00a0\u00bb23px|||||\u00a0\u00bb locked=\u00a0\u00bboff\u00a0\u00bb global_colors_info=\u00a0\u00bb{}\u00a0\u00bb][et_pb_column type=\u00a0\u00bb1_3&Prime; _builder_version=\u00a0\u00bb4.22.0&Prime; _module_preset=\u00a0\u00bbdefault\u00a0\u00bb global_colors_info=\u00a0\u00bb{}\u00a0\u00bb][et_pb_image src=\u00a0\u00bbhttps:\/\/lescigognesaugolf.fr\/wp-content\/uploads\/2025\/08\/A7CE9953-9F68-4BB3-93CD-0DC1102EA4DE-scaled-e1676732021739.jpg\u00a0\u00bb title_text=\u00a0\u00bbA7CE9953-9F68-4BB3-93CD-0DC1102EA4DE-scaled-e1676732021739&Prime; _builder_version=\u00a0\u00bb4.27.4&Prime; _module_preset=\u00a0\u00bbdefault\u00a0\u00bb border_radii=\u00a0\u00bbon|30px|30px|30px|30px\u00a0\u00bb global_colors_info=\u00a0\u00bb{}\u00a0\u00bb][\/et_pb_image][et_pb_button button_url=\u00a0\u00bbhttps:\/\/lescigognesaugolf.fr\/?page_id=1049&Prime; url_new_window=\u00a0\u00bbon\u00a0\u00bb button_text=\u00a0\u00bbEn savoir plus sur la comp\u00e9tition au Golf de Villenave d&rsquo;Ornon\u00a0\u00bb button_alignment=\u00a0\u00bbcenter\u00a0\u00bb _builder_version=\u00a0\u00bb4.27.4&Prime; _module_preset=\u00a0\u00bbdefault\u00a0\u00bb global_colors_info=\u00a0\u00bb{}\u00a0\u00bb][\/et_pb_button][\/et_pb_column][et_pb_column type=\u00a0\u00bb2_3&Prime; _builder_version=\u00a0\u00bb4.22.0&Prime; _module_preset=\u00a0\u00bbdefault\u00a0\u00bb global_colors_info=\u00a0\u00bb{}\u00a0\u00bb][et_pb_text _builder_version=\u00a0\u00bb4.27.4&Prime; _module_preset=\u00a0\u00bb63c65a39-cd73-47c1-8fae-3feab7b7eb9e\u00a0\u00bb global_colors_info=\u00a0\u00bb{}\u00a0\u00bb]<\/p>\n<h3>Le U Golf de Villenave d&rsquo;Ornon: <br \/>samedi 26 septembre 2026<\/h3>\n<p>Nous vous donnons rendez-vous au magnifique <b>UGOLF de Bordeaux Villenave d\u2019Ornon<\/b>, un <b>\u00e9crin de verdure de 100 hectares<\/b> con\u00e7u sur d\u2019anciennes gravi\u00e8res, offrant un <b>cadre idyllique<\/b> aux portes de Bordeaux.<\/p>\n<p>Plus qu&rsquo;une comp\u00e9tition, c&rsquo;est un \u00e9v\u00e9nement solidaire ! La comp\u00e9tition se jouera en formule conviviale <b>Scramble \u00e0 deux<\/b>, l&rsquo;occasion parfaite d&rsquo;allier passion du golf et <b>engagement en faveur de la prise en charge des AVC<\/b>. La journ\u00e9e se terminera par une <b>remise des prix<\/b> conviviale avec de nombreux lots offerts par des partenaires, l&rsquo;occasion id\u00e9ale pour prolonger les bons moments apr\u00e8s le jeu sur ce <b>parcours exceptionnel<\/b>. L&rsquo;int\u00e9gralit\u00e9 des droits de jeu est revers\u00e9e pour cette cause vitale.<\/p>\n<p>[\/et_pb_text][\/et_pb_column][\/et_pb_row][\/et_pb_section][et_pb_section fb_built=\u00a0\u00bb1&Prime; admin_label=\u00a0\u00bbVideo\u00a0\u00bb _builder_version=\u00a0\u00bb4.27.4&Prime; _module_preset=\u00a0\u00bbdefault\u00a0\u00bb background_color=\u00a0\u00bbRGBA(255,255,255,0)\u00a0\u00bb custom_padding=\u00a0\u00bb36px||24px|||\u00a0\u00bb collapsed=\u00a0\u00bbon\u00a0\u00bb][et_pb_row column_structure=\u00a0\u00bb1_3,2_3&Prime; _builder_version=\u00a0\u00bb4.24.0&Prime; _module_preset=\u00a0\u00bbdefault\u00a0\u00bb custom_padding=\u00a0\u00bb23px|||||\u00a0\u00bb locked=\u00a0\u00bboff\u00a0\u00bb global_colors_info=\u00a0\u00bb{}\u00a0\u00bb][et_pb_column type=\u00a0\u00bb1_3&Prime; _builder_version=\u00a0\u00bb4.22.0&Prime; _module_preset=\u00a0\u00bbdefault\u00a0\u00bb global_colors_info=\u00a0\u00bb{}\u00a0\u00bb][et_pb_image src=\u00a0\u00bbhttps:\/\/lescigognesaugolf.fr\/wp-content\/uploads\/2025\/07\/481911481_993949386167819_3853158005800298088_n.jpg\u00a0\u00bb title_text=\u00a0\u00bb481911481_993949386167819_3853158005800298088_n\u00a0\u00bb _builder_version=\u00a0\u00bb4.27.4&Prime; _module_preset=\u00a0\u00bbdefault\u00a0\u00bb border_radii=\u00a0\u00bbon|30px|30px|30px|30px\u00a0\u00bb global_colors_info=\u00a0\u00bb{}\u00a0\u00bb][\/et_pb_image][\/et_pb_column][et_pb_column type=\u00a0\u00bb2_3&Prime; _builder_version=\u00a0\u00bb4.27.4&Prime; _module_preset=\u00a0\u00bbdefault\u00a0\u00bb global_colors_info=\u00a0\u00bb{}\u00a0\u00bb][et_pb_text _builder_version=\u00a0\u00bb4.27.4&Prime; _module_preset=\u00a0\u00bb63c65a39-cd73-47c1-8fae-3feab7b7eb9e\u00a0\u00bb global_colors_info=\u00a0\u00bb{}\u00a0\u00bb]<\/p>\n<h3>La Grande Finale au Golf de Teynac :<\/h3>\n<h4>Un Cadre d&rsquo;Exception et une Soir\u00e9e M\u00e9morable<br \/>Samedi 3 octobre 2026<\/h4>\n<p style=\"text-align: justify;\">Pour cl\u00f4turer en beaut\u00e9 notre saison <b>2026<\/b> de <b>comp\u00e9titions<\/b>, la grande finale des <b>Cigognes au Golf<\/b> se tiendra dans un cadre exceptionnel : le <b>Golf de Teynac<\/b> ! Situ\u00e9 en Gironde, entre les c\u00e9l\u00e8bres vignobles et de paisibles for\u00eats, \u00e0 seulement 18 km de Bordeaux et 15 km de Libourne, ce <b>parcours de 18 trous<\/b> (Par 68) offre un environnement de jeu unique. Am\u00e9nag\u00e9 sur un ancien domaine viticole, le charme du lieu est incontestable, avec son ch\u00e2teau transform\u00e9 en chambres d&rsquo;h\u00f4tes et son chai r\u00e9habilit\u00e9 en club house et restaurant. Le <b>Golf de Teynac<\/b> est le lieu id\u00e9al pour une finale m\u00e9morable, alliant d\u00e9fi <b>golfique<\/b> et plaisir des sens. Pour couronner cette journ\u00e9e intense, nous aurons le plaisir de nous retrouver pour un <b>d\u00eener de gala<\/b>, l&rsquo;occasion parfaite de prolonger les \u00e9changes, de partager des souvenirs pr\u00e9cieux dans une ambiance festive. Venez vivre l&rsquo;apog\u00e9e de notre saison, partager des moments forts dans ce lieu empreint d&rsquo;histoire et de beaut\u00e9 !<\/p>\n<p>[\/et_pb_text][et_pb_button button_url=\u00a0\u00bbhttps:\/\/lescigognesaugolf.fr\/?page_id=1064&Prime; url_new_window=\u00a0\u00bbon\u00a0\u00bb button_text=\u00a0\u00bbEn savoir plus sur la Finale au Golf de Teynac\u00a0\u00bb button_alignment=\u00a0\u00bbleft\u00a0\u00bb _builder_version=\u00a0\u00bb4.27.4&Prime; _module_preset=\u00a0\u00bbdefault\u00a0\u00bb global_colors_info=\u00a0\u00bb{}\u00a0\u00bb][\/et_pb_button][\/et_pb_column][\/et_pb_row][\/et_pb_section][et_pb_section fb_built=\u00a0\u00bb1&Prime; admin_label=\u00a0\u00bbVideo\u00a0\u00bb _builder_version=\u00a0\u00bb4.27.4&Prime; _module_preset=\u00a0\u00bbdefault\u00a0\u00bb background_color=\u00a0\u00bb#f2f0eb\u00a0\u00bb custom_padding=\u00a0\u00bb36px||24px|||\u00a0\u00bb collapsed=\u00a0\u00bbon\u00a0\u00bb][et_pb_row column_structure=\u00a0\u00bb1_3,2_3&Prime; _builder_version=\u00a0\u00bb4.24.0&Prime; _module_preset=\u00a0\u00bbdefault\u00a0\u00bb custom_padding=\u00a0\u00bb23px|||||\u00a0\u00bb locked=\u00a0\u00bboff\u00a0\u00bb global_colors_info=\u00a0\u00bb{}\u00a0\u00bb][et_pb_column type=\u00a0\u00bb1_3&Prime; _builder_version=\u00a0\u00bb4.22.0&Prime; _module_preset=\u00a0\u00bbdefault\u00a0\u00bb global_colors_info=\u00a0\u00bb{}\u00a0\u00bb][et_pb_image src=\u00a0\u00bbhttps:\/\/lescigognesaugolf.fr\/wp-content\/uploads\/2025\/07\/c5137df8-2bf2-4f34-9b77-629042c0e95c.jpg\u00a0\u00bb title_text=\u00a0\u00bbc5137df8-2bf2-4f34-9b77-629042c0e95c\u00a0\u00bb _builder_version=\u00a0\u00bb4.27.4&Prime; _module_preset=\u00a0\u00bbdefault\u00a0\u00bb border_radii=\u00a0\u00bbon|30px|30px|30px|30px\u00a0\u00bb global_colors_info=\u00a0\u00bb{}\u00a0\u00bb][\/et_pb_image][\/et_pb_column][et_pb_column type=\u00a0\u00bb2_3&Prime; _builder_version=\u00a0\u00bb4.22.0&Prime; _module_preset=\u00a0\u00bbdefault\u00a0\u00bb global_colors_info=\u00a0\u00bb{}\u00a0\u00bb][et_pb_text _builder_version=\u00a0\u00bb4.27.4&Prime; _module_preset=\u00a0\u00bb63c65a39-cd73-47c1-8fae-3feab7b7eb9e\u00a0\u00bb global_colors_info=\u00a0\u00bb{}\u00a0\u00bb]<\/p>\n<h3>Rejoignez l&rsquo;Aventure ou Soutenez-nous !<\/h3>\n<p style=\"text-align: justify;\">Envie de faire partie de notre belle communaut\u00e9 et de donner du sens \u00e0 votre passion du <b>golf<\/b> ? Les <b>Cigognes au Golf<\/b> vous ouvrent leurs portes ! Il existe plusieurs fa\u00e7ons de nous <b>rejoindre<\/b> ou de nous <b>soutenir<\/b>. <br \/>La plus simple est de <b>participer \u00e0 nos comp\u00e9titions<\/b> ; c&rsquo;est l&rsquo;occasion id\u00e9ale de partager de bons moments tout en contribuant \u00e0 une noble cause. Laissez-nous vos coordonn\u00e9es, et nous vous tiendrons inform\u00e9s d\u00e8s que les inscriptions seront ouvertes pour nos prochains \u00e9v\u00e9nements. <br \/>Si vous souhaitez vous impliquer davantage, vous pouvez \u00e9galement <b>adh\u00e9rer<\/b> \u00e0 notre association et devenir un membre \u00e0 part enti\u00e8re de la famille des Cigognes. <br \/>Enfin, chaque geste compte : si le c\u0153ur vous en dit, n&rsquo;h\u00e9sitez pas \u00e0 faire un <b>don<\/b> pour nous aider \u00e0 poursuivre nos actions caritatives. Ensemble, faisons grandir notre passion et notre engagement !<\/p>\n<p>[\/et_pb_text][\/et_pb_column][\/et_pb_row][\/et_pb_section]<\/p>\n","protected":false},"excerpt":{"rendered":"<p>Nos Comp\u00e9titions 2026 Jouer, Partager, SoutenirLe Golf Convivial au Service d&rsquo;une Belle Cause En 2026, les Cigognes au Golf vous invitent \u00e0 vivre des moments golfiques exceptionnels \u00e0 travers nos comp\u00e9titions ! Fid\u00e8les \u00e0 notre esprit de convivialit\u00e9, toutes nos comp\u00e9titions se d\u00e9rouleront en formule scramble, parfaite pour le plaisir de jeu et le partage [&hellip;]<\/p>\n","protected":false},"author":2,"featured_media":0,"parent":0,"menu_order":0,"comment_status":"closed","ping_status":"closed","template":"","meta":{"_et_pb_use_builder":"on","_et_pb_old_content":"","_et_gb_content_width":"","footnotes":""},"class_list":["post-298","page","type-page","status-publish","hentry"],"_links":{"self":[{"href":"https:\/\/lescigognesaugolf.fr\/index.php?rest_route=\/wp\/v2\/pages\/298","targetHints":{"allow":["GET"]}}],"collection":[{"href":"https:\/\/lescigognesaugolf.fr\/index.php?rest_route=\/wp\/v2\/pages"}],"about":[{"href":"https:\/\/lescigognesaugolf.fr\/index.php?rest_route=\/wp\/v2\/types\/page"}],"author":[{"embeddable":true,"href":"https:\/\/lescigognesaugolf.fr\/index.php?rest_route=\/wp\/v2\/users\/2"}],"replies":[{"embeddable":true,"href":"https:\/\/lescigognesaugolf.fr\/index.php?rest_route=%2Fwp%2Fv2%2Fcomments&post=298"}],"version-history":[{"count":16,"href":"https:\/\/lescigognesaugolf.fr\/index.php?rest_route=\/wp\/v2\/pages\/298\/revisions"}],"predecessor-version":[{"id":1284,"href":"https:\/\/lescigognesaugolf.fr\/index.php?rest_route=\/wp\/v2\/pages\/298\/revisions\/1284"}],"wp:attachment":[{"href":"https:\/\/lescigognesaugolf.fr\/index.php?rest_route=%2Fwp%2Fv2%2Fmedia&parent=298"}],"curies":[{"name":"wp","href":"https:\/\/api.w.org\/{rel}","templated":true}]}}