{"id":270,"date":"2025-07-24T10:39:00","date_gmt":"2025-07-24T08:39:00","guid":{"rendered":"http:\/\/lescigognesaugolf.fr\/?page_id=270"},"modified":"2025-10-14T12:20:15","modified_gmt":"2025-10-14T10:20:15","slug":"qui-sont-les-cigognes-au-golf","status":"publish","type":"page","link":"https:\/\/lescigognesaugolf.fr\/?page_id=270","title":{"rendered":"Qui sont \u00ab\u00a0les Cigognes au Golf\u00a0\u00bb"},"content":{"rendered":"<p>[et_pb_section fb_built=\u00a0\u00bb1&Prime; admin_label=\u00a0\u00bbHeader\u00a0\u00bb _builder_version=\u00a0\u00bb4.27.4&Prime; _module_preset=\u00a0\u00bb81ba546c-dd92-4145-ab21-28dbff855d2a\u00a0\u00bb custom_padding=\u00a0\u00bb11px||23px|||\u00a0\u00bb collapsed=\u00a0\u00bbon\u00a0\u00bb global_colors_info=\u00a0\u00bb{}\u00a0\u00bb][et_pb_row _builder_version=\u00a0\u00bb4.24.0&Prime; _module_preset=\u00a0\u00bbdefault\u00a0\u00bb global_colors_info=\u00a0\u00bb{}\u00a0\u00bb][et_pb_column type=\u00a0\u00bb4_4&Prime; _builder_version=\u00a0\u00bb4.22.0&Prime; _module_preset=\u00a0\u00bbdefault\u00a0\u00bb global_colors_info=\u00a0\u00bb{}\u00a0\u00bb][et_pb_heading title=\u00a0\u00bbQui sont %22les Cigognes au Golf%22&Prime; _builder_version=\u00a0\u00bb4.27.4&Prime; _module_preset=\u00a0\u00bbc1253fe8-602a-4752-89bc-148a73740ac6&Prime; global_colors_info=\u00a0\u00bb{}\u00a0\u00bb][\/et_pb_heading][\/et_pb_column][\/et_pb_row][et_pb_row column_structure=\u00a0\u00bb2_5,3_5&Prime; _builder_version=\u00a0\u00bb4.22.0&Prime; _module_preset=\u00a0\u00bbdefault\u00a0\u00bb global_colors_info=\u00a0\u00bb{}\u00a0\u00bb][et_pb_column type=\u00a0\u00bb2_5&Prime; _builder_version=\u00a0\u00bb4.22.0&Prime; _module_preset=\u00a0\u00bbdefault\u00a0\u00bb global_colors_info=\u00a0\u00bb{}\u00a0\u00bb][et_pb_image src=\u00a0\u00bbhttps:\/\/lescigognesaugolf.fr\/wp-content\/uploads\/2025\/07\/20250807_Les_Cigognes_au_Golf_-BD_51-1.jpg\u00a0\u00bb title_text=\u00a0\u00bb20250807_Les_Cigognes_au_Golf_ BD_51&Prime; _builder_version=\u00a0\u00bb4.27.4&Prime; _module_preset=\u00a0\u00bbb95b5fcd-6fe3-4627-a3db-d8f82a3bc917&Prime; global_colors_info=\u00a0\u00bb{}\u00a0\u00bb][\/et_pb_image][\/et_pb_column][et_pb_column type=\u00a0\u00bb3_5&Prime; _builder_version=\u00a0\u00bb4.22.0&Prime; _module_preset=\u00a0\u00bbdefault\u00a0\u00bb global_colors_info=\u00a0\u00bb{}\u00a0\u00bb][et_pb_heading title=\u00a0\u00bbUne Passion Partag\u00e9e, une Amiti\u00e9 Forg\u00e9e\u00a0\u00bb _builder_version=\u00a0\u00bb4.27.4&Prime; _module_preset=\u00a0\u00bbade78d2b-645a-456a-8958-cc9544e046f1&Prime; global_colors_info=\u00a0\u00bb{}\u00a0\u00bb][\/et_pb_heading][et_pb_text _builder_version=\u00a0\u00bb4.27.4&Prime; _module_preset=\u00a0\u00bb63c65a39-cd73-47c1-8fae-3feab7b7eb9e\u00a0\u00bb custom_padding=\u00a0\u00bb0px||0px|||\u00a0\u00bb hover_enabled=\u00a0\u00bb0&Prime; global_colors_info=\u00a0\u00bb{}\u00a0\u00bb sticky_enabled=\u00a0\u00bb0&Prime;]<\/p>\n<p><b>Domi, Fran\u00e7oise, Mah\u00e9 et Morgan<\/b>, quatre passionn\u00e9s de <b>golf<\/b>, ont eu une vision commune : cr\u00e9er un groupe o\u00f9 convivialit\u00e9 rime avec partage. Forts de leurs exp\u00e9riences pass\u00e9es dans le monde associatif et caritatif, ils ont souhait\u00e9 donner un sens plus profond \u00e0 leur amour du <b>golf<\/b>. L&rsquo;id\u00e9e \u00e9tait simple mais puissante : jouer <b>ENSEMBLE<\/b> et servir <b>ENSEMBLE<\/b>. C&rsquo;est de cette volont\u00e9 qu&rsquo;est n\u00e9 un groupe uni, pr\u00eat \u00e0 partager bien plus que des parcours.<\/p>\n<p>[\/et_pb_text][\/et_pb_column][\/et_pb_row][et_pb_row column_structure=\u00a0\u00bb1_4,1_4,1_4,1_4&Prime; _builder_version=\u00a0\u00bb4.27.4&Prime; _module_preset=\u00a0\u00bbdefault\u00a0\u00bb global_colors_info=\u00a0\u00bb{}\u00a0\u00bb][et_pb_column type=\u00a0\u00bb1_4&Prime; _builder_version=\u00a0\u00bb4.27.4&Prime; _module_preset=\u00a0\u00bbdefault\u00a0\u00bb global_colors_info=\u00a0\u00bb{}\u00a0\u00bb][et_pb_image src=\u00a0\u00bbhttps:\/\/lescigognesaugolf.fr\/wp-content\/uploads\/2025\/07\/20250807_Les_Cigognes_au_Golf_-BD_98-1-scaled.jpg\u00a0\u00bb title_text=\u00a0\u00bb20250807_Les_Cigognes_au_Golf_ BD_98&Prime; _builder_version=\u00a0\u00bb4.27.4&Prime; _module_preset=\u00a0\u00bbdefault\u00a0\u00bb border_radii=\u00a0\u00bbon|30px|30px|30px|30px\u00a0\u00bb global_colors_info=\u00a0\u00bb{}\u00a0\u00bb][\/et_pb_image][et_pb_text _builder_version=\u00a0\u00bb4.27.4&Prime; _module_preset=\u00a0\u00bbdefault\u00a0\u00bb global_colors_info=\u00a0\u00bb{}\u00a0\u00bb]<\/p>\n<p style=\"text-align: center;\">Mah\u00e9<br \/>Pr\u00e9sidente<\/p>\n<p>[\/et_pb_text][\/et_pb_column][et_pb_column type=\u00a0\u00bb1_4&Prime; _builder_version=\u00a0\u00bb4.27.4&Prime; _module_preset=\u00a0\u00bbdefault\u00a0\u00bb global_colors_info=\u00a0\u00bb{}\u00a0\u00bb][et_pb_image src=\u00a0\u00bbhttps:\/\/lescigognesaugolf.fr\/wp-content\/uploads\/2025\/07\/20250807_Les_Cigognes_au_Golf_-BD_99-1-scaled.jpg\u00a0\u00bb title_text=\u00a0\u00bb20250807_Les_Cigognes_au_Golf_ BD_99&Prime; _builder_version=\u00a0\u00bb4.27.4&Prime; _module_preset=\u00a0\u00bbdefault\u00a0\u00bb border_radii=\u00a0\u00bbon|30px|30px|30px|30px\u00a0\u00bb global_colors_info=\u00a0\u00bb{}\u00a0\u00bb][\/et_pb_image][et_pb_text _builder_version=\u00a0\u00bb4.27.4&Prime; _module_preset=\u00a0\u00bbdefault\u00a0\u00bb global_colors_info=\u00a0\u00bb{}\u00a0\u00bb]<\/p>\n<p style=\"text-align: center;\">Morgan<br \/>Secr\u00e9taire<\/p>\n<p>[\/et_pb_text][\/et_pb_column][et_pb_column type=\u00a0\u00bb1_4&Prime; _builder_version=\u00a0\u00bb4.27.4&Prime; _module_preset=\u00a0\u00bbdefault\u00a0\u00bb global_colors_info=\u00a0\u00bb{}\u00a0\u00bb][et_pb_image src=\u00a0\u00bbhttps:\/\/lescigognesaugolf.fr\/wp-content\/uploads\/2025\/07\/20250807_Les_Cigognes_au_Golf_-BD_97-scaled.jpg\u00a0\u00bb title_text=\u00a0\u00bb20250807_Les_Cigognes_au_Golf_ BD_97&Prime; _builder_version=\u00a0\u00bb4.27.4&Prime; _module_preset=\u00a0\u00bbdefault\u00a0\u00bb border_radii=\u00a0\u00bbon|30px|30px|30px|30px\u00a0\u00bb global_colors_info=\u00a0\u00bb{}\u00a0\u00bb][\/et_pb_image][et_pb_text _builder_version=\u00a0\u00bb4.27.4&Prime; _module_preset=\u00a0\u00bbdefault\u00a0\u00bb global_colors_info=\u00a0\u00bb{}\u00a0\u00bb]<\/p>\n<p style=\"text-align: center;\">Fran\u00e7oise<br \/>Tr\u00e9sori\u00e8re<\/p>\n<p>[\/et_pb_text][\/et_pb_column][et_pb_column type=\u00a0\u00bb1_4&Prime; _builder_version=\u00a0\u00bb4.27.4&Prime; _module_preset=\u00a0\u00bbdefault\u00a0\u00bb global_colors_info=\u00a0\u00bb{}\u00a0\u00bb][et_pb_image src=\u00a0\u00bbhttps:\/\/lescigognesaugolf.fr\/wp-content\/uploads\/2025\/07\/20250807_Les_Cigognes_au_Golf_-BD_100-1-scaled.jpg\u00a0\u00bb title_text=\u00a0\u00bb20250807_Les_Cigognes_au_Golf_ BD_100&Prime; _builder_version=\u00a0\u00bb4.27.4&Prime; _module_preset=\u00a0\u00bbdefault\u00a0\u00bb border_radii=\u00a0\u00bbon|30px|30px|30px|30px\u00a0\u00bb global_colors_info=\u00a0\u00bb{}\u00a0\u00bb][\/et_pb_image][et_pb_text _builder_version=\u00a0\u00bb4.27.4&Prime; _module_preset=\u00a0\u00bbdefault\u00a0\u00bb global_colors_info=\u00a0\u00bb{}\u00a0\u00bb]<\/p>\n<p style=\"text-align: center;\">Domi<br \/>Responsable technique<\/p>\n<p>[\/et_pb_text][\/et_pb_column][\/et_pb_row][\/et_pb_section][et_pb_section fb_built=\u00a0\u00bb1&Prime; admin_label=\u00a0\u00bbVideo\u00a0\u00bb _builder_version=\u00a0\u00bb4.22.0&Prime; _module_preset=\u00a0\u00bbdefault\u00a0\u00bb custom_padding=\u00a0\u00bb36px|||||\u00a0\u00bb collapsed=\u00a0\u00bbon\u00a0\u00bb][et_pb_row column_structure=\u00a0\u00bb1_3,2_3&Prime; _builder_version=\u00a0\u00bb4.24.0&Prime; _module_preset=\u00a0\u00bbdefault\u00a0\u00bb custom_padding=\u00a0\u00bb23px|||||\u00a0\u00bb locked=\u00a0\u00bboff\u00a0\u00bb global_colors_info=\u00a0\u00bb{}\u00a0\u00bb][et_pb_column type=\u00a0\u00bb1_3&Prime; _builder_version=\u00a0\u00bb4.22.0&Prime; _module_preset=\u00a0\u00bbdefault\u00a0\u00bb global_colors_info=\u00a0\u00bb{}\u00a0\u00bb][et_pb_image src=\u00a0\u00bbhttps:\/\/lescigognesaugolf.fr\/wp-content\/uploads\/2025\/07\/IMG_8588-1.jpg\u00a0\u00bb title_text=\u00a0\u00bbIMG_8588&Prime; _builder_version=\u00a0\u00bb4.27.4&Prime; _module_preset=\u00a0\u00bbdefault\u00a0\u00bb border_radii=\u00a0\u00bbon|30px|30px|30px|30px\u00a0\u00bb global_colors_info=\u00a0\u00bb{}\u00a0\u00bb][\/et_pb_image][\/et_pb_column][et_pb_column type=\u00a0\u00bb2_3&Prime; _builder_version=\u00a0\u00bb4.22.0&Prime; _module_preset=\u00a0\u00bbdefault\u00a0\u00bb global_colors_info=\u00a0\u00bb{}\u00a0\u00bb][et_pb_text _builder_version=\u00a0\u00bb4.27.4&Prime; _module_preset=\u00a0\u00bb63c65a39-cd73-47c1-8fae-3feab7b7eb9e\u00a0\u00bb global_colors_info=\u00a0\u00bb{}\u00a0\u00bb]<\/p>\n<h3>Notre Nom, une Histoire Porte-Bonheur<\/h3>\n<p style=\"text-align: justify;\">Pourquoi les <b>Cigognes<\/b> ? Ce nom a une histoire qui nous est ch\u00e8re. Lors d&rsquo;un voyage m\u00e9morable, des cigognes se sont pos\u00e9es sur le <b>golf<\/b>, nous accompagnant jusqu&rsquo;au green. Ce jour-l\u00e0, nous avons tous jou\u00e9 un <b>golf<\/b> exceptionnel, comme si ces majestueux oiseaux nous avaient transmis leur chance et de bonnes ondes. Depuis, elles sont devenues notre <b>mascotte<\/b> et notre <b>porte-bonheur<\/b>, symbolisant la r\u00e9ussite et le bien-\u00eatre sur les <b>greens<\/b>. Il \u00e9tait donc tout naturel de les associer au nom de notre association.<\/p>\n<p>[\/et_pb_text][\/et_pb_column][\/et_pb_row][\/et_pb_section][et_pb_section fb_built=\u00a0\u00bb1&Prime; admin_label=\u00a0\u00bbVideo\u00a0\u00bb _builder_version=\u00a0\u00bb4.27.4&Prime; _module_preset=\u00a0\u00bbdefault\u00a0\u00bb background_color=\u00a0\u00bb#f2f0eb\u00a0\u00bb custom_padding=\u00a0\u00bb36px||13px|||\u00a0\u00bb collapsed=\u00a0\u00bbon\u00a0\u00bb][et_pb_row column_structure=\u00a0\u00bb1_3,2_3&Prime; _builder_version=\u00a0\u00bb4.24.0&Prime; _module_preset=\u00a0\u00bbdefault\u00a0\u00bb custom_padding=\u00a0\u00bb23px|||||\u00a0\u00bb locked=\u00a0\u00bboff\u00a0\u00bb global_colors_info=\u00a0\u00bb{}\u00a0\u00bb][et_pb_column type=\u00a0\u00bb1_3&Prime; _builder_version=\u00a0\u00bb4.22.0&Prime; _module_preset=\u00a0\u00bbdefault\u00a0\u00bb global_colors_info=\u00a0\u00bb{}\u00a0\u00bb][et_pb_image src=\u00a0\u00bbhttps:\/\/lescigognesaugolf.fr\/wp-content\/uploads\/2025\/07\/IMG_0998-1.jpg\u00a0\u00bb title_text=\u00a0\u00bbIMG_0998 (1)\u00a0\u00bb _builder_version=\u00a0\u00bb4.27.4&Prime; _module_preset=\u00a0\u00bbdefault\u00a0\u00bb border_radii=\u00a0\u00bbon|30px|30px|30px|30px\u00a0\u00bb global_colors_info=\u00a0\u00bb{}\u00a0\u00bb][\/et_pb_image][\/et_pb_column][et_pb_column type=\u00a0\u00bb2_3&Prime; _builder_version=\u00a0\u00bb4.22.0&Prime; _module_preset=\u00a0\u00bbdefault\u00a0\u00bb global_colors_info=\u00a0\u00bb{}\u00a0\u00bb][et_pb_text _builder_version=\u00a0\u00bb4.27.4&Prime; _module_preset=\u00a0\u00bb63c65a39-cd73-47c1-8fae-3feab7b7eb9e\u00a0\u00bb global_colors_info=\u00a0\u00bb{}\u00a0\u00bb]<\/p>\n<h3>Des Moments Golfiques Inoubliables!<\/h3>\n<p>Notre ambition est de cr\u00e9er des moments de <b>golf<\/b> m\u00e9morables. Au-del\u00e0 des parties, nous voulons vous offrir des <b>sorties<\/b> et des <b>voyages<\/b> qui sont autant d&rsquo;occasions de vivre pleinement notre passion <b>ensemble<\/b>. Imaginez des rires sur le fairway, des d\u00e9fis amicaux et des souvenirs \u00e0 construire \u00e0 chaque swing. Notre groupe est un v\u00e9ritable lieu de partage o\u00f9 la <b>convivialit\u00e9<\/b> est le ma\u00eetre mot.<\/p>\n<p>[\/et_pb_text][\/et_pb_column][\/et_pb_row][\/et_pb_section][et_pb_section fb_built=\u00a0\u00bb1&Prime; admin_label=\u00a0\u00bbVideo\u00a0\u00bb _builder_version=\u00a0\u00bb4.22.0&Prime; _module_preset=\u00a0\u00bbdefault\u00a0\u00bb custom_padding=\u00a0\u00bb36px|||||\u00a0\u00bb collapsed=\u00a0\u00bbon\u00a0\u00bb][et_pb_row column_structure=\u00a0\u00bb1_4,3_4&Prime; _builder_version=\u00a0\u00bb4.24.0&Prime; _module_preset=\u00a0\u00bbdefault\u00a0\u00bb custom_padding=\u00a0\u00bb23px|||||\u00a0\u00bb locked=\u00a0\u00bboff\u00a0\u00bb global_colors_info=\u00a0\u00bb{}\u00a0\u00bb][et_pb_column type=\u00a0\u00bb1_4&Prime; _builder_version=\u00a0\u00bb4.22.0&Prime; _module_preset=\u00a0\u00bbdefault\u00a0\u00bb global_colors_info=\u00a0\u00bb{}\u00a0\u00bb][et_pb_image src=\u00a0\u00bbhttps:\/\/lescigognesaugolf.fr\/wp-content\/uploads\/2025\/07\/avc-6666-Small.jpg\u00a0\u00bb title_text=\u00a0\u00bbavc 6666 (Small)\u00a0\u00bb _builder_version=\u00a0\u00bb4.27.4&Prime; _module_preset=\u00a0\u00bbdefault\u00a0\u00bb width=\u00a0\u00bb74%\u00a0\u00bb module_alignment=\u00a0\u00bbcenter\u00a0\u00bb border_radii=\u00a0\u00bbon|30px|30px|30px|30px\u00a0\u00bb global_colors_info=\u00a0\u00bb{}\u00a0\u00bb][\/et_pb_image][\/et_pb_column][et_pb_column type=\u00a0\u00bb3_4&Prime; _builder_version=\u00a0\u00bb4.22.0&Prime; _module_preset=\u00a0\u00bbdefault\u00a0\u00bb global_colors_info=\u00a0\u00bb{}\u00a0\u00bb][et_pb_text _builder_version=\u00a0\u00bb4.27.4&Prime; _module_preset=\u00a0\u00bb63c65a39-cd73-47c1-8fae-3feab7b7eb9e\u00a0\u00bb global_colors_info=\u00a0\u00bb{}\u00a0\u00bb]<\/p>\n<h3>Jouer pour une Bonne Cause : Agir Ensemble<\/h3>\n<p>Donner du sens \u00e0 notre passion est essentiel. C&rsquo;est pourquoi nous avons d\u00e9cid\u00e9 d&rsquo;ajouter une dimension <b>caritative<\/b> \u00e0 notre projet. Nous avons choisi de soutenir la cause des <b>AVC<\/b>, une maladie qui touche malheureusement trop de personnes qui nous sont ch\u00e8res. Pour cela, nous organisons r\u00e9guli\u00e8rement des <b>comp\u00e9titions caritatives<\/b> ouvertes \u00e0 tous les <b>golfeurs<\/b>. Nous privil\u00e9gions les formules de jeu comme les <b>scrambles<\/b>, parfaites pour maintenir notre esprit de <b>convivialit\u00e9<\/b> tout en \u0153uvrant pour cette cause importante. Chaque partie jou\u00e9e devient ainsi un acte de g\u00e9n\u00e9rosit\u00e9.<\/p>\n<p>[\/et_pb_text][et_pb_button button_url=\u00a0\u00bbhttps:\/\/lescigognesaugolf.fr\/?page_id=353&Prime; url_new_window=\u00a0\u00bbon\u00a0\u00bb button_text=\u00a0\u00bbComment nous soutenir\u00a0\u00bb _builder_version=\u00a0\u00bb4.27.4&Prime; _module_preset=\u00a0\u00bbeface43c-e8c6-49b5-a352-7de4ef52964b\u00a0\u00bb button_text_size=\u00a0\u00bb14px\u00a0\u00bb button_border_radius=\u00a0\u00bb100px\u00a0\u00bb button_font=\u00a0\u00bbInter|700|||||||\u00a0\u00bb custom_margin=\u00a0\u00bb21px|||||\u00a0\u00bb global_colors_info=\u00a0\u00bb{}\u00a0\u00bb][\/et_pb_button][\/et_pb_column][\/et_pb_row][\/et_pb_section][et_pb_section fb_built=\u00a0\u00bb1&Prime; admin_label=\u00a0\u00bbVideo\u00a0\u00bb _builder_version=\u00a0\u00bb4.27.4&Prime; _module_preset=\u00a0\u00bbdefault\u00a0\u00bb background_color=\u00a0\u00bb#f2f0eb\u00a0\u00bb custom_padding=\u00a0\u00bb36px||13px|||\u00a0\u00bb collapsed=\u00a0\u00bbon\u00a0\u00bb][et_pb_row column_structure=\u00a0\u00bb1_3,2_3&Prime; _builder_version=\u00a0\u00bb4.24.0&Prime; _module_preset=\u00a0\u00bbdefault\u00a0\u00bb custom_padding=\u00a0\u00bb23px|||||\u00a0\u00bb locked=\u00a0\u00bboff\u00a0\u00bb global_colors_info=\u00a0\u00bb{}\u00a0\u00bb][et_pb_column type=\u00a0\u00bb1_3&Prime; _builder_version=\u00a0\u00bb4.22.0&Prime; _module_preset=\u00a0\u00bbdefault\u00a0\u00bb global_colors_info=\u00a0\u00bb{}\u00a0\u00bb][et_pb_image src=\u00a0\u00bbhttps:\/\/lescigognesaugolf.fr\/wp-content\/uploads\/2025\/07\/pexels-mikhail-nilov-9207240-Small.jpg\u00a0\u00bb title_text=\u00a0\u00bbpexels-mikhail-nilov-9207240 (Small)\u00a0\u00bb _builder_version=\u00a0\u00bb4.27.4&Prime; _module_preset=\u00a0\u00bbdefault\u00a0\u00bb border_radii=\u00a0\u00bbon|30px|30px|30px|30px\u00a0\u00bb global_colors_info=\u00a0\u00bb{}\u00a0\u00bb][\/et_pb_image][\/et_pb_column][et_pb_column type=\u00a0\u00bb2_3&Prime; _builder_version=\u00a0\u00bb4.22.0&Prime; _module_preset=\u00a0\u00bbdefault\u00a0\u00bb global_colors_info=\u00a0\u00bb{}\u00a0\u00bb][et_pb_text _builder_version=\u00a0\u00bb4.27.4&Prime; _module_preset=\u00a0\u00bb63c65a39-cd73-47c1-8fae-3feab7b7eb9e\u00a0\u00bb min_height=\u00a0\u00bb616.4px\u00a0\u00bb custom_margin=\u00a0\u00bb||-426px|||\u00a0\u00bb custom_padding=\u00a0\u00bb0px||0px|||\u00a0\u00bb global_colors_info=\u00a0\u00bb{}\u00a0\u00bb]<\/p>\n<h3>Rejoignez l&rsquo;Aventure !<\/h3>\n<p>Envie de partager des moments <b>golfiques<\/b> uniques, de vous amuser et de contribuer \u00e0 une belle cause ? Les <b>Cigognes au Golf<\/b> vous attendent ! Rejoignez notre groupe convivial et passionn\u00e9. Pour ne rien manquer de nos actualit\u00e9s, de nos <b>sorties<\/b>, de nos <b>voyages<\/b> et de nos <b>comp\u00e9titions caritatives<\/b>, restez connect\u00e9s ! Que vous soyez un <b>golfeur<\/b> confirm\u00e9 ou que vous souhaitiez simplement nous soutenir, votre pr\u00e9sence fait la diff\u00e9rence.<\/p>\n<p>[\/et_pb_text][et_pb_button button_url=\u00a0\u00bbhttps:\/\/drive.google.com\/file\/d\/1yboJ8l8NgHONKD9bn8-My0Lis0EKKUfM\/view\u00a0\u00bb url_new_window=\u00a0\u00bbon\u00a0\u00bb button_text=\u00a0\u00bbdevenir adh\u00e9rent\u00a0\u00bb _builder_version=\u00a0\u00bb4.27.4&Prime; _module_preset=\u00a0\u00bbeface43c-e8c6-49b5-a352-7de4ef52964b\u00a0\u00bb button_text_size=\u00a0\u00bb14px\u00a0\u00bb button_border_radius=\u00a0\u00bb100px\u00a0\u00bb button_font=\u00a0\u00bbInter|700|||||||\u00a0\u00bb custom_margin=\u00a0\u00bb21px|||||\u00a0\u00bb global_colors_info=\u00a0\u00bb{}\u00a0\u00bb][\/et_pb_button][\/et_pb_column][\/et_pb_row][\/et_pb_section]<\/p>\n","protected":false},"excerpt":{"rendered":"<p>Domi, Fran\u00e7oise, Mah\u00e9 et Morgan, quatre passionn\u00e9s de golf, ont eu une vision commune : cr\u00e9er un groupe o\u00f9 convivialit\u00e9 rime avec partage. Forts de leurs exp\u00e9riences pass\u00e9es dans le monde associatif et caritatif, ils ont souhait\u00e9 donner un sens plus profond \u00e0 leur amour du golf. L&rsquo;id\u00e9e \u00e9tait simple mais puissante : jouer ENSEMBLE [&hellip;]<\/p>\n","protected":false},"author":2,"featured_media":98,"parent":0,"menu_order":0,"comment_status":"closed","ping_status":"closed","template":"","meta":{"_et_pb_use_builder":"on","_et_pb_old_content":"","_et_gb_content_width":"","footnotes":""},"class_list":["post-270","page","type-page","status-publish","has-post-thumbnail","hentry"],"_links":{"self":[{"href":"https:\/\/lescigognesaugolf.fr\/index.php?rest_route=\/wp\/v2\/pages\/270","targetHints":{"allow":["GET"]}}],"collection":[{"href":"https:\/\/lescigognesaugolf.fr\/index.php?rest_route=\/wp\/v2\/pages"}],"about":[{"href":"https:\/\/lescigognesaugolf.fr\/index.php?rest_route=\/wp\/v2\/types\/page"}],"author":[{"embeddable":true,"href":"https:\/\/lescigognesaugolf.fr\/index.php?rest_route=\/wp\/v2\/users\/2"}],"replies":[{"embeddable":true,"href":"https:\/\/lescigognesaugolf.fr\/index.php?rest_route=%2Fwp%2Fv2%2Fcomments&post=270"}],"version-history":[{"count":13,"href":"https:\/\/lescigognesaugolf.fr\/index.php?rest_route=\/wp\/v2\/pages\/270\/revisions"}],"predecessor-version":[{"id":1171,"href":"https:\/\/lescigognesaugolf.fr\/index.php?rest_route=\/wp\/v2\/pages\/270\/revisions\/1171"}],"wp:featuredmedia":[{"embeddable":true,"href":"https:\/\/lescigognesaugolf.fr\/index.php?rest_route=\/wp\/v2\/media\/98"}],"wp:attachment":[{"href":"https:\/\/lescigognesaugolf.fr\/index.php?rest_route=%2Fwp%2Fv2%2Fmedia&parent=270"}],"curies":[{"name":"wp","href":"https:\/\/api.w.org\/{rel}","templated":true}]}}