{"id":19,"date":"2025-07-22T09:07:05","date_gmt":"2025-07-22T07:07:05","guid":{"rendered":"http:\/\/lescigognesaugolf.fr\/?page_id=19"},"modified":"2025-08-30T15:59:20","modified_gmt":"2025-08-30T13:59:20","slug":"service","status":"publish","type":"page","link":"https:\/\/lescigognesaugolf.fr\/?page_id=19","title":{"rendered":"Service"},"content":{"rendered":"<p>[et_pb_section fb_built=\u00a0\u00bb1&Prime; admin_label=\u00a0\u00bbHeader\u00a0\u00bb _builder_version=\u00a0\u00bb4.27.4&Prime; _module_preset=\u00a0\u00bb81ba546c-dd92-4145-ab21-28dbff855d2a\u00a0\u00bb background_image=\u00a0\u00bbhttps:\/\/lescigognesaugolf.fr\/wp-content\/uploads\/2025\/07\/513912333_122113242644904992_706380156374291859_n.jpg\u00a0\u00bb min_height=\u00a0\u00bb772.1px\u00a0\u00bb custom_padding=\u00a0\u00bb188px|||||\u00a0\u00bb border_radii=\u00a0\u00bboff|||3vw|3vw\u00a0\u00bb locked=\u00a0\u00bboff\u00a0\u00bb collapsed=\u00a0\u00bbon\u00a0\u00bb global_colors_info=\u00a0\u00bb{}\u00a0\u00bb][et_pb_row _builder_version=\u00a0\u00bb4.24.0&Prime; _module_preset=\u00a0\u00bbdefault\u00a0\u00bb global_colors_info=\u00a0\u00bb{}\u00a0\u00bb][et_pb_column type=\u00a0\u00bb4_4&Prime; _builder_version=\u00a0\u00bb4.22.0&Prime; _module_preset=\u00a0\u00bbdefault\u00a0\u00bb global_colors_info=\u00a0\u00bb{}\u00a0\u00bb][et_pb_heading title=\u00a0\u00bbGolf et Solidarit\u00e9 : Ensemble Contre l&rsquo;AVC avec %22Les Cigognes au Golf%22&Prime; _builder_version=\u00a0\u00bb4.27.0&Prime; _module_preset=\u00a0\u00bbc1253fe8-602a-4752-89bc-148a73740ac6&Prime; custom_margin=\u00a0\u00bb||10px||false|false\u00a0\u00bb global_colors_info=\u00a0\u00bb{}\u00a0\u00bb][\/et_pb_heading][\/et_pb_column][\/et_pb_row][\/et_pb_section][et_pb_section fb_built=\u00a0\u00bb1&Prime; admin_label=\u00a0\u00bbCall to Action\u00a0\u00bb _builder_version=\u00a0\u00bb4.27.4&Prime; _module_preset=\u00a0\u00bbdefault\u00a0\u00bb background_image=\u00a0\u00bbhttps:\/\/lescigognesaugolf.fr\/wp-content\/uploads\/2025\/07\/logo.jpg\u00a0\u00bb background_size=\u00a0\u00bbcontain\u00a0\u00bb background_position=\u00a0\u00bbtop_center\u00a0\u00bb background_repeat=\u00a0\u00bbrepeat-y\u00a0\u00bb background_blend=\u00a0\u00bbhard-light\u00a0\u00bb custom_margin=\u00a0\u00bb-3px|||||\u00a0\u00bb locked=\u00a0\u00bboff\u00a0\u00bb collapsed=\u00a0\u00bbon\u00a0\u00bb global_colors_info=\u00a0\u00bb{}\u00a0\u00bb][et_pb_row make_equal=\u00a0\u00bbon\u00a0\u00bb _builder_version=\u00a0\u00bb4.27.4&Prime; _module_preset=\u00a0\u00bbdefault\u00a0\u00bb background_color=\u00a0\u00bbrgba(255,255,255,0.77)\u00a0\u00bb global_colors_info=\u00a0\u00bb{}\u00a0\u00bb][et_pb_column type=\u00a0\u00bb4_4&Prime; _builder_version=\u00a0\u00bb4.22.0&Prime; _module_preset=\u00a0\u00bbdefault\u00a0\u00bb custom_padding=\u00a0\u00bb60px||60px||true|false\u00a0\u00bb custom_padding_tablet=\u00a0\u00bb||0px||false|false\u00a0\u00bb custom_padding_phone=\u00a0\u00bb||0px||false|false\u00a0\u00bb custom_padding_last_edited=\u00a0\u00bbon|tablet\u00a0\u00bb global_colors_info=\u00a0\u00bb{}\u00a0\u00bb][et_pb_blurb title=\u00a0\u00bbNotre Engagement : Allier Passion et Impact Social\u00a0\u00bb icon_placement=\u00a0\u00bbtop\u00a0\u00bb _builder_version=\u00a0\u00bb4.27.4&Prime; _module_preset=\u00a0\u00bb379598c6-cb3b-4653-901a-29617516e486&Prime; locked=\u00a0\u00bboff\u00a0\u00bb global_colors_info=\u00a0\u00bb{}\u00a0\u00bb]<\/p>\n<p>\u00c0 l\u2019association <em data-start=\"513\" data-end=\"535\">Les Cigognes au Golf<\/em>, nous sommes convaincus que notre passion pour le golf peut devenir un puissant levier de solidarit\u00e9. Au-del\u00e0 des fairways et des comp\u00e9titions amicales, notre mission est claire : <strong data-start=\"716\" data-end=\"786\">soutenir la lutte contre les Accidents Vasculaires C\u00e9r\u00e9braux (AVC)<\/strong>.<br data-start=\"787\" data-end=\"790\" \/>Chaque comp\u00e9tition caritative que nous organisons transforme un simple swing en un geste solidaire. Les droits de jeu et dons collect\u00e9s sont int\u00e9gralement revers\u00e9s pour financer <strong data-start=\"968\" data-end=\"1004\">des projets concrets et visibles<\/strong> au profit des patients.<\/p>\n<p>[\/et_pb_blurb][et_pb_video _builder_version=\u00a0\u00bb4.27.4&Prime; _module_preset=\u00a0\u00bbdefault\u00a0\u00bb src=\u00a0\u00bbhttps:\/\/youtu.be\/nDCOCXxFvqc?si=YUd2edxRkuWKbZRb\u00a0\u00bb hover_enabled=\u00a0\u00bb0&Prime; sticky_enabled=\u00a0\u00bb0&Prime;][\/et_pb_video][et_pb_blurb title=\u00a0\u00bbComprendre l\u2019AVC : une urgence m\u00e9dicale vitale\u00a0\u00bb icon_placement=\u00a0\u00bbtop\u00a0\u00bb _builder_version=\u00a0\u00bb4.27.4&Prime; _module_preset=\u00a0\u00bb379598c6-cb3b-4653-901a-29617516e486&Prime; locked=\u00a0\u00bboff\u00a0\u00bb global_colors_info=\u00a0\u00bb{}\u00a0\u00bb]<\/p>\n<p data-start=\"1089\" data-end=\"1711\">Un <strong data-start=\"1092\" data-end=\"1130\">Accident Vasculaire C\u00e9r\u00e9bral (AVC)<\/strong> survient lorsqu\u2019une art\u00e8re c\u00e9r\u00e9brale est bouch\u00e9e (AVC isch\u00e9mique, le plus fr\u00e9quent) ou lorsqu\u2019elle se rompt (AVC h\u00e9morragique). Priv\u00e9es d\u2019oxyg\u00e8ne, les cellules c\u00e9r\u00e9brales meurent rapidement, entra\u00eenant des s\u00e9quelles parfois irr\u00e9versibles.<br data-start=\"1369\" data-end=\"1372\" \/>\u27a1\ufe0f En France, une personne est victime d\u2019un AVC toutes les 4 minutes. C\u2019est la <strong data-start=\"1451\" data-end=\"1502\">premi\u00e8re cause de handicap acquis chez l\u2019adulte<\/strong> et la <strong data-start=\"1509\" data-end=\"1540\">deuxi\u00e8me cause de mortalit\u00e9<\/strong>.<br data-start=\"1541\" data-end=\"1544\" \/>\u27a1\ufe0f Les s\u00e9quelles possibles incluent : paralysie d\u2019un c\u00f4t\u00e9 du corps, troubles de la parole, pertes visuelles, difficult\u00e9s cognitives ou encore atteintes sensorielles.<\/p>\n<p data-start=\"1713\" data-end=\"1822\">\ud83d\udc49 Chaque minute compte : une prise en charge rapide permet de sauver des vies et de limiter les s\u00e9quelles.<\/p>\n<p>[\/et_pb_blurb][et_pb_blurb title=\u00a0\u00bbL\u2019AIT : un signal d\u2019alarme \u00e0 ne jamais ignorer\u00a0\u00bb icon_placement=\u00a0\u00bbtop\u00a0\u00bb _builder_version=\u00a0\u00bb4.27.4&Prime; _module_preset=\u00a0\u00bb379598c6-cb3b-4653-901a-29617516e486&Prime; locked=\u00a0\u00bboff\u00a0\u00bb global_colors_info=\u00a0\u00bb{}\u00a0\u00bb]<\/p>\n<p>Un <strong data-start=\"1884\" data-end=\"1925\">Accident Isch\u00e9mique Transitoire (AIT)<\/strong> est souvent appel\u00e9 \u00ab\u00a0mini-AVC\u00a0\u00bb. Il survient quand la circulation sanguine dans une partie du cerveau est interrompue bri\u00e8vement. Les sympt\u00f4mes sont identiques \u00e0 ceux d\u2019un AVC mais disparaissent rapidement, parfois en quelques minutes.<\/p>\n<h4 data-start=\"2163\" data-end=\"2210\">Les signes d\u2019alerte (m\u00eame transitoires) :<\/h4>\n<ul data-start=\"2211\" data-end=\"2392\">\n<li data-start=\"2211\" data-end=\"2257\">\n<p data-start=\"2213\" data-end=\"2257\">Faiblesse ou paralysie d\u2019un c\u00f4t\u00e9 du corps,<\/p>\n<\/li>\n<li data-start=\"2258\" data-end=\"2301\">\n<p data-start=\"2260\" data-end=\"2301\">Paralysie ou engourdissement du visage,<\/p>\n<\/li>\n<li data-start=\"2302\" data-end=\"2351\">\n<p data-start=\"2304\" data-end=\"2351\">Difficult\u00e9 soudaine \u00e0 parler ou \u00e0 comprendre,<\/p>\n<\/li>\n<li data-start=\"2352\" data-end=\"2392\">\n<p data-start=\"2354\" data-end=\"2392\">Perte brutale de la vision d\u2019un \u0153il.<\/p>\n<\/li>\n<\/ul>\n<p data-start=\"2394\" data-end=\"2560\">\u27a1\ufe0f <strong data-start=\"2397\" data-end=\"2430\">Un AIT annonce souvent un AVC<\/strong> : dans 1 cas sur 4, un AVC survient apr\u00e8s un AIT.<br data-start=\"2480\" data-end=\"2483\" \/>\u27a1\ufe0f Traiter un AIT rapidement permet de r\u00e9duire de <strong data-start=\"2533\" data-end=\"2557\">80 % le risque d\u2019AVC<\/strong>.<\/p>\n<p>[\/et_pb_blurb][et_pb_blurb title=\u00a0\u00bbLa Clinique de l\u2019AIT de Bordeaux : un mod\u00e8le d\u2019efficacit\u00e9\u00a0\u00bb icon_placement=\u00a0\u00bbtop\u00a0\u00bb _builder_version=\u00a0\u00bb4.27.4&Prime; _module_preset=\u00a0\u00bb379598c6-cb3b-4653-901a-29617516e486&Prime; locked=\u00a0\u00bboff\u00a0\u00bb global_colors_info=\u00a0\u00bb{}\u00a0\u00bb]<\/p>\n<p>Le Dr Renou et son \u00e9quipe ont cr\u00e9\u00e9 la <strong data-start=\"2668\" data-end=\"2689\">Clinique de l\u2019AIT<\/strong> afin d\u2019acc\u00e9l\u00e9rer la prise en charge de ces signaux d\u2019alerte.<\/p>\n<h3 data-start=\"2754\" data-end=\"2794\">Avant la cr\u00e9ation de la clinique :<\/h3>\n<p data-start=\"2795\" data-end=\"3007\">Un patient consultant son m\u00e9decin ou cardiologue pour des sympt\u00f4mes suspects devait attendre plusieurs jours pour passer des examens compl\u00e9mentaires. Dans bien des cas, l\u2019AVC survenait avant la prise en charge.<\/p>\n<h3 data-start=\"3009\" data-end=\"3028\">Aujourd\u2019hui :<\/h3>\n<ul data-start=\"3029\" data-end=\"3482\">\n<li data-start=\"3029\" data-end=\"3117\">\n<p data-start=\"3031\" data-end=\"3117\">Les m\u00e9decins g\u00e9n\u00e9ralistes et cardiologues peuvent contacter directement la clinique,<\/p>\n<\/li>\n<li data-start=\"3118\" data-end=\"3162\">\n<p data-start=\"3120\" data-end=\"3162\">Le patient est re\u00e7u <strong data-start=\"3140\" data-end=\"3159\">dans la journ\u00e9e<\/strong>,<\/p>\n<\/li>\n<li data-start=\"3163\" data-end=\"3262\">\n<p data-start=\"3165\" data-end=\"3262\">Des examens sp\u00e9cialis\u00e9s comme l&rsquo;IRM sont r\u00e9alis\u00e9s rapidement,<\/p>\n<\/li>\n<li data-start=\"3263\" data-end=\"3369\">\n<p data-start=\"3265\" data-end=\"3369\">En moyenne, un patient reste <strong data-start=\"3294\" data-end=\"3306\">4 heures<\/strong> \u00e0 la clinique, contre <strong data-start=\"3329\" data-end=\"3366\">24 heures aux urgences classiques<\/strong>,<\/p>\n<\/li>\n<li data-start=\"3370\" data-end=\"3482\">\n<p data-start=\"3372\" data-end=\"3482\">La clinique prend en charge <strong data-start=\"3400\" data-end=\"3427\">5 \u00e0 7 patients par jour<\/strong>, \u00e9vitant ainsi des AVC graves et leurs cons\u00e9quences.<\/p>\n<\/li>\n<\/ul>\n<p data-start=\"3484\" data-end=\"3570\">\ud83d\udc49 Cette organisation permet de traiter l\u2019urgence <strong data-start=\"3534\" data-end=\"3567\">avant qu\u2019il ne soit trop tard<\/strong>.<\/p>\n<p>[\/et_pb_blurb][et_pb_blurb title=\u00a0\u00bbLa prise en charge de l\u2019AVC aux urgences\u00a0\u00bb icon_placement=\u00a0\u00bbtop\u00a0\u00bb _builder_version=\u00a0\u00bb4.27.4&Prime; _module_preset=\u00a0\u00bb379598c6-cb3b-4653-901a-29617516e486&Prime; locked=\u00a0\u00bboff\u00a0\u00bb global_colors_info=\u00a0\u00bb{}\u00a0\u00bb]<\/p>\n<p data-start=\"2630\" data-end=\"2752\">Lorsqu\u2019un AVC est d\u00e9clar\u00e9, le patient est dirig\u00e9 vers les urgences sp\u00e9cialis\u00e9es o\u00f9 plusieurs techniques peuvent \u00eatre utilis\u00e9es :<\/p>\n<ul data-start=\"3754\" data-end=\"4064\">\n<li data-start=\"3754\" data-end=\"3812\">\n<p data-start=\"3756\" data-end=\"3812\"><strong data-start=\"3756\" data-end=\"3773\">IRM c\u00e9r\u00e9brale<\/strong> pour identifier rapidement la cause,<\/p>\n<\/li>\n<li data-start=\"3813\" data-end=\"3887\">\n<p data-start=\"3815\" data-end=\"3887\"><strong data-start=\"3815\" data-end=\"3830\">Thrombolyse<\/strong> : injection d\u2019un m\u00e9dicament pour dissoudre le caillot,<\/p>\n<\/li>\n<li data-start=\"3888\" data-end=\"4064\">\n<p data-start=\"3890\" data-end=\"4064\"><strong data-start=\"3890\" data-end=\"3917\">Thrombectomie m\u00e9canique<\/strong> : technique innovante r\u00e9alis\u00e9e gr\u00e2ce \u00e0 la radiologie interventionnelle, o\u00f9 un dispositif est introduit dans l\u2019art\u00e8re afin de retirer le caillot.<\/p>\n<\/li>\n<\/ul>\n<p data-start=\"4066\" data-end=\"4246\">Ces traitements doivent \u00eatre r\u00e9alis\u00e9s <strong data-start=\"4104\" data-end=\"4157\">dans les 12 heures suivant les premiers sympt\u00f4mes<\/strong>, id\u00e9alement beaucoup plus t\u00f4t, pour r\u00e9duire les s\u00e9quelles.<br data-start=\"4216\" data-end=\"4219\" \/>Apr\u00e8s cette phase aigu\u00eb :<\/p>\n<ul data-start=\"4247\" data-end=\"4508\">\n<li data-start=\"4247\" data-end=\"4405\">\n<p data-start=\"4249\" data-end=\"4405\">Les patients sont surveill\u00e9s en soins intensifs neurologiques pendant <strong data-start=\"4319\" data-end=\"4343\">48 heures en moyenne<\/strong> (16 lits actuellement disponibles \u00e0 Pellegrin, bient\u00f4t 20),<\/p>\n<\/li>\n<li data-start=\"4406\" data-end=\"4508\">\n<p data-start=\"4408\" data-end=\"4508\">Puis transf\u00e9r\u00e9s dans des unit\u00e9s sp\u00e9cialis\u00e9es pour la r\u00e9\u00e9ducation et la r\u00e9cup\u00e9ration fonctionnelle.<\/p>\n<\/li>\n<\/ul>\n<p>[\/et_pb_blurb][et_pb_blurb title=\u00a0\u00bbLes causes des AIT et AVC\u00a0\u00bb icon_placement=\u00a0\u00bbtop\u00a0\u00bb _builder_version=\u00a0\u00bb4.27.4&Prime; _module_preset=\u00a0\u00bb379598c6-cb3b-4653-901a-29617516e486&Prime; locked=\u00a0\u00bboff\u00a0\u00bb global_colors_info=\u00a0\u00bb{}\u00a0\u00bb]<\/p>\n<p data-start=\"4546\" data-end=\"4599\">Les AIT et AVC peuvent avoir diff\u00e9rentes origines :<\/p>\n<ul data-start=\"4600\" data-end=\"5073\">\n<li data-start=\"4600\" data-end=\"4763\">\n<p data-start=\"4602\" data-end=\"4763\"><strong data-start=\"4602\" data-end=\"4622\">Causes m\u00e9dicales<\/strong> : arythmie cardiaque (ex. fibrillation auriculaire), ath\u00e9roscl\u00e9rose (d\u00e9p\u00f4t de plaques dans les art\u00e8res), hypertension art\u00e9rielle, diab\u00e8te.<\/p>\n<\/li>\n<li data-start=\"4764\" data-end=\"5073\">\n<p data-start=\"4766\" data-end=\"4797\"><strong data-start=\"4766\" data-end=\"4793\">Facteurs de mode de vie<\/strong> :<\/p>\n<ul data-start=\"4801\" data-end=\"5073\">\n<li data-start=\"4801\" data-end=\"4811\">\n<p data-start=\"4803\" data-end=\"4811\">Tabac,<\/p>\n<\/li>\n<li data-start=\"4815\" data-end=\"4851\">\n<p data-start=\"4817\" data-end=\"4851\">Consommation excessive d\u2019alcool,<\/p>\n<\/li>\n<li data-start=\"4855\" data-end=\"4999\">\n<p data-start=\"4857\" data-end=\"4999\">Drogues (y compris le cannabis, qui peut provoquer des AIT et AVC d\u00e8s les premi\u00e8res consommations, expliquant certains AVC chez les jeunes),<\/p>\n<\/li>\n<li data-start=\"5003\" data-end=\"5028\">\n<p data-start=\"5005\" data-end=\"5028\">Exc\u00e8s de cholest\u00e9rol,<\/p>\n<\/li>\n<li data-start=\"5032\" data-end=\"5073\">\n<p data-start=\"5034\" data-end=\"5073\">Mauvaise alimentation et s\u00e9dentarit\u00e9.<\/p>\n<\/li>\n<\/ul>\n<\/li>\n<\/ul>\n<p data-start=\"5075\" data-end=\"5456\">\ud83d\udc49 \u00c0 l\u2019inverse, une bonne hygi\u00e8ne de vie (activit\u00e9 physique, alimentation \u00e9quilibr\u00e9e, contr\u00f4le de la tension et du diab\u00e8te) permet de r\u00e9duire le risque.<br data-start=\"5227\" data-end=\"5230\" \/>\u26a0\ufe0f Concernant l\u2019alcool : certaines \u00e9tudes parlent du \u00ab\u00a0French paradox\u00a0\u00bb avec 1 verre de vin rouge par jour, mais une consommation plus importante <strong data-start=\"5374\" data-end=\"5415\">inverse totalement l\u2019effet protecteur<\/strong> et augmente fortement le risque d\u2019AVC.<\/p>\n<ul data-start=\"4247\" data-end=\"4508\"><\/ul>\n<p>[\/et_pb_blurb][et_pb_blurb title=\u00a0\u00bbComment Les Cigognes au Golf soutiennent la lutte contre l\u2019AVC\u00a0\u00bb icon_placement=\u00a0\u00bbtop\u00a0\u00bb _builder_version=\u00a0\u00bb4.27.4&Prime; _module_preset=\u00a0\u00bb379598c6-cb3b-4653-901a-29617516e486&Prime; locked=\u00a0\u00bboff\u00a0\u00bb global_colors_info=\u00a0\u00bb{}\u00a0\u00bb]<\/p>\n<p data-start=\"5533\" data-end=\"5697\">Notre association a choisi de soutenir directement la <strong data-start=\"5587\" data-end=\"5645\">Clinique de l\u2019AIT et le service AVC du CHU de Bordeaux<\/strong> pour contribuer \u00e0 des projets concrets et utiles.<\/p>\n<h4 data-start=\"5699\" data-end=\"5718\">Nos actions :<\/h4>\n<ul data-start=\"5719\" data-end=\"6286\">\n<li data-start=\"5719\" data-end=\"5996\">\n<p data-start=\"5721\" data-end=\"5814\">Financer du <strong data-start=\"5733\" data-end=\"5764\">mat\u00e9riel m\u00e9dical sp\u00e9cifique<\/strong> pour acc\u00e9l\u00e9rer et compl\u00e9ter la prise en charge, comme participer \u00e0 <span style=\"font-size: 16px;\">l\u2019achat d\u2019un <\/span><strong data-start=\"5843\" data-end=\"5867\" style=\"font-size: 16px;\">\u00e9chographe cardiaque<\/strong><span style=\"font-size: 16px;\"> qui permettrait un diagnostic imm\u00e9diat sans attendre la disponibilit\u00e9 d\u2019un autre service, r\u00e9duisant ainsi les d\u00e9lais critiques.<\/span><\/p>\n<\/li>\n<li data-start=\"5997\" data-end=\"6180\">\n<p data-start=\"5999\" data-end=\"6180\">Valoriser la transparence : chaque euro collect\u00e9 est investi dans du mat\u00e9riel identifiable et utile, afin que les donateurs puissent mesurer concr\u00e8tement l\u2019impact de leur soutien.<\/p>\n<\/li>\n<li data-start=\"6181\" data-end=\"6286\">\n<p data-start=\"6183\" data-end=\"6286\">Sensibiliser le grand public au d\u00e9pistage et \u00e0 la pr\u00e9vention des AVC et AIT \u00e0 travers nos \u00e9v\u00e9nements.<\/p>\n<\/li>\n<\/ul>\n<ul data-start=\"4247\" data-end=\"4508\"><\/ul>\n<p>[\/et_pb_blurb][et_pb_blurb title=\u00a0\u00bbEnsemble, faisons reculer l\u2019AVC\u00a0\u00bb icon_placement=\u00a0\u00bbtop\u00a0\u00bb _builder_version=\u00a0\u00bb4.27.4&Prime; _module_preset=\u00a0\u00bb379598c6-cb3b-4653-901a-29617516e486&Prime; locked=\u00a0\u00bboff\u00a0\u00bb global_colors_info=\u00a0\u00bb{}\u00a0\u00bb]<\/p>\n<p data-start=\"6330\" data-end=\"6566\">Un AIT ou un AVC peut bouleverser une vie en quelques minutes. Mais gr\u00e2ce \u00e0 la vigilance, \u00e0 la pr\u00e9vention et \u00e0 une prise en charge rapide et sp\u00e9cialis\u00e9e, il est possible de sauver des vies et de r\u00e9duire consid\u00e9rablement les s\u00e9quelles.<\/p>\n<p data-start=\"6568\" data-end=\"6790\">\ud83d\udc49 En participant \u00e0 nos tournois et \u00e9v\u00e9nements, vous contribuez directement \u00e0 financer des projets qui renforcent cette cha\u00eene vitale de soins.<br data-start=\"6711\" data-end=\"6714\" \/>Avec <em data-start=\"6719\" data-end=\"6741\">Les Cigognes au Golf<\/em>, chaque swing est un pas de plus contre l\u2019AVC.<\/p>\n<ul data-start=\"5719\" data-end=\"6286\"><\/ul>\n<ul data-start=\"4247\" data-end=\"4508\"><\/ul>\n<p>[\/et_pb_blurb][et_pb_button button_text=\u00a0\u00bbEn Savoir plus sur la clinique de l&rsquo;AIT de Bordeaux\u00a0\u00bb _builder_version=\u00a0\u00bb4.27.4&Prime; _module_preset=\u00a0\u00bbeface43c-e8c6-49b5-a352-7de4ef52964b\u00a0\u00bb locked=\u00a0\u00bboff\u00a0\u00bb global_colors_info=\u00a0\u00bb{}\u00a0\u00bb][\/et_pb_button][\/et_pb_column][\/et_pb_row][et_pb_row _builder_version=\u00a0\u00bb4.27.4&Prime; _module_preset=\u00a0\u00bbdefault\u00a0\u00bb background_color=\u00a0\u00bbrgba(255,255,255,0.77)\u00a0\u00bb global_colors_info=\u00a0\u00bb{}\u00a0\u00bb][et_pb_column type=\u00a0\u00bb4_4&Prime; _builder_version=\u00a0\u00bb4.27.4&Prime; _module_preset=\u00a0\u00bbdefault\u00a0\u00bb global_colors_info=\u00a0\u00bb{}\u00a0\u00bb][et_pb_blog include_categories=\u00a0\u00bb66&Prime; show_author=\u00a0\u00bboff\u00a0\u00bb show_categories=\u00a0\u00bboff\u00a0\u00bb _builder_version=\u00a0\u00bb4.27.4&Prime; _module_preset=\u00a0\u00bbdefault\u00a0\u00bb global_colors_info=\u00a0\u00bb{}\u00a0\u00bb][\/et_pb_blog][\/et_pb_column][\/et_pb_row][\/et_pb_section]<\/p>\n","protected":false},"excerpt":{"rendered":"<p>\u00c0 l\u2019association Les Cigognes au Golf, nous sommes convaincus que notre passion pour le golf peut devenir un puissant levier de solidarit\u00e9. Au-del\u00e0 des fairways et des comp\u00e9titions amicales, notre mission est claire : soutenir la lutte contre les Accidents Vasculaires C\u00e9r\u00e9braux (AVC).Chaque comp\u00e9tition caritative que nous organisons transforme un simple swing en un geste [&hellip;]<\/p>\n","protected":false},"author":1,"featured_media":0,"parent":0,"menu_order":0,"comment_status":"closed","ping_status":"closed","template":"","meta":{"_et_pb_use_builder":"on","_et_pb_old_content":"","_et_gb_content_width":"","footnotes":""},"class_list":["post-19","page","type-page","status-publish","hentry"],"_links":{"self":[{"href":"https:\/\/lescigognesaugolf.fr\/index.php?rest_route=\/wp\/v2\/pages\/19","targetHints":{"allow":["GET"]}}],"collection":[{"href":"https:\/\/lescigognesaugolf.fr\/index.php?rest_route=\/wp\/v2\/pages"}],"about":[{"href":"https:\/\/lescigognesaugolf.fr\/index.php?rest_route=\/wp\/v2\/types\/page"}],"author":[{"embeddable":true,"href":"https:\/\/lescigognesaugolf.fr\/index.php?rest_route=\/wp\/v2\/users\/1"}],"replies":[{"embeddable":true,"href":"https:\/\/lescigognesaugolf.fr\/index.php?rest_route=%2Fwp%2Fv2%2Fcomments&post=19"}],"version-history":[{"count":11,"href":"https:\/\/lescigognesaugolf.fr\/index.php?rest_route=\/wp\/v2\/pages\/19\/revisions"}],"predecessor-version":[{"id":1137,"href":"https:\/\/lescigognesaugolf.fr\/index.php?rest_route=\/wp\/v2\/pages\/19\/revisions\/1137"}],"wp:attachment":[{"href":"https:\/\/lescigognesaugolf.fr\/index.php?rest_route=%2Fwp%2Fv2%2Fmedia&parent=19"}],"curies":[{"name":"wp","href":"https:\/\/api.w.org\/{rel}","templated":true}]}}