{"id":1260,"date":"2026-03-23T12:20:16","date_gmt":"2026-03-23T10:20:16","guid":{"rendered":"https:\/\/lescigognesaugolf.fr\/?page_id=1260"},"modified":"2026-04-07T15:44:42","modified_gmt":"2026-04-07T13:44:42","slug":"souillac-golf-et-country-club","status":"publish","type":"page","link":"https:\/\/lescigognesaugolf.fr\/?page_id=1260","title":{"rendered":"Souillac Golf et Country club"},"content":{"rendered":"<p>[et_pb_section fb_built=\u00a0\u00bb1&Prime; _builder_version=\u00a0\u00bb4.27.4&Prime; _module_preset=\u00a0\u00bbdefault\u00a0\u00bb][et_pb_row column_structure=\u00a0\u00bb1_4,3_4&Prime; _builder_version=\u00a0\u00bb4.27.4&Prime; _module_preset=\u00a0\u00bbdefault\u00a0\u00bb global_colors_info=\u00a0\u00bb{}\u00a0\u00bb][et_pb_column type=\u00a0\u00bb1_4&Prime; _builder_version=\u00a0\u00bb4.27.4&Prime; _module_preset=\u00a0\u00bbdefault\u00a0\u00bb global_colors_info=\u00a0\u00bb{}\u00a0\u00bb][et_pb_image src=\u00a0\u00bbhttps:\/\/lescigognesaugolf.fr\/wp-content\/uploads\/2026\/03\/01JH7HEVH1BTA5M14JY82ZJ5MQ-Petite.png\u00a0\u00bb title_text=\u00a0\u00bb01JH7HEVH1BTA5M14JY82ZJ5MQ (Petite)\u00a0\u00bb align=\u00a0\u00bbcenter\u00a0\u00bb _builder_version=\u00a0\u00bb4.27.4&Prime; _module_preset=\u00a0\u00bbdefault\u00a0\u00bb width=\u00a0\u00bb85%\u00a0\u00bb global_colors_info=\u00a0\u00bb{}\u00a0\u00bb][\/et_pb_image][\/et_pb_column][et_pb_column type=\u00a0\u00bb3_4&Prime; _builder_version=\u00a0\u00bb4.27.4&Prime; _module_preset=\u00a0\u00bbdefault\u00a0\u00bb global_colors_info=\u00a0\u00bb{}\u00a0\u00bb][et_pb_text _builder_version=\u00a0\u00bb4.27.4&Prime; _module_preset=\u00a0\u00bbdefault\u00a0\u00bb global_colors_info=\u00a0\u00bb{}\u00a0\u00bb]<\/p>\n<h1 style=\"text-align: center;\">Souillac<\/h1>\n<h1 style=\"text-align: center;\">Golf &amp; Country Club<\/h1>\n<p>[\/et_pb_text][\/et_pb_column][\/et_pb_row][et_pb_row column_structure=\u00a0\u00bb1_2,1_2&Prime; _builder_version=\u00a0\u00bb4.27.4&Prime; _module_preset=\u00a0\u00bbdefault\u00a0\u00bb global_colors_info=\u00a0\u00bb{}\u00a0\u00bb][et_pb_column type=\u00a0\u00bb1_2&Prime; _builder_version=\u00a0\u00bb4.27.4&Prime; _module_preset=\u00a0\u00bbdefault\u00a0\u00bb global_colors_info=\u00a0\u00bb{}\u00a0\u00bb][et_pb_image src=\u00a0\u00bbhttps:\/\/lescigognesaugolf.fr\/wp-content\/uploads\/2025\/08\/lodge-souillac-golf-country-club.jpg\u00a0\u00bb title_text=\u00a0\u00bblodge-souillac-golf-country-club\u00a0\u00bb _builder_version=\u00a0\u00bb4.27.4&Prime; _module_preset=\u00a0\u00bbdefault\u00a0\u00bb custom_margin=\u00a0\u00bb-11px||4px|||\u00a0\u00bb border_radii=\u00a0\u00bbon|30px|30px|30px|30px\u00a0\u00bb global_colors_info=\u00a0\u00bb{}\u00a0\u00bb][\/et_pb_image][\/et_pb_column][et_pb_column type=\u00a0\u00bb1_2&Prime; _builder_version=\u00a0\u00bb4.27.4&Prime; _module_preset=\u00a0\u00bbdefault\u00a0\u00bb global_colors_info=\u00a0\u00bb{}\u00a0\u00bb][et_pb_text _builder_version=\u00a0\u00bb4.27.4&Prime; _module_preset=\u00a0\u00bbdefault\u00a0\u00bb global_colors_info=\u00a0\u00bb{}\u00a0\u00bb]<\/p>\n<h4 style=\"text-align: center;\">Souillac Golf &amp; Country Club : Une Escale Nature et Sportive<\/h4>\n<p style=\"text-align: justify;\">Nous tenons \u00e0 exprimer notre vive gratitude au <b data-path-to-node=\"1\" data-index-in-node=\"47\">Souillac Golf &amp; Country Club<\/b> pour son pr\u00e9cieux soutien. Situ\u00e9 aux portes de la <b data-path-to-node=\"1\" data-index-in-node=\"126\">vall\u00e9e de la Dordogne<\/b>, ce domaine est bien plus qu&rsquo;un simple complexe sportif ; c&rsquo;est une destination qui privil\u00e9gie la <b data-path-to-node=\"1\" data-index-in-node=\"246\">convivialit\u00e9<\/b> et la d\u00e9connexion. \u00c0 travers leurs diff\u00e9rentes <b data-path-to-node=\"1\" data-index-in-node=\"306\">offres sp\u00e9ciales<\/b>, ils s&rsquo;attachent \u00e0 proposer des exp\u00e9riences sur mesure, alliant sport et d\u00e9tente dans un environnement pr\u00e9serv\u00e9.<\/p>\n<p>[\/et_pb_text][\/et_pb_column][\/et_pb_row][et_pb_row column_structure=\u00a0\u00bb1_2,1_2&Prime; _builder_version=\u00a0\u00bb4.27.4&Prime; _module_preset=\u00a0\u00bbdefault\u00a0\u00bb global_colors_info=\u00a0\u00bb{}\u00a0\u00bb][et_pb_column type=\u00a0\u00bb1_2&Prime; _builder_version=\u00a0\u00bb4.27.4&Prime; _module_preset=\u00a0\u00bbdefault\u00a0\u00bb global_colors_info=\u00a0\u00bb{}\u00a0\u00bb][et_pb_text _builder_version=\u00a0\u00bb4.27.4&Prime; _module_preset=\u00a0\u00bbdefault\u00a0\u00bb custom_margin=\u00a0\u00bb17px|||||\u00a0\u00bb custom_padding=\u00a0\u00bb0px|||||\u00a0\u00bb global_colors_info=\u00a0\u00bb{}\u00a0\u00bb]<\/p>\n<h4>Un Cadre Exceptionnel pour vos S\u00e9jours Golfiques<\/h4>\n<p style=\"text-align: justify;\">Le site se distingue par son implantation unique au c\u0153ur d&rsquo;une <b data-path-to-node=\"4\" data-index-in-node=\"63\">for\u00eat de ch\u00eanes<\/b>. Pour ceux qui souhaitent prolonger l&rsquo;exp\u00e9rience, le club propose la location de <b data-path-to-node=\"4\" data-index-in-node=\"160\">chalets en bois<\/b> tout confort, offrant une immersion totale dans la nature. C&rsquo;est le cadre id\u00e9al pour un <b data-path-to-node=\"4\" data-index-in-node=\"264\">s\u00e9jour golfique<\/b> r\u00e9ussi, o\u00f9 l&rsquo;on peut profiter d&rsquo;un <b data-path-to-node=\"4\" data-index-in-node=\"315\">parcours 18 trous<\/b> r\u00e9put\u00e9 pour sa technicit\u00e9 et son relief vallonn\u00e9, garantissant un d\u00e9fi stimulant pour tous les niveaux de jeu.<\/p>\n<p>[\/et_pb_text][\/et_pb_column][et_pb_column type=\u00a0\u00bb1_2&Prime; _builder_version=\u00a0\u00bb4.27.4&Prime; _module_preset=\u00a0\u00bbdefault\u00a0\u00bb global_colors_info=\u00a0\u00bb{}\u00a0\u00bb][et_pb_image src=\u00a0\u00bbhttps:\/\/lescigognesaugolf.fr\/wp-content\/uploads\/2026\/03\/la-vallee-2-1920&#215;1080-Petite.jpg\u00a0\u00bb title_text=\u00a0\u00bbla-vallee-2-1920&#215;1080 (Petite)\u00a0\u00bb _builder_version=\u00a0\u00bb4.27.4&Prime; _module_preset=\u00a0\u00bbdefault\u00a0\u00bb custom_padding=\u00a0\u00bb0px|||||\u00a0\u00bb border_radii=\u00a0\u00bbon|30px|30px|30px|30px\u00a0\u00bb global_colors_info=\u00a0\u00bb{}\u00a0\u00bb][\/et_pb_image][\/et_pb_column][\/et_pb_row][et_pb_row _builder_version=\u00a0\u00bb4.27.4&Prime; _module_preset=\u00a0\u00bbdefault\u00a0\u00bb global_colors_info=\u00a0\u00bb{}\u00a0\u00bb][et_pb_column type=\u00a0\u00bb4_4&Prime; _builder_version=\u00a0\u00bb4.27.4&Prime; _module_preset=\u00a0\u00bbdefault\u00a0\u00bb global_colors_info=\u00a0\u00bb{}\u00a0\u00bb][et_pb_text _builder_version=\u00a0\u00bb4.27.4&Prime; _module_preset=\u00a0\u00bbdefault\u00a0\u00bb custom_padding=\u00a0\u00bb1px|||||\u00a0\u00bb global_colors_info=\u00a0\u00bb{}\u00a0\u00bb]<\/p>\n<h4 style=\"text-align: center;\">Un Lot d&rsquo;Exception pour nos Comp\u00e9titions Caritatives<\/h4>\n<p>[\/et_pb_text][\/et_pb_column][\/et_pb_row][et_pb_row column_structure=\u00a0\u00bb3_5,2_5&Prime; _builder_version=\u00a0\u00bb4.27.4&Prime; _module_preset=\u00a0\u00bbdefault\u00a0\u00bb global_colors_info=\u00a0\u00bb{}\u00a0\u00bb][et_pb_column type=\u00a0\u00bb3_5&Prime; _builder_version=\u00a0\u00bb4.27.4&Prime; _module_preset=\u00a0\u00bbdefault\u00a0\u00bb global_colors_info=\u00a0\u00bb{}\u00a0\u00bb][et_pb_image src=\u00a0\u00bbhttps:\/\/lescigognesaugolf.fr\/wp-content\/uploads\/2026\/03\/souillac-golf-country-club-47964281863-o-1920&#215;1080-Petite.jpg\u00a0\u00bb title_text=\u00a0\u00bbsouillac-golf-country-club-47964281863-o-1920&#215;1080 (Petite)\u00a0\u00bb align=\u00a0\u00bbcenter\u00a0\u00bb _builder_version=\u00a0\u00bb4.27.4&Prime; _module_preset=\u00a0\u00bbdefault\u00a0\u00bb width=\u00a0\u00bb100%\u00a0\u00bb border_radii=\u00a0\u00bbon|30px|30px|30px|30px\u00a0\u00bb global_colors_info=\u00a0\u00bb{}\u00a0\u00bb][\/et_pb_image][\/et_pb_column][et_pb_column type=\u00a0\u00bb2_5&Prime; _builder_version=\u00a0\u00bb4.27.4&Prime; _module_preset=\u00a0\u00bbdefault\u00a0\u00bb global_colors_info=\u00a0\u00bb{}\u00a0\u00bb][et_pb_image src=\u00a0\u00bbhttps:\/\/lescigognesaugolf.fr\/wp-content\/uploads\/2026\/04\/Tombola-Tournante-ticket-20E-Souillac-Golf-2026-Small.jpg\u00a0\u00bb title_text=\u00a0\u00bbTombola-Tournante-ticket-20\u20ac-Souillac-Golf-2026 (Small)\u00a0\u00bb _builder_version=\u00a0\u00bb4.27.4&Prime; _module_preset=\u00a0\u00bbdefault\u00a0\u00bb width=\u00a0\u00bb64%\u00a0\u00bb hover_enabled=\u00a0\u00bb0&Prime; border_radii=\u00a0\u00bbon|30px|30px|30px|30px\u00a0\u00bb global_colors_info=\u00a0\u00bb{}\u00a0\u00bb module_alignment=\u00a0\u00bbcenter\u00a0\u00bb sticky_enabled=\u00a0\u00bb0&Prime;][\/et_pb_image][\/et_pb_column][\/et_pb_row][et_pb_row _builder_version=\u00a0\u00bb4.27.4&Prime; _module_preset=\u00a0\u00bbdefault\u00a0\u00bb global_colors_info=\u00a0\u00bb{}\u00a0\u00bb][et_pb_column type=\u00a0\u00bb4_4&Prime; _builder_version=\u00a0\u00bb4.27.4&Prime; _module_preset=\u00a0\u00bbdefault\u00a0\u00bb global_colors_info=\u00a0\u00bb{}\u00a0\u00bb][et_pb_text _builder_version=\u00a0\u00bb4.27.4&Prime; _module_preset=\u00a0\u00bbdefault\u00a0\u00bb global_colors_info=\u00a0\u00bb{}\u00a0\u00bb]<\/p>\n<p style=\"text-align: justify;\">L&rsquo;engagement de notre partenaire se manifeste \u00e9galement par une dotation g\u00e9n\u00e9reuse pour nos <b data-path-to-node=\"7\" data-index-in-node=\"92\">comp\u00e9titions caritatives<\/b>. Le Souillac Golf &amp; Country Club met en jeu un <b data-path-to-node=\"7\" data-index-in-node=\"164\">s\u00e9jour golfique pour 2 personnes<\/b> comprenant <b data-path-to-node=\"7\" data-index-in-node=\"208\">2 nuit\u00e9es<\/b>, <b data-path-to-node=\"7\" data-index-in-node=\"219\">2 petits-d\u00e9jeuners<\/b> et l&rsquo;acc\u00e8s aux <b data-path-to-node=\"7\" data-index-in-node=\"253\">green-fees en illimit\u00e9<\/b>. Ce lot exceptionnel fera l&rsquo;objet d&rsquo;une <b data-path-to-node=\"7\" data-index-in-node=\"316\">tombola tournante<\/b> tout au long de la saison, avec un <b data-path-to-node=\"7\" data-index-in-node=\"369\">tirage au sort final<\/b> qui aura lieu lors de notre grande finale au <b data-path-to-node=\"7\" data-index-in-node=\"435\">golf de Teynac<\/b>.<\/p>\n<p>[\/et_pb_text][et_pb_button button_url=\u00a0\u00bbhttps:\/\/www.souillaccountryclub.com\/\u00a0\u00bb url_new_window=\u00a0\u00bbon\u00a0\u00bb button_text=\u00a0\u00bbD\u00e9couvrez le domaine et les offres du Souillac Golf &#038; Country Club\u00a0\u00bb button_alignment=\u00a0\u00bbcenter\u00a0\u00bb _builder_version=\u00a0\u00bb4.27.4&Prime; _module_preset=\u00a0\u00bbdefault\u00a0\u00bb global_colors_info=\u00a0\u00bb{}\u00a0\u00bb][\/et_pb_button][\/et_pb_column][\/et_pb_row][\/et_pb_section]<\/p>\n","protected":false},"excerpt":{"rendered":"<p>Souillac Golf &amp; Country ClubSouillac Golf &amp; Country Club : Une Escale Nature et Sportive Nous tenons \u00e0 exprimer notre vive gratitude au Souillac Golf &amp; Country Club pour son pr\u00e9cieux soutien. Situ\u00e9 aux portes de la vall\u00e9e de la Dordogne, ce domaine est bien plus qu&rsquo;un simple complexe sportif ; c&rsquo;est une destination qui [&hellip;]<\/p>\n","protected":false},"author":2,"featured_media":0,"parent":0,"menu_order":0,"comment_status":"closed","ping_status":"closed","template":"","meta":{"_et_pb_use_builder":"on","_et_pb_old_content":"","_et_gb_content_width":"","footnotes":""},"class_list":["post-1260","page","type-page","status-publish","hentry"],"_links":{"self":[{"href":"https:\/\/lescigognesaugolf.fr\/index.php?rest_route=\/wp\/v2\/pages\/1260","targetHints":{"allow":["GET"]}}],"collection":[{"href":"https:\/\/lescigognesaugolf.fr\/index.php?rest_route=\/wp\/v2\/pages"}],"about":[{"href":"https:\/\/lescigognesaugolf.fr\/index.php?rest_route=\/wp\/v2\/types\/page"}],"author":[{"embeddable":true,"href":"https:\/\/lescigognesaugolf.fr\/index.php?rest_route=\/wp\/v2\/users\/2"}],"replies":[{"embeddable":true,"href":"https:\/\/lescigognesaugolf.fr\/index.php?rest_route=%2Fwp%2Fv2%2Fcomments&post=1260"}],"version-history":[{"count":5,"href":"https:\/\/lescigognesaugolf.fr\/index.php?rest_route=\/wp\/v2\/pages\/1260\/revisions"}],"predecessor-version":[{"id":1286,"href":"https:\/\/lescigognesaugolf.fr\/index.php?rest_route=\/wp\/v2\/pages\/1260\/revisions\/1286"}],"wp:attachment":[{"href":"https:\/\/lescigognesaugolf.fr\/index.php?rest_route=%2Fwp%2Fv2%2Fmedia&parent=1260"}],"curies":[{"name":"wp","href":"https:\/\/api.w.org\/{rel}","templated":true}]}}