{"id":1098,"date":"2025-10-08T10:13:12","date_gmt":"2025-10-08T08:13:12","guid":{"rendered":"https:\/\/lescigognesaugolf.fr\/?page_id=1098"},"modified":"2025-10-08T10:17:12","modified_gmt":"2025-10-08T08:17:12","slug":"sortie-salies-de-bearn-2026","status":"publish","type":"page","link":"https:\/\/lescigognesaugolf.fr\/?page_id=1098","title":{"rendered":"Sortie Salies de B\u00e9arn 2026"},"content":{"rendered":"<p>[et_pb_section fb_built=\u00a0\u00bb1&Prime; _builder_version=\u00a0\u00bb4.27.4&Prime; _module_preset=\u00a0\u00bbdefault\u00a0\u00bb background_color=\u00a0\u00bb#3b6284&Prime; global_colors_info=\u00a0\u00bb{}\u00a0\u00bb][et_pb_row column_structure=\u00a0\u00bb1_4,1_2,1_4&Prime; _builder_version=\u00a0\u00bb4.27.4&Prime; _module_preset=\u00a0\u00bbdefault\u00a0\u00bb custom_padding=\u00a0\u00bb||0px|||\u00a0\u00bb global_colors_info=\u00a0\u00bb{}\u00a0\u00bb][et_pb_column type=\u00a0\u00bb1_4&Prime; _builder_version=\u00a0\u00bb4.27.4&Prime; _module_preset=\u00a0\u00bbdefault\u00a0\u00bb global_colors_info=\u00a0\u00bb{}\u00a0\u00bb][et_pb_image src=\u00a0\u00bbhttps:\/\/lescigognesaugolf.fr\/wp-content\/uploads\/2025\/08\/4329_Golf_Salies_65.jpg\u00a0\u00bb title_text=\u00a0\u00bb4329_Golf_Salies_65&Prime; _builder_version=\u00a0\u00bb4.27.4&Prime; _module_preset=\u00a0\u00bbdefault\u00a0\u00bb width=\u00a0\u00bb100%\u00a0\u00bb module_alignment=\u00a0\u00bbcenter\u00a0\u00bb custom_margin=\u00a0\u00bb||||false|false\u00a0\u00bb border_radii=\u00a0\u00bbon|30px|30px|30px|30px\u00a0\u00bb border_width_all=\u00a0\u00bb2px\u00a0\u00bb border_color_all=\u00a0\u00bb#FFFFFF\u00a0\u00bb global_colors_info=\u00a0\u00bb{}\u00a0\u00bb][\/et_pb_image][\/et_pb_column][et_pb_column type=\u00a0\u00bb1_2&Prime; _builder_version=\u00a0\u00bb4.27.4&Prime; _module_preset=\u00a0\u00bbdefault\u00a0\u00bb global_colors_info=\u00a0\u00bb{}\u00a0\u00bb][et_pb_text _builder_version=\u00a0\u00bb4.27.4&Prime; _module_preset=\u00a0\u00bbdefault\u00a0\u00bb background_color=\u00a0\u00bb#FFFFFF\u00a0\u00bb custom_padding=\u00a0\u00bb7px||||false|false\u00a0\u00bb border_radii=\u00a0\u00bbon|30px|30px|30px|30px\u00a0\u00bb border_width_all=\u00a0\u00bb2px\u00a0\u00bb border_color_all=\u00a0\u00bb#E02B20&Prime; global_colors_info=\u00a0\u00bb{}\u00a0\u00bb]<\/p>\n<h3 style=\"text-align: center;\">\u00a0Sortie des \u00ab\u00a0Cigognes au Golf\u00a0\u00bb<br \/><span style=\"color: #e02b20;\">Mont de Marsan<br \/><\/span><\/h3>\n<h3 style=\"text-align: center;\"><span style=\"color: #e02b20;\">Salies de B\u00e9arn<\/span><br \/><span style=\"color: #3b6284;\">du 15 au 16 avril 2026<\/span><br \/><span style=\"color: #3b6284;\"><\/span><\/h3>\n<p><span style=\"color: #3b6284;\"><\/span><\/p>\n<p>[\/et_pb_text][\/et_pb_column][et_pb_column type=\u00a0\u00bb1_4&Prime; _builder_version=\u00a0\u00bb4.27.4&Prime; _module_preset=\u00a0\u00bbdefault\u00a0\u00bb global_colors_info=\u00a0\u00bb{}\u00a0\u00bb][et_pb_image src=\u00a0\u00bbhttps:\/\/lescigognesaugolf.fr\/wp-content\/uploads\/2025\/07\/cropped-logo_bis.png\u00a0\u00bb title_text=\u00a0\u00bbcropped-logo_bis.png\u00a0\u00bb _builder_version=\u00a0\u00bb4.27.4&Prime; _module_preset=\u00a0\u00bbdefault\u00a0\u00bb width=\u00a0\u00bb58%\u00a0\u00bb border_radii=\u00a0\u00bbon|30px|30px|30px|30px\u00a0\u00bb global_colors_info=\u00a0\u00bb{}\u00a0\u00bb][\/et_pb_image][\/et_pb_column][\/et_pb_row][et_pb_row column_structure=\u00a0\u00bb1_5,3_5,1_5&Prime; _builder_version=\u00a0\u00bb4.27.4&Prime; _module_preset=\u00a0\u00bbdefault\u00a0\u00bb custom_margin=\u00a0\u00bb-3px|auto||auto||\u00a0\u00bb custom_padding=\u00a0\u00bb15px|||||\u00a0\u00bb global_colors_info=\u00a0\u00bb{}\u00a0\u00bb][et_pb_column type=\u00a0\u00bb1_5&Prime; _builder_version=\u00a0\u00bb4.27.4&Prime; _module_preset=\u00a0\u00bbdefault\u00a0\u00bb global_colors_info=\u00a0\u00bb{}\u00a0\u00bb][\/et_pb_column][et_pb_column type=\u00a0\u00bb3_5&Prime; _builder_version=\u00a0\u00bb4.27.4&Prime; _module_preset=\u00a0\u00bbdefault\u00a0\u00bb global_colors_info=\u00a0\u00bb{}\u00a0\u00bb][et_pb_countdown_timer title=\u00a0\u00bbRendez vous pour cette sortie dans:\u00a0\u00bb date_time=\u00a0\u00bb2026-08-15 08:30&Prime; _builder_version=\u00a0\u00bb4.27.4&Prime; _module_preset=\u00a0\u00bbdefault\u00a0\u00bb header_text_color=\u00a0\u00bb#3b6284&Prime; background_color=\u00a0\u00bb#e0d7d5&Prime; custom_padding=\u00a0\u00bb11px||13px|||\u00a0\u00bb border_radii=\u00a0\u00bbon|30px|30px|30px|30px\u00a0\u00bb border_width_all=\u00a0\u00bb2px\u00a0\u00bb border_color_all=\u00a0\u00bb#E02B20&Prime; global_colors_info=\u00a0\u00bb{}\u00a0\u00bb][\/et_pb_countdown_timer][\/et_pb_column][et_pb_column type=\u00a0\u00bb1_5&Prime; _builder_version=\u00a0\u00bb4.27.4&Prime; _module_preset=\u00a0\u00bbdefault\u00a0\u00bb global_colors_info=\u00a0\u00bb{}\u00a0\u00bb][\/et_pb_column][\/et_pb_row][et_pb_row _builder_version=\u00a0\u00bb4.27.4&Prime; _module_preset=\u00a0\u00bbdefault\u00a0\u00bb background_color=\u00a0\u00bb#FFFFFF\u00a0\u00bb border_radii=\u00a0\u00bbon|30px|30px|30px|30px\u00a0\u00bb border_width_all=\u00a0\u00bb2px\u00a0\u00bb border_color_all=\u00a0\u00bb#E02B20&Prime; global_colors_info=\u00a0\u00bb{}\u00a0\u00bb][et_pb_column type=\u00a0\u00bb4_4&Prime; _builder_version=\u00a0\u00bb4.27.4&Prime; _module_preset=\u00a0\u00bbdefault\u00a0\u00bb global_colors_info=\u00a0\u00bb{}\u00a0\u00bb][et_pb_text _builder_version=\u00a0\u00bb4.27.4&Prime; _module_preset=\u00a0\u00bbdefault\u00a0\u00bb custom_margin=\u00a0\u00bb||-25px|||\u00a0\u00bb global_colors_info=\u00a0\u00bb{}\u00a0\u00bb]<\/p>\n<h3 style=\"text-align: center;\">Sortie des \u00ab\u00a0Cigognes <span style=\"background-color: #ffffff; font-size: 36px;\">au Golf\u00a0\u00bb<\/span><span style=\"font-size: 36px;\">:<\/span><\/h3>\n<p style=\"text-align: center;\">Chers adh\u00e9rents,<\/p>\n<p style=\"text-align: center;\">Pr\u00e9parez vos clubs ! Nous avons h\u00e2te de vous retrouver pour la <b>Sortie des Cigognes au Golf<\/b>, un \u00e9v\u00e9nement exceptionnel qui allie notre passion pour le golf et l&rsquo;envie de d\u00e9couvrir de nouveaux parcours, le tout dans une ambiance conviviale et pleine de bonne humeur<\/p>\n<h3 style=\"text-align: center;\"><\/h3>\n<p>[\/et_pb_text][\/et_pb_column][\/et_pb_row][et_pb_row column_structure=\u00a0\u00bb1_3,2_3&Prime; _builder_version=\u00a0\u00bb4.27.4&Prime; _module_preset=\u00a0\u00bbdefault\u00a0\u00bb background_color=\u00a0\u00bb#FFFFFF\u00a0\u00bb min_height=\u00a0\u00bb300.8px\u00a0\u00bb custom_margin=\u00a0\u00bb26px|auto|25px|auto||\u00a0\u00bb custom_padding=\u00a0\u00bb|20px||20px|false|true\u00a0\u00bb border_radii=\u00a0\u00bbon|30px|30px|30px|30px\u00a0\u00bb border_width_all=\u00a0\u00bb2px\u00a0\u00bb border_color_all=\u00a0\u00bb#E02B20&Prime; global_colors_info=\u00a0\u00bb{}\u00a0\u00bb][et_pb_column type=\u00a0\u00bb1_3&Prime; _builder_version=\u00a0\u00bb4.27.4&Prime; _module_preset=\u00a0\u00bbdefault\u00a0\u00bb global_colors_info=\u00a0\u00bb{}\u00a0\u00bb][et_pb_image src=\u00a0\u00bbhttps:\/\/lescigognesaugolf.fr\/wp-content\/uploads\/2025\/10\/mont-de-marsan.jpg\u00a0\u00bb title_text=\u00a0\u00bbmont de marsan\u00a0\u00bb _builder_version=\u00a0\u00bb4.27.4&Prime; _module_preset=\u00a0\u00bbdefault\u00a0\u00bb border_radii=\u00a0\u00bbon|30px|30px|30px|30px\u00a0\u00bb global_colors_info=\u00a0\u00bb{}\u00a0\u00bb][\/et_pb_image][et_pb_image src=\u00a0\u00bbhttps:\/\/lescigognesaugolf.fr\/wp-content\/uploads\/2025\/08\/Golf-Helios-de-Salies-de-Bearn-Hotel.jpg\u00a0\u00bb title_text=\u00a0\u00bbGolf-H\u00e9lios-de-Salies-de-B\u00e9arn-H\u00f4tel\u00a0\u00bb _builder_version=\u00a0\u00bb4.27.4&Prime; _module_preset=\u00a0\u00bbdefault\u00a0\u00bb border_radii=\u00a0\u00bbon|30px|30px|30px|30px\u00a0\u00bb global_colors_info=\u00a0\u00bb{}\u00a0\u00bb][\/et_pb_image][\/et_pb_column][et_pb_column type=\u00a0\u00bb2_3&Prime; _builder_version=\u00a0\u00bb4.27.4&Prime; _module_preset=\u00a0\u00bbdefault\u00a0\u00bb global_colors_info=\u00a0\u00bb{}\u00a0\u00bb][et_pb_text _builder_version=\u00a0\u00bb4.27.4&Prime; _module_preset=\u00a0\u00bbdefault\u00a0\u00bb global_colors_info=\u00a0\u00bb{}\u00a0\u00bb]<\/p>\n<h4>Week-end Golfique &lsquo;Landes &amp; B\u00e9arn&rsquo; : Du Pin \u00e0 la Cit\u00e9 du Sel (15 &amp; 16 Ao\u00fbt 2026)<\/h4>\n<p>Pr\u00e9parez-vous pour une escapade golfique inoubliable sur deux jours !<\/p>\n<p>Le <b>samedi 15 ao\u00fbt 2026<\/b>, nous vous donnons rendez-vous au <b>Golf de Mont-de-Marsan<\/b>. Ce parcours de <b>18 trous<\/b> technique et vari\u00e9, dessin\u00e9 par Jean Gara\u00efalde, est nich\u00e9 dans la magnifique for\u00eat landaise, agr\u00e9ment\u00e9 de pins maritimes, de ch\u00eanes et de pi\u00e8ces d\u2019eau.<\/p>\n<p>Apr\u00e8s cette premi\u00e8re journ\u00e9e de jeu, profitez d&rsquo;une nuit\u00e9e au <b>Golf Club H\u00e9lios de Salies-de-B\u00e9arn<\/b>. Ce golf vous accueille dans un cadre verdoyant et calme, \u00e0 proximit\u00e9 du centre de la cit\u00e9 thermale.<\/p>\n<p>Le <b>dimanche 16 ao\u00fbt 2026<\/b>, une comp\u00e9tition amicale vous attend sur le parcours du Golf Club H\u00e9lios, un <b>9 trous (PAR 33) technique<\/b> et arbor\u00e9. C&rsquo;est l&rsquo;occasion parfaite de vous d\u00e9tendre, de peaufiner votre swing et de partager des moments de convivialit\u00e9 dans l&rsquo;esprit solidaire qui nous anime, au c\u0153ur du B\u00e9arn !<\/p>\n<p>[\/et_pb_text][\/et_pb_column][\/et_pb_row][et_pb_row _builder_version=\u00a0\u00bb4.27.4&Prime; _module_preset=\u00a0\u00bbdefault\u00a0\u00bb background_color=\u00a0\u00bb#FFFFFF\u00a0\u00bb custom_margin=\u00a0\u00bb16px|auto||auto|false|false\u00a0\u00bb custom_padding=\u00a0\u00bb5px||3px|||\u00a0\u00bb border_radii=\u00a0\u00bboff|30px|30px||\u00a0\u00bb border_width_all=\u00a0\u00bb2px\u00a0\u00bb border_color_all=\u00a0\u00bb#E02B20&Prime; global_colors_info=\u00a0\u00bb{}\u00a0\u00bb][et_pb_column type=\u00a0\u00bb4_4&Prime; _builder_version=\u00a0\u00bb4.27.4&Prime; _module_preset=\u00a0\u00bbdefault\u00a0\u00bb global_colors_info=\u00a0\u00bb{}\u00a0\u00bb][et_pb_text _builder_version=\u00a0\u00bb4.27.4&Prime; _module_preset=\u00a0\u00bbdefault\u00a0\u00bb global_colors_info=\u00a0\u00bb{}\u00a0\u00bb]<\/p>\n<h3 style=\"text-align: center;\">Les informations cl\u00e9s \u00e0 retenir :<\/h3>\n<p>[\/et_pb_text][\/et_pb_column][\/et_pb_row][et_pb_row column_structure=\u00a0\u00bb1_4,3_4&Prime; _builder_version=\u00a0\u00bb4.27.4&Prime; _module_preset=\u00a0\u00bbdefault\u00a0\u00bb background_color=\u00a0\u00bb#FFFFFF\u00a0\u00bb custom_margin=\u00a0\u00bb-1px|auto||auto|false|false\u00a0\u00bb custom_padding=\u00a0\u00bb5px||3px|||\u00a0\u00bb border_radii=\u00a0\u00bboff||||\u00a0\u00bb border_width_all=\u00a0\u00bb2px\u00a0\u00bb border_color_all=\u00a0\u00bb#E02B20&Prime; global_colors_info=\u00a0\u00bb{}\u00a0\u00bb][et_pb_column type=\u00a0\u00bb1_4&Prime; _builder_version=\u00a0\u00bb4.27.4&Prime; _module_preset=\u00a0\u00bbdefault\u00a0\u00bb global_colors_info=\u00a0\u00bb{}\u00a0\u00bb][et_pb_image src=\u00a0\u00bbhttps:\/\/lescigognesaugolf.fr\/wp-content\/uploads\/2025\/08\/calendrier.jpg\u00a0\u00bb title_text=\u00a0\u00bbcalendrier\u00a0\u00bb _builder_version=\u00a0\u00bb4.27.4&Prime; _module_preset=\u00a0\u00bbdefault\u00a0\u00bb width=\u00a0\u00bb37%\u00a0\u00bb module_alignment=\u00a0\u00bbcenter\u00a0\u00bb border_color_all=\u00a0\u00bb#E02B20&Prime; global_colors_info=\u00a0\u00bb{}\u00a0\u00bb][\/et_pb_image][\/et_pb_column][et_pb_column type=\u00a0\u00bb3_4&Prime; _builder_version=\u00a0\u00bb4.27.4&Prime; _module_preset=\u00a0\u00bbdefault\u00a0\u00bb global_colors_info=\u00a0\u00bb{}\u00a0\u00bb][et_pb_text _builder_version=\u00a0\u00bb4.27.4&Prime; _module_preset=\u00a0\u00bbdefault\u00a0\u00bb global_colors_info=\u00a0\u00bb{}\u00a0\u00bb]<\/p>\n<p><b>Quand ?<br \/><\/b>Pour le <strong>week end du 15 ao\u00fbt<\/strong><b><br \/><\/b>Rendez-vous le <b>samedi 15 ao\u00fbt 2026<\/b> pour 2 jours de golf de convivialit\u00e9 et de comp\u00e9tition.<\/p>\n<p>[\/et_pb_text][\/et_pb_column][\/et_pb_row][et_pb_row column_structure=\u00a0\u00bb1_4,3_4&Prime; _builder_version=\u00a0\u00bb4.27.4&Prime; _module_preset=\u00a0\u00bbdefault\u00a0\u00bb background_color=\u00a0\u00bb#FFFFFF\u00a0\u00bb custom_padding=\u00a0\u00bb6px||5px|||\u00a0\u00bb border_width_all=\u00a0\u00bb2px\u00a0\u00bb border_color_all=\u00a0\u00bb#E02B20&Prime; global_colors_info=\u00a0\u00bb{}\u00a0\u00bb][et_pb_column type=\u00a0\u00bb1_4&Prime; _builder_version=\u00a0\u00bb4.27.4&Prime; _module_preset=\u00a0\u00bbdefault\u00a0\u00bb global_colors_info=\u00a0\u00bb{}\u00a0\u00bb][et_pb_image src=\u00a0\u00bbhttps:\/\/lescigognesaugolf.fr\/wp-content\/uploads\/2025\/08\/depositphotos_78780328-stock-illustration-geo-targeting-icon-from-business.webp\u00a0\u00bb title_text=\u00a0\u00bbdepositphotos_78780328-stock-illustration-geo-targeting-icon-from-business\u00a0\u00bb _builder_version=\u00a0\u00bb4.27.4&Prime; _module_preset=\u00a0\u00bbdefault\u00a0\u00bb background_color=\u00a0\u00bb#FFFFFF\u00a0\u00bb width=\u00a0\u00bb37%\u00a0\u00bb module_alignment=\u00a0\u00bbcenter\u00a0\u00bb border_color_all=\u00a0\u00bb#E02B20&Prime; global_colors_info=\u00a0\u00bb{}\u00a0\u00bb][\/et_pb_image][\/et_pb_column][et_pb_column type=\u00a0\u00bb3_4&Prime; _builder_version=\u00a0\u00bb4.27.4&Prime; _module_preset=\u00a0\u00bbdefault\u00a0\u00bb global_colors_info=\u00a0\u00bb{}\u00a0\u00bb][et_pb_text _builder_version=\u00a0\u00bb4.27.4&Prime; _module_preset=\u00a0\u00bbdefault\u00a0\u00bb global_colors_info=\u00a0\u00bb{}\u00a0\u00bb]<\/p>\n<p><b>O\u00f9 ?<br \/><\/b>La sortie se d\u00e9roulera le samedi 15 ao\u00fbt sur le <strong>golf de Mont de Marsan<\/strong>, situ\u00e9:<br \/><span style=\"color: rgba(0, 0, 0, 0.7);\"><a href=\"https:\/\/www.google.com\/maps\/place\/\/data=!4m2!3m1!1s0xd55dad2af826c39:0x36ff2c1b87f4e3ff?sa=X&amp;ved=1t:8290&amp;ictx=111\" data-url=\"\/maps\/place\/\/data=!4m2!3m1!1s0xd55dad2af826c39:0x36ff2c1b87f4e3ff?sa=X&amp;ved=2ahUKEwjx3LHnjZSQAxXvU6QEHZ0XDLgQ4kB6BAgDEAA\" ping=\"\/url?sa=t&amp;source=web&amp;rct=j&amp;opi=89978449&amp;url=\/maps\/place\/\/data%3D!4m2!3m1!1s0xd55dad2af826c39:0x36ff2c1b87f4e3ff%3Fsa%3DX%26ved%3D1t:8290%26ictx%3D111&amp;ved=2ahUKEwjx3LHnjZSQAxXvU6QEHZ0XDLgQ4kB6BAg0EAM\" style=\"color: rgba(0, 0, 0, 0.7);\" tabindex=\"0\">1419 Rte de Pessourdat<br \/>40090 Saint-Avit<\/a><\/span><\/p>\n<p>La nuit\u00e9e et la journ\u00e9e du 16 ao\u00fbt se d\u00e9roulera dans le cadre magnifique du <b>Golf Club Helios \u00e0 Salies de B\u00e9arn<\/b>:<\/p>\n<div class=\"footer-address__locality\"><span style=\"font-size: 16px;\"><span class=\"xr_tc xr_s2\">4 chemin de Labarthe<br \/><\/span><span class=\"xr_tc xr_s2\">64270 Salies de B\u00e9arn<\/span> <\/span><\/div>\n<p>[\/et_pb_text][\/et_pb_column][\/et_pb_row][et_pb_row column_structure=\u00a0\u00bb1_4,3_4&Prime; _builder_version=\u00a0\u00bb4.27.4&Prime; _module_preset=\u00a0\u00bbdefault\u00a0\u00bb background_color=\u00a0\u00bb#FFFFFF\u00a0\u00bb custom_padding=\u00a0\u00bb6px||5px|||\u00a0\u00bb border_width_all=\u00a0\u00bb2px\u00a0\u00bb border_color_all=\u00a0\u00bb#E02B20&Prime; global_colors_info=\u00a0\u00bb{}\u00a0\u00bb][et_pb_column type=\u00a0\u00bb1_4&Prime; _builder_version=\u00a0\u00bb4.27.4&Prime; _module_preset=\u00a0\u00bbdefault\u00a0\u00bb global_colors_info=\u00a0\u00bb{}\u00a0\u00bb][et_pb_image src=\u00a0\u00bbhttps:\/\/lescigognesaugolf.fr\/wp-content\/uploads\/2025\/08\/Gemini_Generated_Image_d5jy29d5jy29d5jy.png\u00a0\u00bb title_text=\u00a0\u00bbGemini_Generated_Image_d5jy29d5jy29d5jy\u00a0\u00bb _builder_version=\u00a0\u00bb4.27.4&Prime; _module_preset=\u00a0\u00bbdefault\u00a0\u00bb background_color=\u00a0\u00bb#FFFFFF\u00a0\u00bb width=\u00a0\u00bb71%\u00a0\u00bb module_alignment=\u00a0\u00bbcenter\u00a0\u00bb border_radii=\u00a0\u00bbon|20px|20px|20px|20px\u00a0\u00bb border_color_all=\u00a0\u00bb#E02B20&Prime; global_colors_info=\u00a0\u00bb{}\u00a0\u00bb][\/et_pb_image][\/et_pb_column][et_pb_column type=\u00a0\u00bb3_4&Prime; _builder_version=\u00a0\u00bb4.27.4&Prime; _module_preset=\u00a0\u00bbdefault\u00a0\u00bb global_colors_info=\u00a0\u00bb{}\u00a0\u00bb][et_pb_text _builder_version=\u00a0\u00bb4.27.4&Prime; _module_preset=\u00a0\u00bbdefault\u00a0\u00bb global_colors_info=\u00a0\u00bb{}\u00a0\u00bb]<\/p>\n<p><b>\u00a0D\u00e9roul\u00e9 de la sortie :<\/b><\/p>\n<ul>\n<li>\n<p>Rendez vous au golf samedi 15 ao\u00fbt 2026 \u00e0 10h00 pour une premi\u00e8re partie le golf de Mont de Marsan entre adh\u00e9rents<\/p>\n<\/li>\n<li>\n<p>D\u00eener dans un restaurant dans le centre de Salies de B\u00e9arn<\/p>\n<\/li>\n<li>h\u00e9bergement \u00e0 l&rsquo;h\u00f4tel du golf de Salies de B\u00e9arn (places limit\u00e9es)\u00a0<span style=\"font-size: 16px;\"><\/span><\/li>\n<li>dimanche 16 aout : comp\u00e9tition avec les membres du Golf de Salies<\/li>\n<li>D\u00e9jeun\u00e9 au Golf de Salies de B\u00e9arn<\/li>\n<li>Remise des prix<\/li>\n<\/ul>\n<p>[\/et_pb_text][\/et_pb_column][\/et_pb_row][et_pb_row column_structure=\u00a0\u00bb1_4,3_4&Prime; _builder_version=\u00a0\u00bb4.27.4&Prime; _module_preset=\u00a0\u00bbdefault\u00a0\u00bb background_color=\u00a0\u00bb#FFFFFF\u00a0\u00bb custom_padding=\u00a0\u00bb6px||5px|||\u00a0\u00bb border_width_all=\u00a0\u00bb2px\u00a0\u00bb border_color_all=\u00a0\u00bb#E02B20&Prime; global_colors_info=\u00a0\u00bb{}\u00a0\u00bb][et_pb_column type=\u00a0\u00bb1_4&Prime; _builder_version=\u00a0\u00bb4.27.4&Prime; _module_preset=\u00a0\u00bbdefault\u00a0\u00bb global_colors_info=\u00a0\u00bb{}\u00a0\u00bb][et_pb_image src=\u00a0\u00bbhttps:\/\/lescigognesaugolf.fr\/wp-content\/uploads\/2025\/08\/emoticon.jpg\u00a0\u00bb title_text=\u00a0\u00bbemoticon\u00a0\u00bb _builder_version=\u00a0\u00bb4.27.4&Prime; _module_preset=\u00a0\u00bbdefault\u00a0\u00bb width=\u00a0\u00bb61%\u00a0\u00bb module_alignment=\u00a0\u00bbcenter\u00a0\u00bb global_colors_info=\u00a0\u00bb{}\u00a0\u00bb][\/et_pb_image][\/et_pb_column][et_pb_column type=\u00a0\u00bb3_4&Prime; _builder_version=\u00a0\u00bb4.27.4&Prime; _module_preset=\u00a0\u00bbdefault\u00a0\u00bb global_colors_info=\u00a0\u00bb{}\u00a0\u00bb][et_pb_text _builder_version=\u00a0\u00bb4.27.4&Prime; _module_preset=\u00a0\u00bbdefault\u00a0\u00bb global_colors_info=\u00a0\u00bb{}\u00a0\u00bb]<\/p>\n<p><b>Pour qui ?<br \/><\/b>La sortie est ouverte \u00e0<\/p>\n<ul>\n<li>les <strong>adh\u00e9rents des \u00ab\u00a0Cigognes au Golf\u00a0\u00bb <\/strong><\/li>\n<li>les <strong>membres du Golf de Salies <\/strong>pour la comp\u00e9tition du 16 ao\u00fbt.<\/li>\n<\/ul>\n<p>[\/et_pb_text][\/et_pb_column][\/et_pb_row][et_pb_row column_structure=\u00a0\u00bb1_4,3_4&Prime; _builder_version=\u00a0\u00bb4.27.4&Prime; _module_preset=\u00a0\u00bbdefault\u00a0\u00bb background_color=\u00a0\u00bb#FFFFFF\u00a0\u00bb custom_padding=\u00a0\u00bb6px||5px|||\u00a0\u00bb border_width_all=\u00a0\u00bb2px\u00a0\u00bb border_color_all=\u00a0\u00bb#E02B20&Prime; global_colors_info=\u00a0\u00bb{}\u00a0\u00bb][et_pb_column type=\u00a0\u00bb1_4&Prime; _builder_version=\u00a0\u00bb4.27.4&Prime; _module_preset=\u00a0\u00bbdefault\u00a0\u00bb global_colors_info=\u00a0\u00bb{}\u00a0\u00bb][et_pb_image src=\u00a0\u00bbhttps:\/\/lescigognesaugolf.fr\/wp-content\/uploads\/2025\/08\/formule.jpg\u00a0\u00bb title_text=\u00a0\u00bbformule\u00a0\u00bb _builder_version=\u00a0\u00bb4.27.4&Prime; _module_preset=\u00a0\u00bbdefault\u00a0\u00bb width=\u00a0\u00bb52%\u00a0\u00bb module_alignment=\u00a0\u00bbcenter\u00a0\u00bb global_colors_info=\u00a0\u00bb{}\u00a0\u00bb][\/et_pb_image][\/et_pb_column][et_pb_column type=\u00a0\u00bb3_4&Prime; _builder_version=\u00a0\u00bb4.27.4&Prime; _module_preset=\u00a0\u00bbdefault\u00a0\u00bb global_colors_info=\u00a0\u00bb{}\u00a0\u00bb][et_pb_text _builder_version=\u00a0\u00bb4.27.4&Prime; _module_preset=\u00a0\u00bbdefault\u00a0\u00bb custom_padding=\u00a0\u00bb||0px|||\u00a0\u00bb global_colors_info=\u00a0\u00bb{}\u00a0\u00bb]<\/p>\n<p><b>Quelle formule de jeu\u00a0 pour la comp\u00e9tition?<br \/><\/b>Nous jouerons en <b>Scramble<\/b>.<br \/>Pour ceux qui ne connaissent pas, c&rsquo;est une formule conviviale o\u00f9 deux joueurs forment une \u00e9quipe. Ils jouent chacun leur balle, puis l&rsquo;\u00e9quipe choisit la meilleure des deux pour continuer le trou. Un vrai travail d&rsquo;\u00e9quipe\u00a0<\/p>\n<p>[\/et_pb_text][\/et_pb_column][\/et_pb_row][et_pb_row column_structure=\u00a0\u00bb1_4,3_4&Prime; _builder_version=\u00a0\u00bb4.27.4&Prime; _module_preset=\u00a0\u00bbdefault\u00a0\u00bb background_color=\u00a0\u00bb#FFFFFF\u00a0\u00bb custom_padding=\u00a0\u00bb6px||5px|||\u00a0\u00bb border_width_all=\u00a0\u00bb2px\u00a0\u00bb border_color_all=\u00a0\u00bb#E02B20&Prime; global_colors_info=\u00a0\u00bb{}\u00a0\u00bb][et_pb_column type=\u00a0\u00bb1_4&Prime; _builder_version=\u00a0\u00bb4.27.4&Prime; _module_preset=\u00a0\u00bbdefault\u00a0\u00bb global_colors_info=\u00a0\u00bb{}\u00a0\u00bb][et_pb_image src=\u00a0\u00bbhttps:\/\/lescigognesaugolf.fr\/wp-content\/uploads\/2025\/08\/prix.jpg\u00a0\u00bb title_text=\u00a0\u00bbprix\u00a0\u00bb _builder_version=\u00a0\u00bb4.27.4&Prime; _module_preset=\u00a0\u00bbdefault\u00a0\u00bb width=\u00a0\u00bb48%\u00a0\u00bb module_alignment=\u00a0\u00bbcenter\u00a0\u00bb global_colors_info=\u00a0\u00bb{}\u00a0\u00bb][\/et_pb_image][\/et_pb_column][et_pb_column type=\u00a0\u00bb3_4&Prime; _builder_version=\u00a0\u00bb4.27.4&Prime; _module_preset=\u00a0\u00bbdefault\u00a0\u00bb global_colors_info=\u00a0\u00bb{}\u00a0\u00bb][et_pb_text _builder_version=\u00a0\u00bb4.27.4&Prime; _module_preset=\u00a0\u00bbdefault\u00a0\u00bb global_colors_info=\u00a0\u00bb{}\u00a0\u00bb]<\/p>\n<p><b>Combien \u00e7a co\u00fbte ?<\/b><\/p>\n<ul>\n<li><strong>Green fee<\/strong> de Mont de Marsan : \u20ac<br \/><strong><\/strong><\/li>\n<li>Repas du 15 ao\u00fbt au soir non compris: pr\u00e9voir le co\u00fbt d&rsquo;un restaurent<\/li>\n<li><strong>Pack Salies de B\u00e9arn : <\/strong>189 \u20ac comprenant:<strong><br \/>H\u00e9bergement: <\/strong>1 chambre pour 2 personnes sur le golf de Salies de B\u00e9arn (places limit\u00e9es: l&rsquo;h\u00f4tel poss\u00e8de 7 chambres)<br \/><b>Green fee<\/b> : pour deux personnes pour la journ\u00e9e du 16 ao\u00fbt<br \/><strong>Petit d\u00e9jeun\u00e9<\/strong> pour 2 personnes<br \/><strong>D\u00e9jeun\u00e9<\/strong> pour 2 personnes<\/li>\n<li><b>Droit de jeu<\/b> : 18 \u20ac (ou <b>15 \u20ac<\/b> si vous \u00eates adh\u00e9rent des \u00ab\u00a0Cigognes au Golf\u00a0\u00bb)<\/li>\n<\/ul>\n<p>[\/et_pb_text][\/et_pb_column][\/et_pb_row][et_pb_row column_structure=\u00a0\u00bb1_4,3_4&Prime; _builder_version=\u00a0\u00bb4.27.4&Prime; _module_preset=\u00a0\u00bbdefault\u00a0\u00bb background_color=\u00a0\u00bb#FFFFFF\u00a0\u00bb custom_padding=\u00a0\u00bb6px||5px|||\u00a0\u00bb border_radii=\u00a0\u00bboff|||30px|30px\u00a0\u00bb border_width_all=\u00a0\u00bb2px\u00a0\u00bb border_color_all=\u00a0\u00bb#E02B20&Prime; global_colors_info=\u00a0\u00bb{}\u00a0\u00bb][et_pb_column type=\u00a0\u00bb1_4&Prime; _builder_version=\u00a0\u00bb4.27.4&Prime; _module_preset=\u00a0\u00bbdefault\u00a0\u00bb global_colors_info=\u00a0\u00bb{}\u00a0\u00bb][et_pb_image src=\u00a0\u00bbhttps:\/\/lescigognesaugolf.fr\/wp-content\/uploads\/2025\/08\/images.jpg\u00a0\u00bb title_text=\u00a0\u00bbimages\u00a0\u00bb _builder_version=\u00a0\u00bb4.27.4&Prime; _module_preset=\u00a0\u00bbdefault\u00a0\u00bb width=\u00a0\u00bb38%\u00a0\u00bb module_alignment=\u00a0\u00bbcenter\u00a0\u00bb global_colors_info=\u00a0\u00bb{}\u00a0\u00bb][\/et_pb_image][\/et_pb_column][et_pb_column type=\u00a0\u00bb3_4&Prime; _builder_version=\u00a0\u00bb4.27.4&Prime; _module_preset=\u00a0\u00bbdefault\u00a0\u00bb global_colors_info=\u00a0\u00bb{}\u00a0\u00bb][et_pb_text _builder_version=\u00a0\u00bb4.27.4&Prime; _module_preset=\u00a0\u00bbdefault\u00a0\u00bb global_colors_info=\u00a0\u00bb{}\u00a0\u00bb]<\/p>\n<p><strong>Comment s&rsquo;inscrire ?<br \/><\/strong>C&rsquo;est simple ! Il vous suffit de nous contacter <b>par t\u00e9l\u00e9phone au 06 16 61 61 42<\/b> pour r\u00e9server votre place \u00e0 la sortie.<br \/>Nous avons h\u00e2te de vous retrouver sur le green !<\/p>\n<p>[\/et_pb_text][\/et_pb_column][\/et_pb_row][\/et_pb_section]<\/p>\n","protected":false},"excerpt":{"rendered":"<p>\u00a0Sortie des \u00ab\u00a0Cigognes au Golf\u00a0\u00bbMont de Marsan Salies de B\u00e9arndu 15 au 16 avril 2026 Sortie des \u00ab\u00a0Cigognes au Golf\u00a0\u00bb: Chers adh\u00e9rents, Pr\u00e9parez vos clubs ! Nous avons h\u00e2te de vous retrouver pour la Sortie des Cigognes au Golf, un \u00e9v\u00e9nement exceptionnel qui allie notre passion pour le golf et l&rsquo;envie de d\u00e9couvrir de nouveaux [&hellip;]<\/p>\n","protected":false},"author":2,"featured_media":0,"parent":0,"menu_order":0,"comment_status":"closed","ping_status":"closed","template":"","meta":{"_et_pb_use_builder":"on","_et_pb_old_content":"","_et_gb_content_width":"","footnotes":""},"class_list":["post-1098","page","type-page","status-publish","hentry"],"_links":{"self":[{"href":"https:\/\/lescigognesaugolf.fr\/index.php?rest_route=\/wp\/v2\/pages\/1098","targetHints":{"allow":["GET"]}}],"collection":[{"href":"https:\/\/lescigognesaugolf.fr\/index.php?rest_route=\/wp\/v2\/pages"}],"about":[{"href":"https:\/\/lescigognesaugolf.fr\/index.php?rest_route=\/wp\/v2\/types\/page"}],"author":[{"embeddable":true,"href":"https:\/\/lescigognesaugolf.fr\/index.php?rest_route=\/wp\/v2\/users\/2"}],"replies":[{"embeddable":true,"href":"https:\/\/lescigognesaugolf.fr\/index.php?rest_route=%2Fwp%2Fv2%2Fcomments&post=1098"}],"version-history":[{"count":6,"href":"https:\/\/lescigognesaugolf.fr\/index.php?rest_route=\/wp\/v2\/pages\/1098\/revisions"}],"predecessor-version":[{"id":1161,"href":"https:\/\/lescigognesaugolf.fr\/index.php?rest_route=\/wp\/v2\/pages\/1098\/revisions\/1161"}],"wp:attachment":[{"href":"https:\/\/lescigognesaugolf.fr\/index.php?rest_route=%2Fwp%2Fv2%2Fmedia&parent=1098"}],"curies":[{"name":"wp","href":"https:\/\/api.w.org\/{rel}","templated":true}]}}